{"id":6388,"date":"2021-10-29T18:02:32","date_gmt":"2021-10-29T16:02:32","guid":{"rendered":"https:\/\/www.axepta.be\/?page_id=6388"},"modified":"2026-01-08T15:03:47","modified_gmt":"2026-01-08T14:03:47","slug":"bank-holidays","status":"publish","type":"page","link":"https:\/\/www.axeptabnpparibas.lu\/fr\/bank-holidays\/","title":{"rendered":"Jours de fermeture bancaire"},"content":{"rendered":"\r\n<div id=\"header-classic-block_9b0e143974b566146f21e46fd4898d67\" class=\"block-header-classic   image--mobile-default\">\r\n\r\n    <div class=\"container\">    \r\n\r\n      <div class=\"block-header-classic-content\">\r\n                  <span class=\"title-category\">Dates ayant une incidence sur le paiement des transactions<\/span>\r\n          \r\n\r\n                  <h1 class=\"title\">Jours de fermeture bancaire<\/h1>\r\n                \r\n                  <div class=\"abstract\"><p>Ces dates d\u00e9calent g\u00e9n\u00e9ralement le paiement des transactions d\u2019au moins un jour ouvrable. Ces jours f\u00e9ri\u00e9s am\u00e9ricains s\u2019appliquent \u00e0 toutes les transactions en Europe.<\/p>\n<p><a class=\"btn btn-primary\" href=\"\/wp-content\/uploads\/sites\/2\/2025\/12\/Bank-Holidays-2026.pdf\" target=\"_blank\" rel=\"noopener\">Des jours de fermeture bancaire 2026<\/a><\/p>\n<\/div>\r\n        \r\n              <\/div>\r\n\r\n      <div class=\"block-header-classic-image\">\r\n                    <div class=\"image\">\r\n                <img loading=\"lazy\" decoding=\"async\" width=\"475\" height=\"316\" src=\"\/wp-content\/uploads\/sites\/2\/2023\/11\/iStock-695573446.1.0-475x316.jpg\" class=\"attachment-image-header-classic size-image-header-classic\" alt=\"\" srcset=\"\/wp-content\/uploads\/sites\/2\/2023\/11\/iStock-695573446.1.0-475x316.jpg 475w, \/wp-content\/uploads\/sites\/2\/2023\/11\/iStock-695573446.1.0-300x200.jpg 300w, \/wp-content\/uploads\/sites\/2\/2023\/11\/iStock-695573446.1.0-1024x683.jpg 1024w, \/wp-content\/uploads\/sites\/2\/2023\/11\/iStock-695573446.1.0-768x512.jpg 768w, \/wp-content\/uploads\/sites\/2\/2023\/11\/iStock-695573446.1.0-1536x1024.jpg 1536w, \/wp-content\/uploads\/sites\/2\/2023\/11\/iStock-695573446.1.0-2048x1365.jpg 2048w, \/wp-content\/uploads\/sites\/2\/2023\/11\/iStock-695573446.1.0-53x35.jpg 53w\" sizes=\"auto, (max-width: 475px) 100vw, 475px\" \/>            <\/div>\r\n              <\/div>\r\n      \r\n    <\/div>\r\n\r\n<\/div>\n\n\r\n<div id=\"text-cta-block_120e93ca928e029b20d172e3d0d98175\" class=\"block-text-cta   \">\r\n\r\n    <div class=\"container\">\r\n\r\n        <div class=\"block-text-cta-content\">        \r\n            \r\n                                <div class=\"abstract\"><p>Le r\u00e8glement 2015\/751 du Parlement europ\u00e9en et du Conseil relatif aux commissions d\u2019interchange r\u00e9glemente les commissions d\u2019interchange et les services applicables aux op\u00e9rations de paiement li\u00e9es \u00e0 une carte. Il porte sur la fixation d\u2019un montant maximal pour les commissions interbancaires applicables aux paiements par carte et la fourniture d\u2019informations sur les commissions d\u2019interchange.<\/p>\n<\/div>\r\n            \r\n                        \r\n        <\/div>\r\n\r\n    <\/div>\r\n\r\n<\/div>","protected":false},"excerpt":{"rendered":"","protected":false},"author":17,"featured_media":0,"parent":0,"menu_order":0,"comment_status":"closed","ping_status":"closed","template":"","meta":{"_acf_changed":false,"footnotes":""},"class_list":["post-6388","page","type-page","status-publish","hentry"],"acf":[],"yoast_head":"<!-- This site is optimized with the Yoast SEO plugin v27.1.1 - https:\/\/yoast.com\/product\/yoast-seo-wordpress\/ -->\n<title>Jours de fermeture bancaire - Axepta BNP Paribas Benelux<\/title>\n<meta name=\"robots\" content=\"index, follow, max-snippet:-1, max-image-preview:large, max-video-preview:-1\" \/>\n<link rel=\"canonical\" href=\"https:\/\/www.axeptabnpparibas.lu\/fr\/bank-holidays\/\" \/>\n<meta property=\"og:locale\" content=\"fr_FR\" \/>\n<meta property=\"og:type\" content=\"article\" \/>\n<meta property=\"og:title\" content=\"Jours de fermeture bancaire - Axepta BNP Paribas Benelux\" \/>\n<meta property=\"og:url\" content=\"https:\/\/www.axeptabnpparibas.lu\/fr\/bank-holidays\/\" \/>\n<meta property=\"og:site_name\" content=\"Axepta BNP Paribas Benelux\" \/>\n<meta property=\"article:modified_time\" content=\"2026-01-08T14:03:47+00:00\" \/>\n<meta name=\"twitter:card\" content=\"summary_large_image\" \/>\n<script type=\"application\/ld+json\" class=\"yoast-schema-graph\">{\"@context\":\"https:\/\/schema.org\",\"@graph\":[{\"@type\":\"WebPage\",\"@id\":\"https:\/\/www.axeptabnpparibas.lu\/fr\/bank-holidays\/\",\"url\":\"https:\/\/www.axeptabnpparibas.lu\/fr\/bank-holidays\/\",\"name\":\"Jours de fermeture bancaire - Axepta BNP Paribas Benelux\",\"isPartOf\":{\"@id\":\"https:\/\/www.axeptabnpparibas.lu\/#website\"},\"datePublished\":\"2021-10-29T16:02:32+00:00\",\"dateModified\":\"2026-01-08T14:03:47+00:00\",\"breadcrumb\":{\"@id\":\"https:\/\/www.axeptabnpparibas.lu\/fr\/bank-holidays\/#breadcrumb\"},\"inLanguage\":\"fr-FR\",\"potentialAction\":[{\"@type\":\"ReadAction\",\"target\":[\"https:\/\/www.axeptabnpparibas.lu\/fr\/bank-holidays\/\"]}]},{\"@type\":\"BreadcrumbList\",\"@id\":\"https:\/\/www.axeptabnpparibas.lu\/fr\/bank-holidays\/#breadcrumb\",\"itemListElement\":[{\"@type\":\"ListItem\",\"position\":1,\"name\":\"Home\",\"item\":\"https:\/\/www.axeptabnpparibas.lu\/fr\/\"},{\"@type\":\"ListItem\",\"position\":2,\"name\":\"Jours de fermeture bancaire\"}]},{\"@type\":\"WebSite\",\"@id\":\"https:\/\/www.axeptabnpparibas.lu\/#website\",\"url\":\"https:\/\/www.axeptabnpparibas.lu\/\",\"name\":\"Axepta BNP Paribas Benelux\",\"description\":\"\",\"publisher\":{\"@id\":\"https:\/\/www.axeptabnpparibas.lu\/#organization\"},\"potentialAction\":[{\"@type\":\"SearchAction\",\"target\":{\"@type\":\"EntryPoint\",\"urlTemplate\":\"https:\/\/www.axeptabnpparibas.lu\/?s={search_term_string}\"},\"query-input\":{\"@type\":\"PropertyValueSpecification\",\"valueRequired\":true,\"valueName\":\"search_term_string\"}}],\"inLanguage\":\"fr-FR\"},{\"@type\":\"Organization\",\"@id\":\"https:\/\/www.axeptabnpparibas.lu\/#organization\",\"name\":\"Axepta BNP Paribas Benelux\",\"url\":\"https:\/\/www.axeptabnpparibas.lu\/\",\"logo\":{\"@type\":\"ImageObject\",\"inLanguage\":\"fr-FR\",\"@id\":\"https:\/\/www.axeptabnpparibas.lu\/#\/schema\/logo\/image\/\",\"url\":\"\/wp-content\/uploads\/sites\/2\/2020\/03\/Logo-BNP.svg\",\"contentUrl\":\"\/wp-content\/uploads\/sites\/2\/2020\/03\/Logo-BNP.svg\",\"caption\":\"Axepta BNP Paribas Benelux\"},\"image\":{\"@id\":\"https:\/\/www.axeptabnpparibas.lu\/#\/schema\/logo\/image\/\"}}]}<\/script>\n<!-- \/ Yoast SEO plugin. -->","yoast_head_json":{"title":"Jours de fermeture bancaire - Axepta BNP Paribas Benelux","robots":{"index":"index","follow":"follow","max-snippet":"max-snippet:-1","max-image-preview":"max-image-preview:large","max-video-preview":"max-video-preview:-1"},"canonical":"https:\/\/www.axeptabnpparibas.lu\/fr\/bank-holidays\/","og_locale":"fr_FR","og_type":"article","og_title":"Jours de fermeture bancaire - Axepta BNP Paribas Benelux","og_url":"https:\/\/www.axeptabnpparibas.lu\/fr\/bank-holidays\/","og_site_name":"Axepta BNP Paribas Benelux","article_modified_time":"2026-01-08T14:03:47+00:00","twitter_card":"summary_large_image","schema":{"@context":"https:\/\/schema.org","@graph":[{"@type":"WebPage","@id":"https:\/\/www.axeptabnpparibas.lu\/fr\/bank-holidays\/","url":"https:\/\/www.axeptabnpparibas.lu\/fr\/bank-holidays\/","name":"Jours de fermeture bancaire - Axepta BNP Paribas Benelux","isPartOf":{"@id":"https:\/\/www.axeptabnpparibas.lu\/#website"},"datePublished":"2021-10-29T16:02:32+00:00","dateModified":"2026-01-08T14:03:47+00:00","breadcrumb":{"@id":"https:\/\/www.axeptabnpparibas.lu\/fr\/bank-holidays\/#breadcrumb"},"inLanguage":"fr-FR","potentialAction":[{"@type":"ReadAction","target":["https:\/\/www.axeptabnpparibas.lu\/fr\/bank-holidays\/"]}]},{"@type":"BreadcrumbList","@id":"https:\/\/www.axeptabnpparibas.lu\/fr\/bank-holidays\/#breadcrumb","itemListElement":[{"@type":"ListItem","position":1,"name":"Home","item":"https:\/\/www.axeptabnpparibas.lu\/fr\/"},{"@type":"ListItem","position":2,"name":"Jours de fermeture bancaire"}]},{"@type":"WebSite","@id":"https:\/\/www.axeptabnpparibas.lu\/#website","url":"https:\/\/www.axeptabnpparibas.lu\/","name":"Axepta BNP Paribas Benelux","description":"","publisher":{"@id":"https:\/\/www.axeptabnpparibas.lu\/#organization"},"potentialAction":[{"@type":"SearchAction","target":{"@type":"EntryPoint","urlTemplate":"https:\/\/www.axeptabnpparibas.lu\/?s={search_term_string}"},"query-input":{"@type":"PropertyValueSpecification","valueRequired":true,"valueName":"search_term_string"}}],"inLanguage":"fr-FR"},{"@type":"Organization","@id":"https:\/\/www.axeptabnpparibas.lu\/#organization","name":"Axepta BNP Paribas Benelux","url":"https:\/\/www.axeptabnpparibas.lu\/","logo":{"@type":"ImageObject","inLanguage":"fr-FR","@id":"https:\/\/www.axeptabnpparibas.lu\/#\/schema\/logo\/image\/","url":"\/wp-content\/uploads\/sites\/2\/2020\/03\/Logo-BNP.svg","contentUrl":"\/wp-content\/uploads\/sites\/2\/2020\/03\/Logo-BNP.svg","caption":"Axepta BNP Paribas Benelux"},"image":{"@id":"https:\/\/www.axeptabnpparibas.lu\/#\/schema\/logo\/image\/"}}]}},"_links":{"self":[{"href":"https:\/\/www.axeptabnpparibas.lu\/fr\/wp-json\/wp\/v2\/pages\/6388","targetHints":{"allow":["GET"]}}],"collection":[{"href":"https:\/\/www.axeptabnpparibas.lu\/fr\/wp-json\/wp\/v2\/pages"}],"about":[{"href":"https:\/\/www.axeptabnpparibas.lu\/fr\/wp-json\/wp\/v2\/types\/page"}],"author":[{"embeddable":true,"href":"https:\/\/www.axeptabnpparibas.lu\/fr\/wp-json\/wp\/v2\/users\/17"}],"replies":[{"embeddable":true,"href":"https:\/\/www.axeptabnpparibas.lu\/fr\/wp-json\/wp\/v2\/comments?post=6388"}],"version-history":[{"count":13,"href":"https:\/\/www.axeptabnpparibas.lu\/fr\/wp-json\/wp\/v2\/pages\/6388\/revisions"}],"predecessor-version":[{"id":24344,"href":"https:\/\/www.axeptabnpparibas.lu\/fr\/wp-json\/wp\/v2\/pages\/6388\/revisions\/24344"}],"wp:attachment":[{"href":"https:\/\/www.axeptabnpparibas.lu\/fr\/wp-json\/wp\/v2\/media?parent=6388"}],"curies":[{"name":"wp","href":"https:\/\/api.w.org\/{rel}","templated":true}]}}