{"id":4845,"date":"2021-05-10T00:52:20","date_gmt":"2021-05-09T22:52:20","guid":{"rendered":"https:\/\/www.axepta.be\/?page_id=4845"},"modified":"2022-11-17T11:57:37","modified_gmt":"2022-11-17T10:57:37","slug":"ingenico-in-store-devient-axepta","status":"publish","type":"page","link":"https:\/\/www.axeptabnpparibas.lu\/fr\/ingenico-in-store-devient-axepta\/","title":{"rendered":"Ingenico In-store devient Axepta"},"content":{"rendered":"\n<div id=\"title-category-image-block_6093a11c9f0e6\" class=\"block-title-category-image    image-right mozaique-bottomright \">\n\n    <div class=\"container\">\n\n                    <div class=\"image\">\n                <img loading=\"lazy\" decoding=\"async\" width=\"475\" height=\"554\" src=\"\/wp-content\/uploads\/sites\/2\/2021\/05\/Copy-of-Untitled-475x554.png\" class=\"attachment-image-title-category size-image-title-category\" alt=\"\" srcset=\"\/wp-content\/uploads\/sites\/2\/2021\/05\/Copy-of-Untitled.png 475w, \/wp-content\/uploads\/sites\/2\/2021\/05\/Copy-of-Untitled-257x300.png 257w, \/wp-content\/uploads\/sites\/2\/2021\/05\/Copy-of-Untitled-30x35.png 30w\" sizes=\"auto, (max-width: 475px) 100vw, 475px\" \/>            <\/div>\n        \n        <div class=\"infos\">        \n                            <span class=\"title-category\">Axepta acquiert Ingenico In-store<\/span>\n              \n\n                            <h2 class=\"title\">Ingenico In-store fera partie d&rsquo;Axepta<\/h2>\n                        \n                                <div class=\"abstract\"><p>Axepta reprend les <strong>activit\u00e9s d&rsquo;Ingenico In-store en Belgique et au Luxembourg<\/strong>. Et nous en sommes fiers !<\/p>\n<p>Avec cette fusion, <strong>Axepta renforce sa position sur le march\u00e9<\/strong> des solutions d&rsquo;acceptation des paiements \u00e9lectroniques, tant via des terminaux physiques que virtuels en Belgique et au Luxembourg.<\/p>\n<p>Qu&rsquo;est-ce que cela signifie pour vous ?\u00a0<strong>Un service encore plus fort<\/strong> !<br \/>\n<a class=\"btn btn-primary\" href=\"https:\/\/axeptabnpparibas.lu\/wp-content\/uploads\/sites\/2\/2021\/05\/210511_FAQ_Ingenico_FR.pdf\" target=\"_blank\" rel=\"noopener\">Lisez les questions fr\u00e9quemment pos\u00e9es<\/a><a class=\"btn btn-primary\" href=\"https:\/\/www.bnpparibasfortis.com\/fr\/newsroom\/communique\/axepta-bnp-paribas-annonce-le-bouclage-de-l-acquisition-des-activit%C3%A9s-in-store-d-ingenico-en-belgique\" target=\"_blank\" rel=\"noopener\"><br \/>\nD\u00e9couvrez le communiqu\u00e9 de presse<\/a><\/p>\n<\/div>\n            \n                    <\/div>\n\n    <\/div>\n\n<\/div>\n\n\n<div id=\"title-category-image-block_609402a0e4aee\" class=\"block-title-category-image     mozaique-topleft \">\n\n    <div class=\"container\">\n\n                    <div class=\"image\">\n                <img loading=\"lazy\" decoding=\"async\" width=\"475\" height=\"475\" src=\"\/wp-content\/uploads\/sites\/2\/2020\/12\/image_1-475x475.png\" class=\"attachment-image-title-category size-image-title-category\" alt=\"\" srcset=\"\/wp-content\/uploads\/sites\/2\/2020\/12\/image_1-475x475.png 475w, \/wp-content\/uploads\/sites\/2\/2020\/12\/image_1-300x300.png 300w, \/wp-content\/uploads\/sites\/2\/2020\/12\/image_1-150x150.png 150w, \/wp-content\/uploads\/sites\/2\/2020\/12\/image_1-768x768.png 768w, \/wp-content\/uploads\/sites\/2\/2020\/12\/image_1-35x35.png 35w, \/wp-content\/uploads\/sites\/2\/2020\/12\/image_1.png 800w\" sizes=\"auto, (max-width: 475px) 100vw, 475px\" \/>            <\/div>\n        \n        <div class=\"infos\">        \n                            <span class=\"title-category\">Axepta acquiert Ingenico In-store<\/span>\n              \n\n                            <h2 class=\"title\">Continuer \u00e0 innover afin de vous offrir le meilleur service<\/h2>\n                        \n                                <div class=\"abstract\"><p>Aujourd&rsquo;hui, pr\u00e8s de 80 % du chiffre d&rsquo;affaires d&rsquo;un d\u00e9taillant B2C est g\u00e9n\u00e9r\u00e9 par des transactions par carte. Nous comprenons combien il est important d&rsquo;offrir une solution de paiement facile et accessible, adapt\u00e9e \u00e0 vos besoins et \u00e0 ceux de vos clients. Pour capitaliser sur cette tendance, <strong>Axepta continue d&rsquo;innover<\/strong> et de vous proposer <strong>une solution de paiement facile \u00e0 int\u00e9grer et accessible<\/strong>, toujours adapt\u00e9e \u00e0 vos besoins. Cette acquisition permet \u00e0 Axepta de <strong>renforcer son offre actuelle de produits et de services<\/strong> et de <strong>vous accompagner encore mieux<\/strong>.<\/p>\n<\/div>\n            \n                    <\/div>\n\n    <\/div>\n\n<\/div>\n\n\n<div id=\"title-category-image-block_6093a2bc9f0e7\" class=\"block-title-category-image    image-right mozaique-topright \">\n\n    <div class=\"container\">\n\n                    <div class=\"image\">\n                <img loading=\"lazy\" decoding=\"async\" width=\"475\" height=\"554\" src=\"\/wp-content\/uploads\/sites\/2\/2021\/03\/New-Project-49-475x554.png\" class=\"attachment-image-title-category size-image-title-category\" alt=\"\" srcset=\"\/wp-content\/uploads\/sites\/2\/2021\/03\/New-Project-49.png 475w, \/wp-content\/uploads\/sites\/2\/2021\/03\/New-Project-49-257x300.png 257w, \/wp-content\/uploads\/sites\/2\/2021\/03\/New-Project-49-30x35.png 30w\" sizes=\"auto, (max-width: 475px) 100vw, 475px\" \/>            <\/div>\n        \n        <div class=\"infos\">        \n                            <span class=\"title-category\">Axepta acquiert Ingenico In-store<\/span>\n              \n\n                            <h2 class=\"title\">Pourquoi Axepta BNP Paribas a-t-elle choisi d&rsquo;acqu\u00e9rir Ingenico In-store ? <\/h2>\n                        \n                                <div class=\"abstract\"><p>L&rsquo;acquisition des activit\u00e9s d&rsquo;Ingenico In-store en Belgique et au Luxembourg s&rsquo;inscrit dans l&rsquo;objectif d&rsquo;Axepta de <strong>d\u00e9velopper sa pr\u00e9sence sur ces deux march\u00e9s domestiques<\/strong> du traitement des paiements par carte et de redynamiser ce secteur en proposant une offre comp\u00e9titive de produits et services pour les professions lib\u00e9rales, les PME, les entreprises publiques et les grandes entreprises.\u00a0Gr\u00e2ce \u00e0 cette acquisition, plus de <strong>30 000 clients d&rsquo;Ingenico<\/strong> b\u00e9n\u00e9ficieront de nos services.<\/p>\n<p>Cette acquisition est soumise \u00e0 la validation des habilit\u00e9s.<\/p>\n<\/div>\n            \n                    <\/div>\n\n    <\/div>\n\n<\/div>\n\n\r\n<div id=\"cta-contact-block_5e57907aa8bff\" class=\"block-cta-contact  \">\r\n  <div class=\"container\">\r\n    <div class=\"block-cta-contact-content\">\r\n      <div>\r\n              <span class=\"title-category\">VOUS AVEZ UNE QUESTION?<\/span>\r\n                    <h2 class=\"title\">Nous sommes l\u00e0 pour vous aider !<\/h2>\r\n            <\/div>\r\n      <div>\r\n              <a href=\"https:\/\/www.axeptabnpparibas.lu\/fr\/devenir-client\/\" class=\"btn btn-primary\" onclick=\"window.dataLayer = window.dataLayer || []; dataLayer.push({ 'event': 'contact-click' });\">\r\n          Plus d&rsquo;informations        <\/a>\r\n            <\/div>\r\n    <\/div>\r\n  <\/div>\r\n<\/div>","protected":false},"excerpt":{"rendered":"","protected":false},"author":17,"featured_media":0,"parent":0,"menu_order":0,"comment_status":"closed","ping_status":"closed","template":"","meta":{"_acf_changed":false,"footnotes":""},"class_list":["post-4845","page","type-page","status-publish","hentry"],"acf":[],"yoast_head":"<!-- This site is optimized with the Yoast SEO plugin v27.3 - https:\/\/yoast.com\/product\/yoast-seo-wordpress\/ -->\n<title>Ingenico In-store devient Axepta - Axepta BNP Paribas Benelux<\/title>\n<meta name=\"robots\" content=\"index, follow, max-snippet:-1, max-image-preview:large, max-video-preview:-1\" \/>\n<link rel=\"canonical\" href=\"https:\/\/www.axeptabnpparibas.lu\/ingenico-in-store-becomes-axepta\/\" \/>\n<meta property=\"og:locale\" content=\"fr_FR\" \/>\n<meta property=\"og:type\" content=\"article\" \/>\n<meta property=\"og:title\" content=\"Ingenico In-store devient Axepta - Axepta BNP Paribas Benelux\" \/>\n<meta property=\"og:url\" content=\"https:\/\/www.axeptabnpparibas.lu\/ingenico-in-store-becomes-axepta\/\" \/>\n<meta property=\"og:site_name\" content=\"Axepta BNP Paribas Benelux\" \/>\n<meta property=\"article:modified_time\" content=\"2022-11-17T10:57:37+00:00\" \/>\n<meta name=\"twitter:card\" content=\"summary_large_image\" \/>\n<script type=\"application\/ld+json\" class=\"yoast-schema-graph\">{\"@context\":\"https:\\\/\\\/schema.org\",\"@graph\":[{\"@type\":\"WebPage\",\"@id\":\"https:\\\/\\\/www.axeptabnpparibas.lu\\\/ingenico-in-store-becomes-axepta\\\/\",\"url\":\"https:\\\/\\\/www.axeptabnpparibas.lu\\\/ingenico-in-store-becomes-axepta\\\/\",\"name\":\"Ingenico In-store devient Axepta - Axepta BNP Paribas Benelux\",\"isPartOf\":{\"@id\":\"https:\\\/\\\/www.axeptabnpparibas.lu\\\/#website\"},\"datePublished\":\"2021-05-09T22:52:20+00:00\",\"dateModified\":\"2022-11-17T10:57:37+00:00\",\"breadcrumb\":{\"@id\":\"https:\\\/\\\/www.axeptabnpparibas.lu\\\/ingenico-in-store-becomes-axepta\\\/#breadcrumb\"},\"inLanguage\":\"fr-FR\",\"potentialAction\":[{\"@type\":\"ReadAction\",\"target\":[\"https:\\\/\\\/www.axeptabnpparibas.lu\\\/ingenico-in-store-becomes-axepta\\\/\"]}]},{\"@type\":\"BreadcrumbList\",\"@id\":\"https:\\\/\\\/www.axeptabnpparibas.lu\\\/ingenico-in-store-becomes-axepta\\\/#breadcrumb\",\"itemListElement\":[{\"@type\":\"ListItem\",\"position\":1,\"name\":\"Home\",\"item\":\"https:\\\/\\\/www.axeptabnpparibas.lu\\\/fr\\\/\"},{\"@type\":\"ListItem\",\"position\":2,\"name\":\"Ingenico In-store devient Axepta\"}]},{\"@type\":\"WebSite\",\"@id\":\"https:\\\/\\\/www.axeptabnpparibas.lu\\\/#website\",\"url\":\"https:\\\/\\\/www.axeptabnpparibas.lu\\\/\",\"name\":\"Axepta BNP Paribas Benelux\",\"description\":\"\",\"publisher\":{\"@id\":\"https:\\\/\\\/www.axeptabnpparibas.lu\\\/#organization\"},\"potentialAction\":[{\"@type\":\"SearchAction\",\"target\":{\"@type\":\"EntryPoint\",\"urlTemplate\":\"https:\\\/\\\/www.axeptabnpparibas.lu\\\/?s={search_term_string}\"},\"query-input\":{\"@type\":\"PropertyValueSpecification\",\"valueRequired\":true,\"valueName\":\"search_term_string\"}}],\"inLanguage\":\"fr-FR\"},{\"@type\":\"Organization\",\"@id\":\"https:\\\/\\\/www.axeptabnpparibas.lu\\\/#organization\",\"name\":\"Axepta BNP Paribas Benelux\",\"url\":\"https:\\\/\\\/www.axeptabnpparibas.lu\\\/\",\"logo\":{\"@type\":\"ImageObject\",\"inLanguage\":\"fr-FR\",\"@id\":\"https:\\\/\\\/www.axeptabnpparibas.lu\\\/#\\\/schema\\\/logo\\\/image\\\/\",\"url\":\"\\\/wp-content\\\/uploads\\\/sites\\\/2\\\/2020\\\/03\\\/Logo-BNP.svg\",\"contentUrl\":\"\\\/wp-content\\\/uploads\\\/sites\\\/2\\\/2020\\\/03\\\/Logo-BNP.svg\",\"caption\":\"Axepta BNP Paribas Benelux\"},\"image\":{\"@id\":\"https:\\\/\\\/www.axeptabnpparibas.lu\\\/#\\\/schema\\\/logo\\\/image\\\/\"}}]}<\/script>\n<!-- \/ Yoast SEO plugin. -->","yoast_head_json":{"title":"Ingenico In-store devient Axepta - Axepta BNP Paribas Benelux","robots":{"index":"index","follow":"follow","max-snippet":"max-snippet:-1","max-image-preview":"max-image-preview:large","max-video-preview":"max-video-preview:-1"},"canonical":"https:\/\/www.axeptabnpparibas.lu\/ingenico-in-store-becomes-axepta\/","og_locale":"fr_FR","og_type":"article","og_title":"Ingenico In-store devient Axepta - Axepta BNP Paribas Benelux","og_url":"https:\/\/www.axeptabnpparibas.lu\/ingenico-in-store-becomes-axepta\/","og_site_name":"Axepta BNP Paribas Benelux","article_modified_time":"2022-11-17T10:57:37+00:00","twitter_card":"summary_large_image","schema":{"@context":"https:\/\/schema.org","@graph":[{"@type":"WebPage","@id":"https:\/\/www.axeptabnpparibas.lu\/ingenico-in-store-becomes-axepta\/","url":"https:\/\/www.axeptabnpparibas.lu\/ingenico-in-store-becomes-axepta\/","name":"Ingenico In-store devient Axepta - Axepta BNP Paribas Benelux","isPartOf":{"@id":"https:\/\/www.axeptabnpparibas.lu\/#website"},"datePublished":"2021-05-09T22:52:20+00:00","dateModified":"2022-11-17T10:57:37+00:00","breadcrumb":{"@id":"https:\/\/www.axeptabnpparibas.lu\/ingenico-in-store-becomes-axepta\/#breadcrumb"},"inLanguage":"fr-FR","potentialAction":[{"@type":"ReadAction","target":["https:\/\/www.axeptabnpparibas.lu\/ingenico-in-store-becomes-axepta\/"]}]},{"@type":"BreadcrumbList","@id":"https:\/\/www.axeptabnpparibas.lu\/ingenico-in-store-becomes-axepta\/#breadcrumb","itemListElement":[{"@type":"ListItem","position":1,"name":"Home","item":"https:\/\/www.axeptabnpparibas.lu\/fr\/"},{"@type":"ListItem","position":2,"name":"Ingenico In-store devient Axepta"}]},{"@type":"WebSite","@id":"https:\/\/www.axeptabnpparibas.lu\/#website","url":"https:\/\/www.axeptabnpparibas.lu\/","name":"Axepta BNP Paribas Benelux","description":"","publisher":{"@id":"https:\/\/www.axeptabnpparibas.lu\/#organization"},"potentialAction":[{"@type":"SearchAction","target":{"@type":"EntryPoint","urlTemplate":"https:\/\/www.axeptabnpparibas.lu\/?s={search_term_string}"},"query-input":{"@type":"PropertyValueSpecification","valueRequired":true,"valueName":"search_term_string"}}],"inLanguage":"fr-FR"},{"@type":"Organization","@id":"https:\/\/www.axeptabnpparibas.lu\/#organization","name":"Axepta BNP Paribas Benelux","url":"https:\/\/www.axeptabnpparibas.lu\/","logo":{"@type":"ImageObject","inLanguage":"fr-FR","@id":"https:\/\/www.axeptabnpparibas.lu\/#\/schema\/logo\/image\/","url":"\/wp-content\/uploads\/sites\/2\/2020\/03\/Logo-BNP.svg","contentUrl":"\/wp-content\/uploads\/sites\/2\/2020\/03\/Logo-BNP.svg","caption":"Axepta BNP Paribas Benelux"},"image":{"@id":"https:\/\/www.axeptabnpparibas.lu\/#\/schema\/logo\/image\/"}}]}},"_links":{"self":[{"href":"https:\/\/www.axeptabnpparibas.lu\/fr\/wp-json\/wp\/v2\/pages\/4845","targetHints":{"allow":["GET"]}}],"collection":[{"href":"https:\/\/www.axeptabnpparibas.lu\/fr\/wp-json\/wp\/v2\/pages"}],"about":[{"href":"https:\/\/www.axeptabnpparibas.lu\/fr\/wp-json\/wp\/v2\/types\/page"}],"author":[{"embeddable":true,"href":"https:\/\/www.axeptabnpparibas.lu\/fr\/wp-json\/wp\/v2\/users\/17"}],"replies":[{"embeddable":true,"href":"https:\/\/www.axeptabnpparibas.lu\/fr\/wp-json\/wp\/v2\/comments?post=4845"}],"version-history":[{"count":10,"href":"https:\/\/www.axeptabnpparibas.lu\/fr\/wp-json\/wp\/v2\/pages\/4845\/revisions"}],"predecessor-version":[{"id":13051,"href":"https:\/\/www.axeptabnpparibas.lu\/fr\/wp-json\/wp\/v2\/pages\/4845\/revisions\/13051"}],"wp:attachment":[{"href":"https:\/\/www.axeptabnpparibas.lu\/fr\/wp-json\/wp\/v2\/media?parent=4845"}],"curies":[{"name":"wp","href":"https:\/\/api.w.org\/{rel}","templated":true}]}}