{"id":2252,"date":"2020-09-30T06:40:40","date_gmt":"2020-09-30T04:40:40","guid":{"rendered":"https:\/\/www.axepta.be\/?page_id=2252"},"modified":"2026-01-08T14:33:25","modified_gmt":"2026-01-08T13:33:25","slug":"e-commerce","status":"publish","type":"page","link":"https:\/\/www.axeptabnpparibas.lu\/fr\/solutions\/e-commerce\/","title":{"rendered":"E-commerce"},"content":{"rendered":"\r\n<div id=\"header-classic-block_21f7ac7548ac9dee07e97a86556bff4c\" class=\"block-header-classic   image--mobile-default\">\r\n\r\n    <div class=\"container\">    \r\n\r\n      <div class=\"block-header-classic-content\">\r\n                  <span class=\"title-category\">Solutions de paiement e-commerce<\/span>\r\n          \r\n\r\n                  <h1 class=\"title\">Vente en ligne <br\/> (solutions <br\/> e-commerce)<\/h1>\r\n                \r\n                  <div class=\"abstract\"><p>Au cours des derni\u00e8res ann\u00e9es, les achats en ligne et les paiements e-commerce ont connu une croissance impressionnante. Axepta BNP Paribas vous aide \u00e0 d\u00e9velopper votre activit\u00e9 en ligne en facilitant et en s\u00e9curisant les paiements \u00e9lectroniques.<\/p>\n<p>Notre solution de paiement e-commerce comporte <strong>plusieurs modules, adapt\u00e9s \u00e0 vos besoins num\u00e9riques<\/strong>.<\/p>\n<p><a class=\"btn btn-primary\" href=\"https:\/\/axeptabnpparibas.lu\/wp-content\/uploads\/sites\/2\/2022\/07\/FR-saferpay.pdf\" target=\"_blank\" rel=\"noopener\">D\u00e9couvrez nos solutions Saferpay<\/a><\/p>\n<p><a class=\"btn btn-primary\" href=\"https:\/\/axeptabnpparibas.lu\/fr\/devenir-client\/#contact\" target=\"_blank\" rel=\"noopener\">Plus d&rsquo;information<\/a><\/p>\n<\/div>\r\n        \r\n              <\/div>\r\n\r\n      <div class=\"block-header-classic-image\">\r\n                    <div class=\"image\">\r\n                <img loading=\"lazy\" decoding=\"async\" width=\"475\" height=\"316\" src=\"\/wp-content\/uploads\/sites\/2\/2024\/01\/Untitled-design-6-475x316.png\" class=\"attachment-image-header-classic size-image-header-classic\" alt=\"\" srcset=\"\/wp-content\/uploads\/sites\/2\/2024\/01\/Untitled-design-6-475x316.png 475w, \/wp-content\/uploads\/sites\/2\/2024\/01\/Untitled-design-6-300x200.png 300w, \/wp-content\/uploads\/sites\/2\/2024\/01\/Untitled-design-6-53x35.png 53w, \/wp-content\/uploads\/sites\/2\/2024\/01\/Untitled-design-6.png 600w\" sizes=\"auto, (max-width: 475px) 100vw, 475px\" \/>            <\/div>\r\n              <\/div>\r\n      \r\n    <\/div>\r\n\r\n<\/div>\n\n\n<div id=\"title-category-image-block_cf1fcc6648e64c1638eb8161ea09e8d3\" class=\"block-title-category-image     mozaique-topleft image--mobile-default\">\n\n    <div class=\"container\">\n\n                    <div class=\"image\">\n                <img loading=\"lazy\" decoding=\"async\" width=\"475\" height=\"554\" src=\"\/wp-content\/uploads\/sites\/2\/2020\/09\/New-Project-12-475x554.png\" class=\"attachment-image-title-category size-image-title-category\" alt=\"Flexibele betaaloplossingen\" srcset=\"\/wp-content\/uploads\/sites\/2\/2020\/09\/New-Project-12.png 475w, \/wp-content\/uploads\/sites\/2\/2020\/09\/New-Project-12-257x300.png 257w, \/wp-content\/uploads\/sites\/2\/2020\/09\/New-Project-12-30x35.png 30w\" sizes=\"auto, (max-width: 475px) 100vw, 475px\" \/>            <\/div>\n        \n        <div class=\"infos\">        \n                            <span class=\"title-category\">Pourquoi Axepta BNP Paribas?<\/span>\n              \n\n                            <h2 class=\"title\">Flexible\u200b<\/h2>\n                        \n                                <div class=\"abstract\"><p>Nous avons une solution adapt\u00e9e \u00e0 chaque besoin !<\/p>\n<p>Vous n&rsquo;avez pas de boutique en ligne mais vous souhaitez accepter des paiements \u00e0 distance ? Commencez par notre solution accessible qui permet de <strong>recevoir les commandes par t\u00e9l\u00e9phone ou par e-mail\u00a0<\/strong>!<\/p>\n<p>Ou cherchez-vous plut\u00f4t <strong>une solution de paiement e-commerce compl\u00e8te<\/strong> avec une page de paiement et un back office pour votre boutique en ligne ? Alors choisissez les modes de paiement que vous souhaitez accepter et adaptez l&rsquo;apparence de la page de paiement comme bon vous semble.<\/p>\n<\/div>\n            \n                    <\/div>\n\n    <\/div>\n\n<\/div>\n\n\n<div id=\"title-category-image-block_68bba1460fcbf27634c23ddc28d05ebe\" class=\"block-title-category-image    image-right mozaique-bottomright image--mobile-default\">\n\n    <div class=\"container\">\n\n                    <div class=\"image\">\n                <img loading=\"lazy\" decoding=\"async\" width=\"475\" height=\"554\" src=\"\/wp-content\/uploads\/sites\/2\/2020\/09\/New-Project-11-475x554.png\" class=\"attachment-image-title-category size-image-title-category\" alt=\"Snel en veilig online betalingen ontvangen\" srcset=\"\/wp-content\/uploads\/sites\/2\/2020\/09\/New-Project-11.png 475w, \/wp-content\/uploads\/sites\/2\/2020\/09\/New-Project-11-257x300.png 257w, \/wp-content\/uploads\/sites\/2\/2020\/09\/New-Project-11-30x35.png 30w\" sizes=\"auto, (max-width: 475px) 100vw, 475px\" \/>            <\/div>\n        \n        <div class=\"infos\">        \n              \n\n                            <h2 class=\"title\">Rapidit\u00e9 et s\u00e9curit\u00e9, pour vous et vos clients<\/h2>\n                        \n                                <div class=\"abstract\"><p>Vos clients pourront payer dans la devise de leur choix rapidement et en toute s\u00e9curit\u00e9 en ligne, \u00e0 partir de<strong> n&rsquo;importe quel appareil<\/strong> dot\u00e9 des <strong>modes de paiement <\/strong>nationaux et internationaux courants.<\/p>\n<p>Gr\u00e2ce au module de gestion, vous pouvez facilement<strong> suivre toutes les transactions et tous les paiements en ligne<\/strong>. Tous les paiements seront vers\u00e9s sur votre compte <strong>le jour ouvrable suivant<\/strong>.<\/p>\n<\/div>\n            \n                    <\/div>\n\n    <\/div>\n\n<\/div>\n\n\n<div id=\"title-category-image-block_909cb3b116df5e1d158da14401431396\" class=\"block-title-category-image     mozaique-bottomleft image--mobile-default\">\n\n    <div class=\"container\">\n\n                    <div class=\"image\">\n                <img loading=\"lazy\" decoding=\"async\" width=\"475\" height=\"554\" src=\"\/wp-content\/uploads\/sites\/2\/2020\/09\/New-Project-8-475x554.png\" class=\"attachment-image-title-category size-image-title-category\" alt=\"E-commerce betaaloplossing\" srcset=\"\/wp-content\/uploads\/sites\/2\/2020\/09\/New-Project-8.png 475w, \/wp-content\/uploads\/sites\/2\/2020\/09\/New-Project-8-257x300.png 257w, \/wp-content\/uploads\/sites\/2\/2020\/09\/New-Project-8-30x35.png 30w\" sizes=\"auto, (max-width: 475px) 100vw, 475px\" \/>            <\/div>\n        \n        <div class=\"infos\">        \n              \n\n                            <h2 class=\"title\">Une int\u00e9gration en douceur <\/h2>\n                        \n                                <div class=\"abstract\"><p>Vous pouvez<strong> facilement et rapidement int\u00e9grer<\/strong> nos solutions de paiements e-commerce <strong>dans votre boutique en ligne<\/strong>. Faites le test et essayez une de nos solutions en <a href=\"https:\/\/test.saferpay.com\/BO\/SignUp\/bnppf\" target=\"_blank\">cliquant ici<\/a> pour cr\u00e9er votre compte personnel.<\/p>\n<\/div>\n            \n                    <\/div>\n\n    <\/div>\n\n<\/div>\n\n\n<div id=\"feature-list-block_cf486d9ea89fd4940165c759263abc5e\" class=\"block-feature-list  \">\n  \n  <div class=\"container\">\n\n    <div class=\"block-feature-list-container\">\n            <div class=\"block-feature-list-header\">\n        \n                  <h2 class=\"title\">Nos solutions e-commerce <\/h2>\n                    \n              <\/div>\n      \n      \n\t\t\n\t<div class=\"block-feature-list-content count-4\">\n\t\t\t\n          \n          \n          <div class=\"feature feature--1\">\n\t\t\t                <div class=\"visual\">\n                                    <img loading=\"lazy\" decoding=\"async\" width=\"230\" height=\"201\" src=\"\/wp-content\/uploads\/sites\/2\/2020\/09\/31.png\" class=\"attachment-full size-full\" alt=\"Saferpay e-commerce\u200b\" srcset=\"\/wp-content\/uploads\/sites\/2\/2020\/09\/31.png 230w, \/wp-content\/uploads\/sites\/2\/2020\/09\/31-40x35.png 40w\" sizes=\"auto, (max-width: 230px) 100vw, 230px\" \/>                              <\/div>\n              <div class=\"infos\">\n                                                  <h3 class=\"title\">Saferpay e-commerce\u200b<\/h3>\n                                                  <div class=\"abstract\">Cette solution vous permet d&rsquo;accepter les paiements dans votre boutique en ligne. \r\n\r\nVous avez acc\u00e8s \u00e0 une page de paiement en ligne et \u00e0 un portail pour suivre et g\u00e9rer les transactions de pr\u00e8s. <\/div>\n                              <\/div>\n\t\t\t\t\t           <\/div>\n\t\t\t\n\t\t\t\n          \n          \n          <div class=\"feature feature--2\">\n\t\t\t                <div class=\"visual\">\n                                    <img loading=\"lazy\" decoding=\"async\" width=\"252\" height=\"156\" src=\"\/wp-content\/uploads\/sites\/2\/2020\/09\/30.png\" class=\"attachment-full size-full\" alt=\"Saferpay business\" srcset=\"\/wp-content\/uploads\/sites\/2\/2020\/09\/30.png 252w, \/wp-content\/uploads\/sites\/2\/2020\/09\/30-57x35.png 57w\" sizes=\"auto, (max-width: 252px) 100vw, 252px\" \/>                              <\/div>\n              <div class=\"infos\">\n                                                  <h3 class=\"title\">Saferpay Business\u200b<\/h3>\n                                                  <div class=\"abstract\">Cette solution compl\u00e8te vous permet d&rsquo;accepter les paiements dans votre boutique en ligne. \r\n\r\nVous disposez de toutes les ressources n\u00e9cessaires pour cr\u00e9er votre propre page de paiement et l&rsquo;int\u00e9grer dans votre back-office. En outre, vous pouvez suivre et g\u00e9rer vos transactions en temps r\u00e9el via votre portail en ligne. <\/div>\n                              <\/div>\n\t\t\t\t\t           <\/div>\n\t\t\t\n\t\t\t\n          \n          \n          <div class=\"feature feature--3\">\n\t\t\t                <div class=\"visual\">\n                                    <img loading=\"lazy\" decoding=\"async\" width=\"207\" height=\"199\" src=\"\/wp-content\/uploads\/sites\/2\/2020\/09\/15.png\" class=\"attachment-full size-full\" alt=\"Flexibele betaaloplossingen\" srcset=\"\/wp-content\/uploads\/sites\/2\/2020\/09\/15.png 207w, \/wp-content\/uploads\/sites\/2\/2020\/09\/15-36x35.png 36w\" sizes=\"auto, (max-width: 207px) 100vw, 207px\" \/>                              <\/div>\n              <div class=\"infos\">\n                                                  <h3 class=\"title\">Saferpay Secure Paygate\u200b<\/h3>\n                                                  <div class=\"abstract\">Vous n&rsquo;avez pas de boutique en ligne ? Gr\u00e2ce \u00e0 cette solution, vous pouvez g\u00e9n\u00e9rer des e-mails via un portail en ligne et les envoyer \u00e0 votre client avec un lien vers une page de paiement. De cette mani\u00e8re, votre client peut payer en ligne une commande qui a \u00e9t\u00e9 pass\u00e9e, par exemple, par t\u00e9l\u00e9phone ou par e-mail. <\/div>\n                              <\/div>\n\t\t\t\t\t           <\/div>\n\t\t\t\n\t\t\t\n          \n          \n          <div class=\"feature feature--4\">\n\t\t\t                <div class=\"visual\">\n                                    <img loading=\"lazy\" decoding=\"async\" width=\"475\" height=\"554\" src=\"\/wp-content\/uploads\/sites\/2\/2020\/09\/New-Project-9.png\" class=\"attachment-full size-full\" alt=\"E-commerce betaaloplossing\" srcset=\"\/wp-content\/uploads\/sites\/2\/2020\/09\/New-Project-9.png 475w, \/wp-content\/uploads\/sites\/2\/2020\/09\/New-Project-9-257x300.png 257w, \/wp-content\/uploads\/sites\/2\/2020\/09\/New-Project-9-30x35.png 30w\" sizes=\"auto, (max-width: 475px) 100vw, 475px\" \/>                              <\/div>\n              <div class=\"infos\">\n                                                  <h3 class=\"title\">Traitement des paiements e-commerce <\/h3>\n                                                  <div class=\"abstract\">Via ce service, vous nous confiez le traitement de toutes vos transactions tout en conservant votre fournisseur de services de paiement actuel.<\/div>\n                              <\/div>\n\t\t\t\t\t           <\/div>\n\t\t\t\n\t\t\t\n          \n        <\/div>\n\n          <\/div>\n\n  <\/div>\n\n<\/div>\n\n\r\n<div id=\"cta-contact-block_1a225d98b3e5c048002b8c8fd80816bd\" class=\"block-cta-contact  \">\r\n  <div class=\"container\">\r\n    <div class=\"block-cta-contact-content\">\r\n      <div>\r\n              <span class=\"title-category\">Une urgence ? Contactez-nous via +800 357 08 000 ou sales@axepta.lu<\/span>\r\n                    <h2 class=\"title\">Des questions ? Nous sommes l\u00e0 pour vous aider !<\/h2>\r\n            <\/div>\r\n      <div>\r\n              <a href=\"https:\/\/www.axeptabnpparibas.lu\/fr\/devenir-client\/\" class=\"btn btn-primary\" >\r\n          Plus d&rsquo;informations        <\/a>\r\n            <\/div>\r\n    <\/div>\r\n  <\/div>\r\n<\/div>","protected":false},"excerpt":{"rendered":"","protected":false},"author":17,"featured_media":0,"parent":2229,"menu_order":10,"comment_status":"closed","ping_status":"closed","template":"","meta":{"_acf_changed":false,"footnotes":""},"class_list":["post-2252","page","type-page","status-publish","hentry"],"acf":[],"yoast_head":"<!-- This site is optimized with the Yoast SEO plugin v27.1.1 - https:\/\/yoast.com\/product\/yoast-seo-wordpress\/ -->\n<title>Paiements e-commerce | Axepta BNP Paribas | Magasin en ligne<\/title>\n<meta name=\"description\" content=\"Axepta BNP Paribas vous aide \u00e0 d\u00e9velopper votre activit\u00e9 en ligne en facilitant vos paiements. D\u00e9couvrez nos offres de paiement e-commerce!\" \/>\n<meta name=\"robots\" content=\"index, follow, max-snippet:-1, max-image-preview:large, max-video-preview:-1\" \/>\n<link rel=\"canonical\" href=\"https:\/\/www.axeptabnpparibas.lu\/fr\/solutions\/e-commerce\/\" \/>\n<meta property=\"og:locale\" content=\"fr_FR\" \/>\n<meta property=\"og:type\" content=\"article\" \/>\n<meta property=\"og:title\" content=\"Paiements e-commerce | Axepta BNP Paribas | Magasin en ligne\" \/>\n<meta property=\"og:description\" content=\"Axepta BNP Paribas vous aide \u00e0 d\u00e9velopper votre activit\u00e9 en ligne en facilitant vos paiements. D\u00e9couvrez nos offres de paiement e-commerce!\" \/>\n<meta property=\"og:url\" content=\"https:\/\/www.axeptabnpparibas.lu\/fr\/solutions\/e-commerce\/\" \/>\n<meta property=\"og:site_name\" content=\"Axepta BNP Paribas Benelux\" \/>\n<meta property=\"article:modified_time\" content=\"2026-01-08T13:33:25+00:00\" \/>\n<meta name=\"twitter:card\" content=\"summary_large_image\" \/>\n<script type=\"application\/ld+json\" class=\"yoast-schema-graph\">{\"@context\":\"https:\/\/schema.org\",\"@graph\":[{\"@type\":\"WebPage\",\"@id\":\"https:\/\/www.axeptabnpparibas.lu\/fr\/solutions\/e-commerce\/\",\"url\":\"https:\/\/www.axeptabnpparibas.lu\/fr\/solutions\/e-commerce\/\",\"name\":\"Paiements e-commerce | Axepta BNP Paribas | Magasin en ligne\",\"isPartOf\":{\"@id\":\"https:\/\/www.axeptabnpparibas.lu\/#website\"},\"datePublished\":\"2020-09-30T04:40:40+00:00\",\"dateModified\":\"2026-01-08T13:33:25+00:00\",\"description\":\"Axepta BNP Paribas vous aide \u00e0 d\u00e9velopper votre activit\u00e9 en ligne en facilitant vos paiements. D\u00e9couvrez nos offres de paiement e-commerce!\",\"breadcrumb\":{\"@id\":\"https:\/\/www.axeptabnpparibas.lu\/fr\/solutions\/e-commerce\/#breadcrumb\"},\"inLanguage\":\"fr-FR\",\"potentialAction\":[{\"@type\":\"ReadAction\",\"target\":[\"https:\/\/www.axeptabnpparibas.lu\/fr\/solutions\/e-commerce\/\"]}]},{\"@type\":\"BreadcrumbList\",\"@id\":\"https:\/\/www.axeptabnpparibas.lu\/fr\/solutions\/e-commerce\/#breadcrumb\",\"itemListElement\":[{\"@type\":\"ListItem\",\"position\":1,\"name\":\"Home\",\"item\":\"https:\/\/www.axeptabnpparibas.lu\/fr\/\"},{\"@type\":\"ListItem\",\"position\":2,\"name\":\"Solutions\",\"item\":\"https:\/\/www.axeptabnpparibas.lu\/solutions\/\"},{\"@type\":\"ListItem\",\"position\":3,\"name\":\"E-commerce\"}]},{\"@type\":\"WebSite\",\"@id\":\"https:\/\/www.axeptabnpparibas.lu\/#website\",\"url\":\"https:\/\/www.axeptabnpparibas.lu\/\",\"name\":\"Axepta BNP Paribas Benelux\",\"description\":\"\",\"publisher\":{\"@id\":\"https:\/\/www.axeptabnpparibas.lu\/#organization\"},\"potentialAction\":[{\"@type\":\"SearchAction\",\"target\":{\"@type\":\"EntryPoint\",\"urlTemplate\":\"https:\/\/www.axeptabnpparibas.lu\/?s={search_term_string}\"},\"query-input\":{\"@type\":\"PropertyValueSpecification\",\"valueRequired\":true,\"valueName\":\"search_term_string\"}}],\"inLanguage\":\"fr-FR\"},{\"@type\":\"Organization\",\"@id\":\"https:\/\/www.axeptabnpparibas.lu\/#organization\",\"name\":\"Axepta BNP Paribas Benelux\",\"url\":\"https:\/\/www.axeptabnpparibas.lu\/\",\"logo\":{\"@type\":\"ImageObject\",\"inLanguage\":\"fr-FR\",\"@id\":\"https:\/\/www.axeptabnpparibas.lu\/#\/schema\/logo\/image\/\",\"url\":\"\/wp-content\/uploads\/sites\/2\/2020\/03\/Logo-BNP.svg\",\"contentUrl\":\"\/wp-content\/uploads\/sites\/2\/2020\/03\/Logo-BNP.svg\",\"caption\":\"Axepta BNP Paribas Benelux\"},\"image\":{\"@id\":\"https:\/\/www.axeptabnpparibas.lu\/#\/schema\/logo\/image\/\"}}]}<\/script>\n<!-- \/ Yoast SEO plugin. -->","yoast_head_json":{"title":"Paiements e-commerce | Axepta BNP Paribas | Magasin en ligne","description":"Axepta BNP Paribas vous aide \u00e0 d\u00e9velopper votre activit\u00e9 en ligne en facilitant vos paiements. D\u00e9couvrez nos offres de paiement e-commerce!","robots":{"index":"index","follow":"follow","max-snippet":"max-snippet:-1","max-image-preview":"max-image-preview:large","max-video-preview":"max-video-preview:-1"},"canonical":"https:\/\/www.axeptabnpparibas.lu\/fr\/solutions\/e-commerce\/","og_locale":"fr_FR","og_type":"article","og_title":"Paiements e-commerce | Axepta BNP Paribas | Magasin en ligne","og_description":"Axepta BNP Paribas vous aide \u00e0 d\u00e9velopper votre activit\u00e9 en ligne en facilitant vos paiements. D\u00e9couvrez nos offres de paiement e-commerce!","og_url":"https:\/\/www.axeptabnpparibas.lu\/fr\/solutions\/e-commerce\/","og_site_name":"Axepta BNP Paribas Benelux","article_modified_time":"2026-01-08T13:33:25+00:00","twitter_card":"summary_large_image","schema":{"@context":"https:\/\/schema.org","@graph":[{"@type":"WebPage","@id":"https:\/\/www.axeptabnpparibas.lu\/fr\/solutions\/e-commerce\/","url":"https:\/\/www.axeptabnpparibas.lu\/fr\/solutions\/e-commerce\/","name":"Paiements e-commerce | Axepta BNP Paribas | Magasin en ligne","isPartOf":{"@id":"https:\/\/www.axeptabnpparibas.lu\/#website"},"datePublished":"2020-09-30T04:40:40+00:00","dateModified":"2026-01-08T13:33:25+00:00","description":"Axepta BNP Paribas vous aide \u00e0 d\u00e9velopper votre activit\u00e9 en ligne en facilitant vos paiements. D\u00e9couvrez nos offres de paiement e-commerce!","breadcrumb":{"@id":"https:\/\/www.axeptabnpparibas.lu\/fr\/solutions\/e-commerce\/#breadcrumb"},"inLanguage":"fr-FR","potentialAction":[{"@type":"ReadAction","target":["https:\/\/www.axeptabnpparibas.lu\/fr\/solutions\/e-commerce\/"]}]},{"@type":"BreadcrumbList","@id":"https:\/\/www.axeptabnpparibas.lu\/fr\/solutions\/e-commerce\/#breadcrumb","itemListElement":[{"@type":"ListItem","position":1,"name":"Home","item":"https:\/\/www.axeptabnpparibas.lu\/fr\/"},{"@type":"ListItem","position":2,"name":"Solutions","item":"https:\/\/www.axeptabnpparibas.lu\/solutions\/"},{"@type":"ListItem","position":3,"name":"E-commerce"}]},{"@type":"WebSite","@id":"https:\/\/www.axeptabnpparibas.lu\/#website","url":"https:\/\/www.axeptabnpparibas.lu\/","name":"Axepta BNP Paribas Benelux","description":"","publisher":{"@id":"https:\/\/www.axeptabnpparibas.lu\/#organization"},"potentialAction":[{"@type":"SearchAction","target":{"@type":"EntryPoint","urlTemplate":"https:\/\/www.axeptabnpparibas.lu\/?s={search_term_string}"},"query-input":{"@type":"PropertyValueSpecification","valueRequired":true,"valueName":"search_term_string"}}],"inLanguage":"fr-FR"},{"@type":"Organization","@id":"https:\/\/www.axeptabnpparibas.lu\/#organization","name":"Axepta BNP Paribas Benelux","url":"https:\/\/www.axeptabnpparibas.lu\/","logo":{"@type":"ImageObject","inLanguage":"fr-FR","@id":"https:\/\/www.axeptabnpparibas.lu\/#\/schema\/logo\/image\/","url":"\/wp-content\/uploads\/sites\/2\/2020\/03\/Logo-BNP.svg","contentUrl":"\/wp-content\/uploads\/sites\/2\/2020\/03\/Logo-BNP.svg","caption":"Axepta BNP Paribas Benelux"},"image":{"@id":"https:\/\/www.axeptabnpparibas.lu\/#\/schema\/logo\/image\/"}}]}},"_links":{"self":[{"href":"https:\/\/www.axeptabnpparibas.lu\/fr\/wp-json\/wp\/v2\/pages\/2252","targetHints":{"allow":["GET"]}}],"collection":[{"href":"https:\/\/www.axeptabnpparibas.lu\/fr\/wp-json\/wp\/v2\/pages"}],"about":[{"href":"https:\/\/www.axeptabnpparibas.lu\/fr\/wp-json\/wp\/v2\/types\/page"}],"author":[{"embeddable":true,"href":"https:\/\/www.axeptabnpparibas.lu\/fr\/wp-json\/wp\/v2\/users\/17"}],"replies":[{"embeddable":true,"href":"https:\/\/www.axeptabnpparibas.lu\/fr\/wp-json\/wp\/v2\/comments?post=2252"}],"version-history":[{"count":12,"href":"https:\/\/www.axeptabnpparibas.lu\/fr\/wp-json\/wp\/v2\/pages\/2252\/revisions"}],"predecessor-version":[{"id":24322,"href":"https:\/\/www.axeptabnpparibas.lu\/fr\/wp-json\/wp\/v2\/pages\/2252\/revisions\/24322"}],"up":[{"embeddable":true,"href":"https:\/\/www.axeptabnpparibas.lu\/fr\/wp-json\/wp\/v2\/pages\/2229"}],"wp:attachment":[{"href":"https:\/\/www.axeptabnpparibas.lu\/fr\/wp-json\/wp\/v2\/media?parent=2252"}],"curies":[{"name":"wp","href":"https:\/\/api.w.org\/{rel}","templated":true}]}}