{"id":2246,"date":"2020-09-30T06:38:51","date_gmt":"2020-09-30T04:38:51","guid":{"rendered":"https:\/\/www.axepta.be\/?page_id=2246"},"modified":"2023-08-07T10:54:57","modified_gmt":"2023-08-07T08:54:57","slug":"garder-son-terminal","status":"publish","type":"page","link":"https:\/\/www.axeptabnpparibas.lu\/fr\/solutions\/garder-son-terminal\/","title":{"rendered":"Garder son terminal"},"content":{"rendered":"\r\n<div id=\"header-classic-block_bbda84695fe62f7cc9434e0afeff5d18\" class=\"block-header-classic   image--mobile-default\">\r\n\r\n    <div class=\"container\">    \r\n\r\n      <div class=\"block-header-classic-content\">\r\n                  <span class=\"title-category\">Traitement des paiements \u00e9lectroniques<\/span>\r\n          \r\n\r\n                  <h1 class=\"title\">Optimisez votre exp\u00e9rience de paiement<\/h1>\r\n                \r\n                  <div class=\"abstract\"><p>Chez Axepta BNP Paribas, nous comprenons que la maintenance de votre terminal de paiement est cruciale pour le bon fonctionnement de votre entreprise. C&rsquo;est pourquoi nous proposons une excellente solution qui vous permet de conserver votre terminal tout en profitant <strong>de faibles co\u00fbts de transaction et de paiements plus rapides.<\/strong><\/p>\n<\/div>\r\n        \r\n              <\/div>\r\n\r\n      <div class=\"block-header-classic-image\">\r\n                    <div class=\"image\">\r\n                <img loading=\"lazy\" decoding=\"async\" width=\"475\" height=\"316\" src=\"\/wp-content\/uploads\/sites\/2\/2020\/09\/New-Project-5-475x316.jpg\" class=\"attachment-image-header-classic size-image-header-classic\" alt=\"Nieuwe Acquiring partner\" srcset=\"\/wp-content\/uploads\/sites\/2\/2020\/09\/New-Project-5.jpg 475w, \/wp-content\/uploads\/sites\/2\/2020\/09\/New-Project-5-300x200.jpg 300w, \/wp-content\/uploads\/sites\/2\/2020\/09\/New-Project-5-53x35.jpg 53w\" sizes=\"auto, (max-width: 475px) 100vw, 475px\" \/>            <\/div>\r\n              <\/div>\r\n      \r\n    <\/div>\r\n\r\n<\/div>\n\n\n<div id=\"title-category-image-block_c972667e63ac243954f0722500fdb8dd\" class=\"block-title-category-image     mozaique-topright image--mobile-default\">\n\n    <div class=\"container\">\n\n                    <div class=\"image\">\n                <img loading=\"lazy\" decoding=\"async\" width=\"475\" height=\"475\" src=\"\/wp-content\/uploads\/sites\/2\/2020\/09\/inhoud3-2-475x475.png\" class=\"attachment-image-title-category size-image-title-category\" alt=\"Axepta BNP Paribas Acquiring\" srcset=\"\/wp-content\/uploads\/sites\/2\/2020\/09\/inhoud3-2-475x475.png 475w, \/wp-content\/uploads\/sites\/2\/2020\/09\/inhoud3-2-300x300.png 300w, \/wp-content\/uploads\/sites\/2\/2020\/09\/inhoud3-2-150x150.png 150w, \/wp-content\/uploads\/sites\/2\/2020\/09\/inhoud3-2-35x35.png 35w, \/wp-content\/uploads\/sites\/2\/2020\/09\/inhoud3-2.png 523w\" sizes=\"auto, (max-width: 475px) 100vw, 475px\" \/>            <\/div>\n        \n        <div class=\"infos\">        \n              \n\n                            <h2 class=\"title\">Compatibilit\u00e9 et types de terminaux<\/h2>\n                        \n                                <div class=\"abstract\"><p>Aujourd&rsquo;hui, ce service est possible avec les terminaux vendus\/lou\u00e9s par Worldline, CCV, Loyaltek, Paynation et 3C. Malheureusement, ce service n&rsquo;est pas encore disponible pour d&rsquo;autres fournisseurs de terminaux.<\/p>\n<\/div>\n            \n                    <\/div>\n\n    <\/div>\n\n<\/div>\n\n\r\n<div id=\"numbers-results-block_99d2ceeb51648acf7e5acfdd24a4474d\" class=\"block-numbers-results  \">\r\n  <div class=\"container\">\r\n    <div class=\"block-header\">\r\n              <span class=\"title-category\">Pourquoi Axepta BNP Paribas? <\/span>\r\n      \r\n              <h2 class=\"title\">Des paiements faciles.<\/h2>\r\n                  \r\n          <\/div>\r\n\r\n    \r\n    <div class=\"home-numbers-container\">\r\n        \r\n        \r\n        <div class=\"home-number\">\r\n                    <div class=\"home-number-flex\">\r\n            <div class=\"home-number-visual\">\r\n                          <img loading=\"lazy\" decoding=\"async\" width=\"171\" height=\"219\" src=\"\/wp-content\/uploads\/sites\/2\/2020\/09\/24.png\" class=\"attachment-full size-full\" alt=\"Easy onboarding\" srcset=\"\/wp-content\/uploads\/sites\/2\/2020\/09\/24.png 171w, \/wp-content\/uploads\/sites\/2\/2020\/09\/24-27x35.png 27w\" sizes=\"auto, (max-width: 171px) 100vw, 171px\" \/>                        <\/div>\r\n            <div class=\"home-number-content\">\r\n                                          <h3 class=\"title\">Easy onboarding<\/h3>\r\n                                          <div class=\"abstract\">Nos produits sont faciles \u00e0 int\u00e9grer \u00e0 vos solutions existantes. \r\n\r\nNous proposons des tarifs simples et transparents, sans co\u00fbts cach\u00e9s. <\/div>\r\n                          <\/div>\r\n          <\/div>\r\n        <\/div>\r\n\r\n        \r\n        \r\n        <div class=\"home-number\">\r\n                    <div class=\"home-number-flex\">\r\n            <div class=\"home-number-visual\">\r\n                          <img loading=\"lazy\" decoding=\"async\" width=\"192\" height=\"199\" src=\"\/wp-content\/uploads\/sites\/2\/2020\/09\/23.png\" class=\"attachment-full size-full\" alt=\"Easy Reporting\" srcset=\"\/wp-content\/uploads\/sites\/2\/2020\/09\/23.png 192w, \/wp-content\/uploads\/sites\/2\/2020\/09\/23-34x35.png 34w\" sizes=\"auto, (max-width: 192px) 100vw, 192px\" \/>                        <\/div>\r\n            <div class=\"home-number-content\">\r\n                                          <h3 class=\"title\">Easy reporting<\/h3>\r\n                                          <div class=\"abstract\">Vous recevez quotidiennement un aper\u00e7u clair de toutes vos transactions par e-mail et via notre plateforme en ligne myPortal. Cet aper\u00e7u vous permet d\u2019acqu\u00e9rir de nouvelles perspectives sur votre activit\u00e9.<\/div>\r\n                          <\/div>\r\n          <\/div>\r\n        <\/div>\r\n\r\n        \r\n        \r\n        <div class=\"home-number\">\r\n                    <div class=\"home-number-flex\">\r\n            <div class=\"home-number-visual\">\r\n                          <img loading=\"lazy\" decoding=\"async\" width=\"217\" height=\"236\" src=\"\/wp-content\/uploads\/sites\/2\/2020\/09\/33.png\" class=\"attachment-full size-full\" alt=\"Easy Guidance\" srcset=\"\/wp-content\/uploads\/sites\/2\/2020\/09\/33.png 217w, \/wp-content\/uploads\/sites\/2\/2020\/09\/33-32x35.png 32w\" sizes=\"auto, (max-width: 217px) 100vw, 217px\" \/>                        <\/div>\r\n            <div class=\"home-number-content\">\r\n                                          <h3 class=\"title\">Easy guidance<\/h3>\r\n                                          <div class=\"abstract\">Le monde des paiements est complexe. C\u2019est pourquoi nous sommes toujours pr\u00eats \u00e0 vous fournir des conseils clairs, adapt\u00e9s \u00e0 votre activit\u00e9 d\u2019aujourd\u2019hui et de demain.<\/div>\r\n                          <\/div>\r\n          <\/div>\r\n        <\/div>\r\n\r\n        \r\n        \r\n        <div class=\"home-number\">\r\n                    <div class=\"home-number-flex\">\r\n            <div class=\"home-number-visual\">\r\n                          <img loading=\"lazy\" decoding=\"async\" width=\"1024\" height=\"1023\" src=\"\/wp-content\/uploads\/sites\/2\/2020\/09\/vlot-bereikbaar.png\" class=\"attachment-full size-full\" alt=\"Easy Access\" srcset=\"\/wp-content\/uploads\/sites\/2\/2020\/09\/vlot-bereikbaar.png 1024w, \/wp-content\/uploads\/sites\/2\/2020\/09\/vlot-bereikbaar-300x300.png 300w, \/wp-content\/uploads\/sites\/2\/2020\/09\/vlot-bereikbaar-150x150.png 150w, \/wp-content\/uploads\/sites\/2\/2020\/09\/vlot-bereikbaar-768x767.png 768w, \/wp-content\/uploads\/sites\/2\/2020\/09\/vlot-bereikbaar-35x35.png 35w, \/wp-content\/uploads\/sites\/2\/2020\/09\/vlot-bereikbaar-475x475.png 475w\" sizes=\"auto, (max-width: 1024px) 100vw, 1024px\" \/>                        <\/div>\r\n            <div class=\"home-number-content\">\r\n                                          <h3 class=\"title\">Easy access<\/h3>\r\n                                          <div class=\"abstract\">Notre service d\u2019assistance est disponible 7 jours sur 7, pr\u00eat \u00e0 vous fournir les r\u00e9ponses \u00e0 toutes vos questions.<\/div>\r\n                          <\/div>\r\n          <\/div>\r\n        <\/div>\r\n\r\n            <\/div>\r\n    \r\n    \r\n  <\/div>\r\n<\/div>\n\n\n\t\n\t\t<div class=\"featured-post  \">\n\t\t\t<div class=\"container\">\n\t\t\t\t<article id=\"post-11270\" class=\"post-11270 post type-post status-publish format-standard has-post-thumbnail hentry category-avis-dexperts\">\n\n\t\t\t\t\t<div class=\"row\">\n\n\t\t\t\t\t\t<div class=\"col-12 col-md-6 order-2 order-md-1\">\n\t\t\t\t\t\t\t<div class=\"post__meta\">\n\t\t\t\t\t\t\t\t<a href=\"https:\/\/www.axeptabnpparibas.lu\/fr\/blog\/category\/avis-dexperts\/\" rel=\"category tag\">Avis d&rsquo;experts<\/a>\t\t\t\t\t\t\t<\/div><!-- .entry-meta -->\n\n\t\t\t\t\t\t\t<h3 class=\"post__title\">\n\t\t\t\t\t\t\t\t<a href=\"https:\/\/www.axeptabnpparibas.lu\/fr\/blog\/2022\/08\/17\/traitement-des-transactions\/\" title=\"Tout ce que vous devez savoir sur le traitement des transactions\" rel=\"bookmark\">\n\t\t\t\t\t\t\t\t\tTout ce que vous devez savoir sur le traitement des transactions\t\t\t\t\t\t\t\t<\/a>\n\t\t\t\t\t\t\t<\/h3>\n\n\t\t\t\t\t\t\t<div class=\"post__excerpt\">\n\t\t\t\t\t\t\t\t<p>Le nombre de transactions \u00e9lectroniques augmente consid\u00e9rablement chaque ann\u00e9e. Par rapport \u00e0 l\u2019ann\u00e9e derri\u00e8re, Axepta BNP Paribas a enregistr\u00e9 un accroissement de son nombre de transactions de pr\u00e8s de 35% au premier semestre 2022. Cela s\u2019explique par les avantages qu&rsquo;offrent les paiements \u00e9lectroniques : ils sont faciles, rapides, s\u00e9curis\u00e9s et financi\u00e8rement plus avantageux que les [&hellip;]<\/p>\n\t\t\t\t\t\t\t<\/div>\n\n\t\t\t\t\t\t\t<a href=\"https:\/\/www.axeptabnpparibas.lu\/fr\/blog\/2022\/08\/17\/traitement-des-transactions\/\" title=\"Tout ce que vous devez savoir sur le traitement des transactions\" class=\"more-link btn btn-sm btn-primary\">\n\t\t\t\t\t\t\t\tRead more\t\t\t\t\t\t\t\t<span class=\"screen-reader-text sr-only\">\u00ab\u00a0Tout ce que vous devez savoir sur le traitement des transactions\u00a0\u00bb<\/span>\n\t\t\t\t\t\t\t<\/a>\n\t\t\t\t\t\t<\/div>\n\n\t\t\t\t\t\t<div class=\"col-12 col-md-6 order-1 order-md-2\">\n\t\t\t\t\t\t\t\t\t\t\t\t\t\t\t<a href=\"https:\/\/www.axeptabnpparibas.lu\/fr\/blog\/2022\/08\/17\/traitement-des-transactions\/\" class=\"post-thumbnail mb-md-0 mb-4\"\n\t\t\t\t\t\t\t\t   title=\"Tout ce que vous devez savoir sur le traitement des transactions\" rel=\"bookmark\">\n\t\t\t\t\t\t\t\t\t<img loading=\"lazy\" decoding=\"async\" width=\"2725\" height=\"1517\" src=\"\/wp-content\/uploads\/sites\/2\/2022\/08\/Acquiring.png\" class=\"attachment-full size-full wp-post-image\" alt=\"\" srcset=\"\/wp-content\/uploads\/sites\/2\/2022\/08\/Acquiring.png 2725w, \/wp-content\/uploads\/sites\/2\/2022\/08\/Acquiring-300x167.png 300w, \/wp-content\/uploads\/sites\/2\/2022\/08\/Acquiring-1024x570.png 1024w, \/wp-content\/uploads\/sites\/2\/2022\/08\/Acquiring-768x428.png 768w, \/wp-content\/uploads\/sites\/2\/2022\/08\/Acquiring-1536x855.png 1536w, \/wp-content\/uploads\/sites\/2\/2022\/08\/Acquiring-2048x1140.png 2048w, \/wp-content\/uploads\/sites\/2\/2022\/08\/Acquiring-63x35.png 63w, \/wp-content\/uploads\/sites\/2\/2022\/08\/Acquiring-475x264.png 475w\" sizes=\"auto, (max-width: 2725px) 100vw, 2725px\" \/>\t\t\t\t\t\t\t\t<\/a>\n\t\t\t\t\t\t\t\t\t\t\t\t\t<\/div>\n\n\t\t\t\t\t<\/div>\n\n\t\t\t\t<\/article><!-- #post-## -->\n\n\t\t\t<\/div>\n\t\t<\/div>\n\n\t\n\n\n\r\n<div id=\"cta-contact-block_5b4c5ac7ce80c6112ebb64454adddc2d\" class=\"block-cta-contact  \">\r\n  <div class=\"container\">\r\n    <div class=\"block-cta-contact-content\">\r\n      <div>\r\n              <span class=\"title-category\">Commencez \u00e0 accepter les paiements \u00e9lectroniques sans plus attendre !<\/span>\r\n                    <h2 class=\"title\">Vous n&rsquo;avez pas encore de terminal de paiement ?<\/h2>\r\n            <\/div>\r\n      <div>\r\n              <a href=\"https:\/\/www.axeptabnpparibas.lu\/fr\/devenir-client\/\" class=\"btn btn-primary\" >\r\n          Plus d&rsquo;informations        <\/a>\r\n            <\/div>\r\n    <\/div>\r\n  <\/div>\r\n<\/div>","protected":false},"excerpt":{"rendered":"","protected":false},"author":17,"featured_media":0,"parent":2229,"menu_order":8,"comment_status":"closed","ping_status":"closed","template":"","meta":{"_acf_changed":false,"footnotes":""},"class_list":["post-2246","page","type-page","status-publish","hentry"],"acf":[],"yoast_head":"<!-- This site is optimized with the Yoast SEO plugin v27.1.1 - https:\/\/yoast.com\/product\/yoast-seo-wordpress\/ -->\n<title>Traitement des paiements \u00e9lectroniques | Venez chez Axepta BNP Paribas<\/title>\n<meta name=\"description\" content=\"Transf\u00e9rez le traitement de vos paiements \u00e9lectroniques vers Axepta BNP Paribas en gardant votre terminal actuel. C&#039;est facile et gratuit !\" \/>\n<meta name=\"robots\" content=\"index, follow, max-snippet:-1, max-image-preview:large, max-video-preview:-1\" \/>\n<link rel=\"canonical\" href=\"https:\/\/www.axeptabnpparibas.lu\/solutions\/switch-your-terminal-to-axepta\/\" \/>\n<meta property=\"og:locale\" content=\"fr_FR\" \/>\n<meta property=\"og:type\" content=\"article\" \/>\n<meta property=\"og:title\" content=\"Traitement des paiements \u00e9lectroniques | Venez chez Axepta BNP Paribas\" \/>\n<meta property=\"og:description\" content=\"Transf\u00e9rez le traitement de vos paiements \u00e9lectroniques vers Axepta BNP Paribas en gardant votre terminal actuel. C&#039;est facile et gratuit !\" \/>\n<meta property=\"og:url\" content=\"https:\/\/www.axeptabnpparibas.lu\/solutions\/switch-your-terminal-to-axepta\/\" \/>\n<meta property=\"og:site_name\" content=\"Axepta BNP Paribas Benelux\" \/>\n<meta property=\"article:modified_time\" content=\"2023-08-07T08:54:57+00:00\" \/>\n<meta name=\"twitter:card\" content=\"summary_large_image\" \/>\n<script type=\"application\/ld+json\" class=\"yoast-schema-graph\">{\"@context\":\"https:\/\/schema.org\",\"@graph\":[{\"@type\":\"WebPage\",\"@id\":\"https:\/\/www.axeptabnpparibas.lu\/solutions\/switch-your-terminal-to-axepta\/\",\"url\":\"https:\/\/www.axeptabnpparibas.lu\/solutions\/switch-your-terminal-to-axepta\/\",\"name\":\"Traitement des paiements \u00e9lectroniques | Venez chez Axepta BNP Paribas\",\"isPartOf\":{\"@id\":\"https:\/\/www.axeptabnpparibas.lu\/#website\"},\"datePublished\":\"2020-09-30T04:38:51+00:00\",\"dateModified\":\"2023-08-07T08:54:57+00:00\",\"description\":\"Transf\u00e9rez le traitement de vos paiements \u00e9lectroniques vers Axepta BNP Paribas en gardant votre terminal actuel. C'est facile et gratuit !\",\"breadcrumb\":{\"@id\":\"https:\/\/www.axeptabnpparibas.lu\/solutions\/switch-your-terminal-to-axepta\/#breadcrumb\"},\"inLanguage\":\"fr-FR\",\"potentialAction\":[{\"@type\":\"ReadAction\",\"target\":[\"https:\/\/www.axeptabnpparibas.lu\/solutions\/switch-your-terminal-to-axepta\/\"]}]},{\"@type\":\"BreadcrumbList\",\"@id\":\"https:\/\/www.axeptabnpparibas.lu\/solutions\/switch-your-terminal-to-axepta\/#breadcrumb\",\"itemListElement\":[{\"@type\":\"ListItem\",\"position\":1,\"name\":\"Home\",\"item\":\"https:\/\/www.axeptabnpparibas.lu\/fr\/\"},{\"@type\":\"ListItem\",\"position\":2,\"name\":\"Solutions\",\"item\":\"https:\/\/www.axeptabnpparibas.lu\/solutions\/\"},{\"@type\":\"ListItem\",\"position\":3,\"name\":\"Garder son terminal\"}]},{\"@type\":\"WebSite\",\"@id\":\"https:\/\/www.axeptabnpparibas.lu\/#website\",\"url\":\"https:\/\/www.axeptabnpparibas.lu\/\",\"name\":\"Axepta BNP Paribas Benelux\",\"description\":\"\",\"publisher\":{\"@id\":\"https:\/\/www.axeptabnpparibas.lu\/#organization\"},\"potentialAction\":[{\"@type\":\"SearchAction\",\"target\":{\"@type\":\"EntryPoint\",\"urlTemplate\":\"https:\/\/www.axeptabnpparibas.lu\/?s={search_term_string}\"},\"query-input\":{\"@type\":\"PropertyValueSpecification\",\"valueRequired\":true,\"valueName\":\"search_term_string\"}}],\"inLanguage\":\"fr-FR\"},{\"@type\":\"Organization\",\"@id\":\"https:\/\/www.axeptabnpparibas.lu\/#organization\",\"name\":\"Axepta BNP Paribas Benelux\",\"url\":\"https:\/\/www.axeptabnpparibas.lu\/\",\"logo\":{\"@type\":\"ImageObject\",\"inLanguage\":\"fr-FR\",\"@id\":\"https:\/\/www.axeptabnpparibas.lu\/#\/schema\/logo\/image\/\",\"url\":\"\/wp-content\/uploads\/sites\/2\/2020\/03\/Logo-BNP.svg\",\"contentUrl\":\"\/wp-content\/uploads\/sites\/2\/2020\/03\/Logo-BNP.svg\",\"caption\":\"Axepta BNP Paribas Benelux\"},\"image\":{\"@id\":\"https:\/\/www.axeptabnpparibas.lu\/#\/schema\/logo\/image\/\"}}]}<\/script>\n<!-- \/ Yoast SEO plugin. -->","yoast_head_json":{"title":"Traitement des paiements \u00e9lectroniques | Venez chez Axepta BNP Paribas","description":"Transf\u00e9rez le traitement de vos paiements \u00e9lectroniques vers Axepta BNP Paribas en gardant votre terminal actuel. C'est facile et gratuit !","robots":{"index":"index","follow":"follow","max-snippet":"max-snippet:-1","max-image-preview":"max-image-preview:large","max-video-preview":"max-video-preview:-1"},"canonical":"https:\/\/www.axeptabnpparibas.lu\/solutions\/switch-your-terminal-to-axepta\/","og_locale":"fr_FR","og_type":"article","og_title":"Traitement des paiements \u00e9lectroniques | Venez chez Axepta BNP Paribas","og_description":"Transf\u00e9rez le traitement de vos paiements \u00e9lectroniques vers Axepta BNP Paribas en gardant votre terminal actuel. C'est facile et gratuit !","og_url":"https:\/\/www.axeptabnpparibas.lu\/solutions\/switch-your-terminal-to-axepta\/","og_site_name":"Axepta BNP Paribas Benelux","article_modified_time":"2023-08-07T08:54:57+00:00","twitter_card":"summary_large_image","schema":{"@context":"https:\/\/schema.org","@graph":[{"@type":"WebPage","@id":"https:\/\/www.axeptabnpparibas.lu\/solutions\/switch-your-terminal-to-axepta\/","url":"https:\/\/www.axeptabnpparibas.lu\/solutions\/switch-your-terminal-to-axepta\/","name":"Traitement des paiements \u00e9lectroniques | Venez chez Axepta BNP Paribas","isPartOf":{"@id":"https:\/\/www.axeptabnpparibas.lu\/#website"},"datePublished":"2020-09-30T04:38:51+00:00","dateModified":"2023-08-07T08:54:57+00:00","description":"Transf\u00e9rez le traitement de vos paiements \u00e9lectroniques vers Axepta BNP Paribas en gardant votre terminal actuel. C'est facile et gratuit !","breadcrumb":{"@id":"https:\/\/www.axeptabnpparibas.lu\/solutions\/switch-your-terminal-to-axepta\/#breadcrumb"},"inLanguage":"fr-FR","potentialAction":[{"@type":"ReadAction","target":["https:\/\/www.axeptabnpparibas.lu\/solutions\/switch-your-terminal-to-axepta\/"]}]},{"@type":"BreadcrumbList","@id":"https:\/\/www.axeptabnpparibas.lu\/solutions\/switch-your-terminal-to-axepta\/#breadcrumb","itemListElement":[{"@type":"ListItem","position":1,"name":"Home","item":"https:\/\/www.axeptabnpparibas.lu\/fr\/"},{"@type":"ListItem","position":2,"name":"Solutions","item":"https:\/\/www.axeptabnpparibas.lu\/solutions\/"},{"@type":"ListItem","position":3,"name":"Garder son terminal"}]},{"@type":"WebSite","@id":"https:\/\/www.axeptabnpparibas.lu\/#website","url":"https:\/\/www.axeptabnpparibas.lu\/","name":"Axepta BNP Paribas Benelux","description":"","publisher":{"@id":"https:\/\/www.axeptabnpparibas.lu\/#organization"},"potentialAction":[{"@type":"SearchAction","target":{"@type":"EntryPoint","urlTemplate":"https:\/\/www.axeptabnpparibas.lu\/?s={search_term_string}"},"query-input":{"@type":"PropertyValueSpecification","valueRequired":true,"valueName":"search_term_string"}}],"inLanguage":"fr-FR"},{"@type":"Organization","@id":"https:\/\/www.axeptabnpparibas.lu\/#organization","name":"Axepta BNP Paribas Benelux","url":"https:\/\/www.axeptabnpparibas.lu\/","logo":{"@type":"ImageObject","inLanguage":"fr-FR","@id":"https:\/\/www.axeptabnpparibas.lu\/#\/schema\/logo\/image\/","url":"\/wp-content\/uploads\/sites\/2\/2020\/03\/Logo-BNP.svg","contentUrl":"\/wp-content\/uploads\/sites\/2\/2020\/03\/Logo-BNP.svg","caption":"Axepta BNP Paribas Benelux"},"image":{"@id":"https:\/\/www.axeptabnpparibas.lu\/#\/schema\/logo\/image\/"}}]}},"_links":{"self":[{"href":"https:\/\/www.axeptabnpparibas.lu\/fr\/wp-json\/wp\/v2\/pages\/2246","targetHints":{"allow":["GET"]}}],"collection":[{"href":"https:\/\/www.axeptabnpparibas.lu\/fr\/wp-json\/wp\/v2\/pages"}],"about":[{"href":"https:\/\/www.axeptabnpparibas.lu\/fr\/wp-json\/wp\/v2\/types\/page"}],"author":[{"embeddable":true,"href":"https:\/\/www.axeptabnpparibas.lu\/fr\/wp-json\/wp\/v2\/users\/17"}],"replies":[{"embeddable":true,"href":"https:\/\/www.axeptabnpparibas.lu\/fr\/wp-json\/wp\/v2\/comments?post=2246"}],"version-history":[{"count":10,"href":"https:\/\/www.axeptabnpparibas.lu\/fr\/wp-json\/wp\/v2\/pages\/2246\/revisions"}],"predecessor-version":[{"id":16612,"href":"https:\/\/www.axeptabnpparibas.lu\/fr\/wp-json\/wp\/v2\/pages\/2246\/revisions\/16612"}],"up":[{"embeddable":true,"href":"https:\/\/www.axeptabnpparibas.lu\/fr\/wp-json\/wp\/v2\/pages\/2229"}],"wp:attachment":[{"href":"https:\/\/www.axeptabnpparibas.lu\/fr\/wp-json\/wp\/v2\/media?parent=2246"}],"curies":[{"name":"wp","href":"https:\/\/api.w.org\/{rel}","templated":true}]}}