{"id":2240,"date":"2020-09-30T06:35:13","date_gmt":"2020-09-30T04:35:13","guid":{"rendered":"https:\/\/www.axepta.be\/?page_id=2240"},"modified":"2026-01-08T14:35:11","modified_gmt":"2026-01-08T13:35:11","slug":"payconiq","status":"publish","type":"page","link":"https:\/\/www.axeptabnpparibas.lu\/fr\/solutions\/payconiq\/","title":{"rendered":"Payconiq"},"content":{"rendered":"\r\n<div id=\"header-classic-block_9380c61c4fbf7d6ba0264ab5e36231e2\" class=\"block-header-classic   image--mobile-default\">\r\n\r\n    <div class=\"container\">    \r\n\r\n      <div class=\"block-header-classic-content\">\r\n                  <span class=\"title-category\">Paiement par smartphone<\/span>\r\n          \r\n\r\n                  <h1 class=\"title\">Payconiq<\/h1>\r\n                \r\n                  <div class=\"abstract\"><p>Au cours des derni\u00e8res ann\u00e9es, Payconiq est devenu le moyen par excellence pour effectuer et accepter des paiements par smartphone. Acceptez-vous d\u00e9j\u00e0 les paiements par carte ? Alors \u00e9largissez votre gamme de possibilit\u00e9s de paiement avec Payconiq !<\/p>\n<p>Payconiq est<strong> la solution id\u00e9ale<\/strong> si vous voulez franchir <strong>le pas vers le monde des paiements num\u00e9riques<\/strong>.<\/p>\n<p><a class=\"btn btn-primary\" href=\"https:\/\/axeptabnpparibas.lu\/fr\/devenir-client\/#contact\" target=\"_blank\" rel=\"noopener\">Plus d&rsquo;information<\/a><\/p>\n<\/div>\r\n        \r\n              <\/div>\r\n\r\n      <div class=\"block-header-classic-image\">\r\n                    <div class=\"image\">\r\n                <img loading=\"lazy\" decoding=\"async\" width=\"475\" height=\"316\" src=\"\/wp-content\/uploads\/sites\/2\/2020\/09\/New-Project-6-475x316.jpg\" class=\"attachment-image-header-classic size-image-header-classic\" alt=\"\" srcset=\"\/wp-content\/uploads\/sites\/2\/2020\/09\/New-Project-6.jpg 475w, \/wp-content\/uploads\/sites\/2\/2020\/09\/New-Project-6-300x200.jpg 300w, \/wp-content\/uploads\/sites\/2\/2020\/09\/New-Project-6-53x35.jpg 53w\" sizes=\"auto, (max-width: 475px) 100vw, 475px\" \/>            <\/div>\r\n              <\/div>\r\n      \r\n    <\/div>\r\n\r\n<\/div>\n\n\n<div id=\"title-category-image-block_d5bc28880f85e5eaee1369f6ba834f72\" class=\"block-title-category-image     mozaique-topleft image--mobile-default\">\n\n    <div class=\"container\">\n\n                    <div class=\"image\">\n                <img loading=\"lazy\" decoding=\"async\" width=\"475\" height=\"554\" src=\"\/wp-content\/uploads\/sites\/2\/2020\/09\/New-Project-23-475x554.png\" class=\"attachment-image-title-category size-image-title-category\" alt=\"\" srcset=\"\/wp-content\/uploads\/sites\/2\/2020\/09\/New-Project-23.png 475w, \/wp-content\/uploads\/sites\/2\/2020\/09\/New-Project-23-257x300.png 257w, \/wp-content\/uploads\/sites\/2\/2020\/09\/New-Project-23-30x35.png 30w\" sizes=\"auto, (max-width: 475px) 100vw, 475px\" \/>            <\/div>\n        \n        <div class=\"infos\">        \n                            <span class=\"title-category\">Pourquoi Payconiq?  <\/span>\n              \n\n                            <h2 class=\"title\">L&rsquo;exp\u00e9rience client<\/h2>\n                        \n                                <div class=\"abstract\"><p>Les consommateurs paient de moins en moins en esp\u00e8ces et favorisent les paiements mobiles. Avec Payconiq, le paiement est rapide et facile : le client s\u00e9lectionne votre entreprise dans l&rsquo;application ou scanne votre QR code personnel. Il saisit ensuite le montant de la transaction, confirme le paiement avec son code secret ou son empreinte digitale et&#8230; c&rsquo;est fait ! Pratique, n&rsquo;est-ce pas ?<\/p>\n<\/div>\n            \n                    <\/div>\n\n    <\/div>\n\n<\/div>\n\n\n<div id=\"title-category-image-block_46cc4de7518cff950a3ead4b9c05a459\" class=\"block-title-category-image    image-right mozaique-topright image--mobile-default\">\n\n    <div class=\"container\">\n\n                    <div class=\"image\">\n                <img loading=\"lazy\" decoding=\"async\" width=\"475\" height=\"554\" src=\"\/wp-content\/uploads\/sites\/2\/2020\/09\/New-Project-22-475x554.png\" class=\"attachment-image-title-category size-image-title-category\" alt=\"\" srcset=\"\/wp-content\/uploads\/sites\/2\/2020\/09\/New-Project-22.png 475w, \/wp-content\/uploads\/sites\/2\/2020\/09\/New-Project-22-257x300.png 257w, \/wp-content\/uploads\/sites\/2\/2020\/09\/New-Project-22-30x35.png 30w\" sizes=\"auto, (max-width: 475px) 100vw, 475px\" \/>            <\/div>\n        \n        <div class=\"infos\">        \n              \n\n                            <h2 class=\"title\">L&rsquo;exp\u00e9rience du commer\u00e7ant<\/h2>\n                        \n                                <div class=\"abstract\"><p>Avec Payconiq, c&rsquo;est extr\u00eamement facile de recevoir et de v\u00e9rifier vos paiements. Vous<strong> suivez chaque transaction en ligne<\/strong> via votre smartphone, tablette ou PC et<strong> recevez imm\u00e9diatement une r\u00e9f\u00e9rence et une confirmation<\/strong> du paiement dans le portail marchand Payconiq. La technologie est conforme aux meilleures normes en mati\u00e8re de solutions de paiement, 100 % s\u00fbre et fiable.<\/p>\n<\/div>\n            \n                    <\/div>\n\n    <\/div>\n\n<\/div>\n\n\n<div id=\"title-category-image-block_939072767727cf9aedadba7c64fb8fee\" class=\"block-title-category-image     mozaique-topright image--mobile-default\">\n\n    <div class=\"container\">\n\n                    <div class=\"image\">\n                <img loading=\"lazy\" decoding=\"async\" width=\"475\" height=\"554\" src=\"\/wp-content\/uploads\/sites\/2\/2020\/09\/New-Project-24-475x554.png\" class=\"attachment-image-title-category size-image-title-category\" alt=\"\" srcset=\"\/wp-content\/uploads\/sites\/2\/2020\/09\/New-Project-24.png 475w, \/wp-content\/uploads\/sites\/2\/2020\/09\/New-Project-24-257x300.png 257w, \/wp-content\/uploads\/sites\/2\/2020\/09\/New-Project-24-30x35.png 30w\" sizes=\"auto, (max-width: 475px) 100vw, 475px\" \/>            <\/div>\n        \n        <div class=\"infos\">        \n              \n\n                            <h2 class=\"title\">Co\u00fbt fixe de la transaction<\/h2>\n                        \n                                <div class=\"abstract\"><p>En tant que commer\u00e7ant, vous payez <strong>0,06 \u20ac par transaction et 18 \u20ac par an<\/strong>\u00a0avec Payconiq. Il n&rsquo;y a <strong>pas de frais suppl\u00e9mentaires<\/strong>, donc pas de frais d&rsquo;abonnement ou de d\u00e9marrage. De plus, vous ne devez pas investir dans du mat\u00e9riel informatique, encore un avantage pour vous !<\/p>\n<\/div>\n            \n                    <\/div>\n\n    <\/div>\n\n<\/div>\n\n\r\n<div id=\"cta-contact-block_776e840c2ce5caf73c5cb1275e0a298a\" class=\"block-cta-contact  \">\r\n  <div class=\"container\">\r\n    <div class=\"block-cta-contact-content\">\r\n      <div>\r\n              <span class=\"title-category\">Une urgence ? Contactez-nous via +800 357 08 000 ou sales@axepta.lu<\/span>\r\n                    <h2 class=\"title\">Des questions ? Nous sommes l\u00e0 pour vous aider !<\/h2>\r\n            <\/div>\r\n      <div>\r\n              <a href=\"https:\/\/www.axeptabnpparibas.lu\/fr\/devenir-client\/\" class=\"btn btn-primary\" >\r\n          Plus d&rsquo;informations        <\/a>\r\n            <\/div>\r\n    <\/div>\r\n  <\/div>\r\n<\/div>\n\n\r\n<div id=\"text-cta-block_4150b16ddf3d6ff4dd544cb3981bd1f1\" class=\"block-text-cta   \">\r\n\r\n    <div class=\"container\">\r\n\r\n        <div class=\"block-text-cta-content\">        \r\n            \r\n                                <div class=\"abstract\"><p><em>Axepta BNP Paribas agit en tant qu\u2019agent commercial pour le compte de Payconiq International S.A. Payconiq International S.A. est immatricul\u00e9e au Registre de Commerce et des Soci\u00e9t\u00e9s de Luxembourg sous le num\u00e9ro B 169621, et a son si\u00e8ge social \u00e0 9-11 rue Joseph Junck, L-1839 Luxembourg, Luxembourg. Payconiq International S.A. est un \u00e9tablissement de paiement et est surveill\u00e9e par la Commission de Surveillance du Secteur Financier (\u00abCSSF\u00bb), l\u2019autorit\u00e9 de contr\u00f4le du secteur financier du Grand-Duch\u00e9 de Luxembourg.<\/em><\/p>\n<\/div>\r\n            \r\n                        \r\n        <\/div>\r\n\r\n    <\/div>\r\n\r\n<\/div>","protected":false},"excerpt":{"rendered":"","protected":false},"author":17,"featured_media":0,"parent":2229,"menu_order":6,"comment_status":"closed","ping_status":"closed","template":"","meta":{"_acf_changed":false,"footnotes":""},"class_list":["post-2240","page","type-page","status-publish","hentry"],"acf":[],"yoast_head":"<!-- This site is optimized with the Yoast SEO plugin v27.3 - https:\/\/yoast.com\/product\/yoast-seo-wordpress\/ -->\n<title>Paiement par smartphone avec Payconiq | Axepta BNP Paribas<\/title>\n<meta name=\"description\" content=\"Acceptez les paiements via votre smartphone avec Payconiq ! C&#039;est s\u00e9curis\u00e9, fiable et il n&#039;y a pas de frais d&#039;abonnement ou de d\u00e9marrage.\" \/>\n<meta name=\"robots\" content=\"index, follow, max-snippet:-1, max-image-preview:large, max-video-preview:-1\" \/>\n<link rel=\"canonical\" href=\"https:\/\/www.axeptabnpparibas.lu\/fr\/solutions\/payconiq\/\" \/>\n<meta property=\"og:locale\" content=\"fr_FR\" \/>\n<meta property=\"og:type\" content=\"article\" \/>\n<meta property=\"og:title\" content=\"Paiement par smartphone avec Payconiq | Axepta BNP Paribas\" \/>\n<meta property=\"og:description\" content=\"Acceptez les paiements via votre smartphone avec Payconiq ! C&#039;est s\u00e9curis\u00e9, fiable et il n&#039;y a pas de frais d&#039;abonnement ou de d\u00e9marrage.\" \/>\n<meta property=\"og:url\" content=\"https:\/\/www.axeptabnpparibas.lu\/fr\/solutions\/payconiq\/\" \/>\n<meta property=\"og:site_name\" content=\"Axepta BNP Paribas Benelux\" \/>\n<meta property=\"article:modified_time\" content=\"2026-01-08T13:35:11+00:00\" \/>\n<meta name=\"twitter:card\" content=\"summary_large_image\" \/>\n<script type=\"application\/ld+json\" class=\"yoast-schema-graph\">{\"@context\":\"https:\\\/\\\/schema.org\",\"@graph\":[{\"@type\":\"WebPage\",\"@id\":\"https:\\\/\\\/www.axeptabnpparibas.lu\\\/fr\\\/solutions\\\/payconiq\\\/\",\"url\":\"https:\\\/\\\/www.axeptabnpparibas.lu\\\/fr\\\/solutions\\\/payconiq\\\/\",\"name\":\"Paiement par smartphone avec Payconiq | Axepta BNP Paribas\",\"isPartOf\":{\"@id\":\"https:\\\/\\\/www.axeptabnpparibas.lu\\\/#website\"},\"datePublished\":\"2020-09-30T04:35:13+00:00\",\"dateModified\":\"2026-01-08T13:35:11+00:00\",\"description\":\"Acceptez les paiements via votre smartphone avec Payconiq ! C'est s\u00e9curis\u00e9, fiable et il n'y a pas de frais d'abonnement ou de d\u00e9marrage.\",\"breadcrumb\":{\"@id\":\"https:\\\/\\\/www.axeptabnpparibas.lu\\\/fr\\\/solutions\\\/payconiq\\\/#breadcrumb\"},\"inLanguage\":\"fr-FR\",\"potentialAction\":[{\"@type\":\"ReadAction\",\"target\":[\"https:\\\/\\\/www.axeptabnpparibas.lu\\\/fr\\\/solutions\\\/payconiq\\\/\"]}]},{\"@type\":\"BreadcrumbList\",\"@id\":\"https:\\\/\\\/www.axeptabnpparibas.lu\\\/fr\\\/solutions\\\/payconiq\\\/#breadcrumb\",\"itemListElement\":[{\"@type\":\"ListItem\",\"position\":1,\"name\":\"Home\",\"item\":\"https:\\\/\\\/www.axeptabnpparibas.lu\\\/fr\\\/\"},{\"@type\":\"ListItem\",\"position\":2,\"name\":\"Solutions\",\"item\":\"https:\\\/\\\/www.axeptabnpparibas.lu\\\/solutions\\\/\"},{\"@type\":\"ListItem\",\"position\":3,\"name\":\"Payconiq\"}]},{\"@type\":\"WebSite\",\"@id\":\"https:\\\/\\\/www.axeptabnpparibas.lu\\\/#website\",\"url\":\"https:\\\/\\\/www.axeptabnpparibas.lu\\\/\",\"name\":\"Axepta BNP Paribas Benelux\",\"description\":\"\",\"publisher\":{\"@id\":\"https:\\\/\\\/www.axeptabnpparibas.lu\\\/#organization\"},\"potentialAction\":[{\"@type\":\"SearchAction\",\"target\":{\"@type\":\"EntryPoint\",\"urlTemplate\":\"https:\\\/\\\/www.axeptabnpparibas.lu\\\/?s={search_term_string}\"},\"query-input\":{\"@type\":\"PropertyValueSpecification\",\"valueRequired\":true,\"valueName\":\"search_term_string\"}}],\"inLanguage\":\"fr-FR\"},{\"@type\":\"Organization\",\"@id\":\"https:\\\/\\\/www.axeptabnpparibas.lu\\\/#organization\",\"name\":\"Axepta BNP Paribas Benelux\",\"url\":\"https:\\\/\\\/www.axeptabnpparibas.lu\\\/\",\"logo\":{\"@type\":\"ImageObject\",\"inLanguage\":\"fr-FR\",\"@id\":\"https:\\\/\\\/www.axeptabnpparibas.lu\\\/#\\\/schema\\\/logo\\\/image\\\/\",\"url\":\"\\\/wp-content\\\/uploads\\\/sites\\\/2\\\/2020\\\/03\\\/Logo-BNP.svg\",\"contentUrl\":\"\\\/wp-content\\\/uploads\\\/sites\\\/2\\\/2020\\\/03\\\/Logo-BNP.svg\",\"caption\":\"Axepta BNP Paribas Benelux\"},\"image\":{\"@id\":\"https:\\\/\\\/www.axeptabnpparibas.lu\\\/#\\\/schema\\\/logo\\\/image\\\/\"}}]}<\/script>\n<!-- \/ Yoast SEO plugin. -->","yoast_head_json":{"title":"Paiement par smartphone avec Payconiq | Axepta BNP Paribas","description":"Acceptez les paiements via votre smartphone avec Payconiq ! C'est s\u00e9curis\u00e9, fiable et il n'y a pas de frais d'abonnement ou de d\u00e9marrage.","robots":{"index":"index","follow":"follow","max-snippet":"max-snippet:-1","max-image-preview":"max-image-preview:large","max-video-preview":"max-video-preview:-1"},"canonical":"https:\/\/www.axeptabnpparibas.lu\/fr\/solutions\/payconiq\/","og_locale":"fr_FR","og_type":"article","og_title":"Paiement par smartphone avec Payconiq | Axepta BNP Paribas","og_description":"Acceptez les paiements via votre smartphone avec Payconiq ! C'est s\u00e9curis\u00e9, fiable et il n'y a pas de frais d'abonnement ou de d\u00e9marrage.","og_url":"https:\/\/www.axeptabnpparibas.lu\/fr\/solutions\/payconiq\/","og_site_name":"Axepta BNP Paribas Benelux","article_modified_time":"2026-01-08T13:35:11+00:00","twitter_card":"summary_large_image","schema":{"@context":"https:\/\/schema.org","@graph":[{"@type":"WebPage","@id":"https:\/\/www.axeptabnpparibas.lu\/fr\/solutions\/payconiq\/","url":"https:\/\/www.axeptabnpparibas.lu\/fr\/solutions\/payconiq\/","name":"Paiement par smartphone avec Payconiq | Axepta BNP Paribas","isPartOf":{"@id":"https:\/\/www.axeptabnpparibas.lu\/#website"},"datePublished":"2020-09-30T04:35:13+00:00","dateModified":"2026-01-08T13:35:11+00:00","description":"Acceptez les paiements via votre smartphone avec Payconiq ! C'est s\u00e9curis\u00e9, fiable et il n'y a pas de frais d'abonnement ou de d\u00e9marrage.","breadcrumb":{"@id":"https:\/\/www.axeptabnpparibas.lu\/fr\/solutions\/payconiq\/#breadcrumb"},"inLanguage":"fr-FR","potentialAction":[{"@type":"ReadAction","target":["https:\/\/www.axeptabnpparibas.lu\/fr\/solutions\/payconiq\/"]}]},{"@type":"BreadcrumbList","@id":"https:\/\/www.axeptabnpparibas.lu\/fr\/solutions\/payconiq\/#breadcrumb","itemListElement":[{"@type":"ListItem","position":1,"name":"Home","item":"https:\/\/www.axeptabnpparibas.lu\/fr\/"},{"@type":"ListItem","position":2,"name":"Solutions","item":"https:\/\/www.axeptabnpparibas.lu\/solutions\/"},{"@type":"ListItem","position":3,"name":"Payconiq"}]},{"@type":"WebSite","@id":"https:\/\/www.axeptabnpparibas.lu\/#website","url":"https:\/\/www.axeptabnpparibas.lu\/","name":"Axepta BNP Paribas Benelux","description":"","publisher":{"@id":"https:\/\/www.axeptabnpparibas.lu\/#organization"},"potentialAction":[{"@type":"SearchAction","target":{"@type":"EntryPoint","urlTemplate":"https:\/\/www.axeptabnpparibas.lu\/?s={search_term_string}"},"query-input":{"@type":"PropertyValueSpecification","valueRequired":true,"valueName":"search_term_string"}}],"inLanguage":"fr-FR"},{"@type":"Organization","@id":"https:\/\/www.axeptabnpparibas.lu\/#organization","name":"Axepta BNP Paribas Benelux","url":"https:\/\/www.axeptabnpparibas.lu\/","logo":{"@type":"ImageObject","inLanguage":"fr-FR","@id":"https:\/\/www.axeptabnpparibas.lu\/#\/schema\/logo\/image\/","url":"\/wp-content\/uploads\/sites\/2\/2020\/03\/Logo-BNP.svg","contentUrl":"\/wp-content\/uploads\/sites\/2\/2020\/03\/Logo-BNP.svg","caption":"Axepta BNP Paribas Benelux"},"image":{"@id":"https:\/\/www.axeptabnpparibas.lu\/#\/schema\/logo\/image\/"}}]}},"_links":{"self":[{"href":"https:\/\/www.axeptabnpparibas.lu\/fr\/wp-json\/wp\/v2\/pages\/2240","targetHints":{"allow":["GET"]}}],"collection":[{"href":"https:\/\/www.axeptabnpparibas.lu\/fr\/wp-json\/wp\/v2\/pages"}],"about":[{"href":"https:\/\/www.axeptabnpparibas.lu\/fr\/wp-json\/wp\/v2\/types\/page"}],"author":[{"embeddable":true,"href":"https:\/\/www.axeptabnpparibas.lu\/fr\/wp-json\/wp\/v2\/users\/17"}],"replies":[{"embeddable":true,"href":"https:\/\/www.axeptabnpparibas.lu\/fr\/wp-json\/wp\/v2\/comments?post=2240"}],"version-history":[{"count":12,"href":"https:\/\/www.axeptabnpparibas.lu\/fr\/wp-json\/wp\/v2\/pages\/2240\/revisions"}],"predecessor-version":[{"id":24324,"href":"https:\/\/www.axeptabnpparibas.lu\/fr\/wp-json\/wp\/v2\/pages\/2240\/revisions\/24324"}],"up":[{"embeddable":true,"href":"https:\/\/www.axeptabnpparibas.lu\/fr\/wp-json\/wp\/v2\/pages\/2229"}],"wp:attachment":[{"href":"https:\/\/www.axeptabnpparibas.lu\/fr\/wp-json\/wp\/v2\/media?parent=2240"}],"curies":[{"name":"wp","href":"https:\/\/api.w.org\/{rel}","templated":true}]}}