{"id":2237,"date":"2020-09-30T06:34:13","date_gmt":"2020-09-30T04:34:13","guid":{"rendered":"https:\/\/www.axepta.be\/?page_id=2237"},"modified":"2026-03-20T10:46:08","modified_gmt":"2026-03-20T09:46:08","slug":"nos-fonctionnalites-specifiques","status":"publish","type":"page","link":"https:\/\/www.axeptabnpparibas.lu\/fr\/solutions\/nos-fonctionnalites-specifiques\/","title":{"rendered":"Nos fonctionnalit\u00e9s sp\u00e9cifiques"},"content":{"rendered":"\r\n<div id=\"header-classic-block_a38873ad0f8332eea8f7339a5534317f\" class=\"block-header-classic   image--mobile-default\">\r\n\r\n    <div class=\"container\">    \r\n\r\n      <div class=\"block-header-classic-content\">\r\n                  <span class=\"title-category\">Options terminal de paiement<\/span>\r\n          \r\n\r\n                  <h1 class=\"title\">Nos fonctionnalit\u00e9s sp\u00e9cifiques <\/h1>\r\n                \r\n                  <div class=\"abstract\"><p>Gr\u00e2ce au large \u00e9ventail de fonctionnalit\u00e9s sp\u00e9cifiques, Axepta BNP Paribas est<strong> encore mieux adapt\u00e9 \u00e0 vos besoins<\/strong>. D\u00e9couvrez toutes les options sur nos terminaux de paiement ici !<\/p>\n<p><a class=\"btn btn-primary\" href=\"https:\/\/axeptabnpparibas.lu\/fr\/devenir-client\/#contact\" target=\"_blank\" rel=\"noopener\">Plus d&rsquo;information<\/a><\/p>\n<\/div>\r\n        \r\n              <\/div>\r\n\r\n      <div class=\"block-header-classic-image\">\r\n                    <div class=\"image\">\r\n                <img loading=\"lazy\" decoding=\"async\" width=\"475\" height=\"316\" src=\"\/wp-content\/uploads\/sites\/2\/2020\/09\/john-schnobrich-FlPc9_VocJ4-unsplash-1-475x316.jpg\" class=\"attachment-image-header-classic size-image-header-classic\" alt=\"\" srcset=\"\/wp-content\/uploads\/sites\/2\/2020\/09\/john-schnobrich-FlPc9_VocJ4-unsplash-1-475x316.jpg 475w, \/wp-content\/uploads\/sites\/2\/2020\/09\/john-schnobrich-FlPc9_VocJ4-unsplash-1-300x200.jpg 300w, \/wp-content\/uploads\/sites\/2\/2020\/09\/john-schnobrich-FlPc9_VocJ4-unsplash-1-1024x683.jpg 1024w, \/wp-content\/uploads\/sites\/2\/2020\/09\/john-schnobrich-FlPc9_VocJ4-unsplash-1-768x512.jpg 768w, \/wp-content\/uploads\/sites\/2\/2020\/09\/john-schnobrich-FlPc9_VocJ4-unsplash-1-1536x1024.jpg 1536w, \/wp-content\/uploads\/sites\/2\/2020\/09\/john-schnobrich-FlPc9_VocJ4-unsplash-1-2048x1365.jpg 2048w, \/wp-content\/uploads\/sites\/2\/2020\/09\/john-schnobrich-FlPc9_VocJ4-unsplash-1-53x35.jpg 53w\" sizes=\"auto, (max-width: 475px) 100vw, 475px\" \/>            <\/div>\r\n              <\/div>\r\n      \r\n    <\/div>\r\n\r\n<\/div>\n\n\n<div id=\"title-category-image-block_58eaef2a351aaf95196a272d798a2e20\" class=\"block-title-category-image     mozaique-topleft image--mobile-default\">\n\n    <div class=\"container\">\n\n                    <div class=\"image\">\n                <img loading=\"lazy\" decoding=\"async\" width=\"475\" height=\"475\" src=\"\/wp-content\/uploads\/sites\/2\/2020\/09\/snel-veilig-correct-475x475.png\" class=\"attachment-image-title-category size-image-title-category\" alt=\"Snelle uitbetaling betaalterminal\" srcset=\"\/wp-content\/uploads\/sites\/2\/2020\/09\/snel-veilig-correct-475x475.png 475w, \/wp-content\/uploads\/sites\/2\/2020\/09\/snel-veilig-correct-300x300.png 300w, \/wp-content\/uploads\/sites\/2\/2020\/09\/snel-veilig-correct-150x150.png 150w, \/wp-content\/uploads\/sites\/2\/2020\/09\/snel-veilig-correct-768x767.png 768w, \/wp-content\/uploads\/sites\/2\/2020\/09\/snel-veilig-correct-35x35.png 35w, \/wp-content\/uploads\/sites\/2\/2020\/09\/snel-veilig-correct.png 1024w\" sizes=\"auto, (max-width: 475px) 100vw, 475px\" \/>            <\/div>\n        \n        <div class=\"infos\">        \n                            <span class=\"title-category\">Pourquoi Axepta BNP Paribas?<\/span>\n              \n\n                            <h2 class=\"title\">R\u00e9f\u00e9rence de la transaction <\/h2>\n                        \n                                <div class=\"abstract\"><p>Passez moins de temps sur votre comptabilit\u00e9, ca vous dit ? En ajoutant une r\u00e9f\u00e9rence (alphanum\u00e9rique) \u00e0 un paiement, vous pouvez<strong> identifier chaque transaction plus facilement<\/strong> dans vos rapports quotidiens.<\/p>\n<\/div>\n            \n                    <\/div>\n\n    <\/div>\n\n<\/div>\n\n\n<div id=\"title-category-image-block_914411dcb786b698b8e4bf7e9b4c1974\" class=\"block-title-category-image    image-right mozaique-topright image--mobile-default\">\n\n    <div class=\"container\">\n\n                    <div class=\"image\">\n                <img loading=\"lazy\" decoding=\"async\" width=\"475\" height=\"554\" src=\"\/wp-content\/uploads\/sites\/2\/2020\/09\/New-Project-15-475x554.png\" class=\"attachment-image-title-category size-image-title-category\" alt=\"Korting betaalterminal\" srcset=\"\/wp-content\/uploads\/sites\/2\/2020\/09\/New-Project-15.png 475w, \/wp-content\/uploads\/sites\/2\/2020\/09\/New-Project-15-257x300.png 257w, \/wp-content\/uploads\/sites\/2\/2020\/09\/New-Project-15-30x35.png 30w\" sizes=\"auto, (max-width: 475px) 100vw, 475px\" \/>            <\/div>\n        \n        <div class=\"infos\">        \n              \n\n                            <h2 class=\"title\">Pourboires<\/h2>\n                        \n                                <div class=\"abstract\"><p>Gr\u00e2ce \u00e0 cette fonctionnalit\u00e9, vos clients peuvent<strong> facilement ajouter un pourboire<\/strong> \u00e0 l&rsquo;addition.<\/p>\n<\/div>\n            \n                    <\/div>\n\n    <\/div>\n\n<\/div>\n\n\n<div id=\"title-category-image-block_4be1b0ed0c33924d30a34770f08f10c1\" class=\"block-title-category-image     mozaique-topleft image--mobile-default\">\n\n    <div class=\"container\">\n\n                    <div class=\"image\">\n                <img loading=\"lazy\" decoding=\"async\" width=\"475\" height=\"554\" src=\"\/wp-content\/uploads\/sites\/2\/2020\/09\/New-Project-24-475x554.png\" class=\"attachment-image-title-category size-image-title-category\" alt=\"\" srcset=\"\/wp-content\/uploads\/sites\/2\/2020\/09\/New-Project-24.png 475w, \/wp-content\/uploads\/sites\/2\/2020\/09\/New-Project-24-257x300.png 257w, \/wp-content\/uploads\/sites\/2\/2020\/09\/New-Project-24-30x35.png 30w\" sizes=\"auto, (max-width: 475px) 100vw, 475px\" \/>            <\/div>\n        \n        <div class=\"infos\">        \n              \n\n                            <h2 class=\"title\">R\u00e9servations sur carte de cr\u00e9dit<\/h2>\n                        \n                                <div class=\"abstract\"><p>Vous pouvez <strong>r\u00e9server<\/strong> via nos terminaux <strong>une certaine somme sur la carte de cr\u00e9dit<\/strong> de votre client. Le montant ne sera jamais cr\u00e9dit\u00e9 d\u2019avance, mais est seulement bloqu\u00e9. D\u00e8s que le service est pay\u00e9, la r\u00e9servation sera annul\u00e9e.<\/p>\n<\/div>\n            \n                    <\/div>\n\n    <\/div>\n\n<\/div>\n\n\r\n<div id=\"cta-contact-block_75dd5cfb7c6a3e19e73a1fc107a5d21f\" class=\"block-cta-contact  \">\r\n  <div class=\"container\">\r\n    <div class=\"block-cta-contact-content\">\r\n      <div>\r\n              <span class=\"title-category\">Une urgence ? Contactez-nous via +352 800 357 08 000 ou sales@axepta.lu<\/span>\r\n                    <h2 class=\"title\">Des questions ? Nous sommes l\u00e0 pour vous aider !<\/h2>\r\n            <\/div>\r\n      <div>\r\n              <a href=\"https:\/\/www.axeptabnpparibas.lu\/fr\/devenir-client\/\" class=\"btn btn-primary\" >\r\n          Plus d&rsquo;informations        <\/a>\r\n            <\/div>\r\n    <\/div>\r\n  <\/div>\r\n<\/div>","protected":false},"excerpt":{"rendered":"","protected":false},"author":17,"featured_media":0,"parent":2229,"menu_order":5,"comment_status":"closed","ping_status":"closed","template":"","meta":{"_acf_changed":false,"footnotes":""},"class_list":["post-2237","page","type-page","status-publish","hentry"],"acf":[],"yoast_head":"<!-- This site is optimized with the Yoast SEO plugin v27.1.1 - https:\/\/yoast.com\/product\/yoast-seo-wordpress\/ -->\n<title>Options pour terminal de paiement | Axepta BNP Paribas | Fonctionnalit\u00e9s<\/title>\n<meta name=\"description\" content=\"D\u00e9couvrez toutes les options sur nos terminaux de paiement : fonction multicompte, conversion dynamique des monnaies et bien plus encore !\" \/>\n<meta name=\"robots\" content=\"index, follow, max-snippet:-1, max-image-preview:large, max-video-preview:-1\" \/>\n<link rel=\"canonical\" href=\"https:\/\/www.axeptabnpparibas.lu\/fr\/solutions\/nos-fonctionnalites-specifiques\/\" \/>\n<meta property=\"og:locale\" content=\"fr_FR\" \/>\n<meta property=\"og:type\" content=\"article\" \/>\n<meta property=\"og:title\" content=\"Options pour terminal de paiement | Axepta BNP Paribas | Fonctionnalit\u00e9s\" \/>\n<meta property=\"og:description\" content=\"D\u00e9couvrez toutes les options sur nos terminaux de paiement : fonction multicompte, conversion dynamique des monnaies et bien plus encore !\" \/>\n<meta property=\"og:url\" content=\"https:\/\/www.axeptabnpparibas.lu\/fr\/solutions\/nos-fonctionnalites-specifiques\/\" \/>\n<meta property=\"og:site_name\" content=\"Axepta BNP Paribas Benelux\" \/>\n<meta property=\"article:modified_time\" content=\"2026-03-20T09:46:08+00:00\" \/>\n<meta name=\"twitter:card\" content=\"summary_large_image\" \/>\n<script type=\"application\/ld+json\" class=\"yoast-schema-graph\">{\"@context\":\"https:\/\/schema.org\",\"@graph\":[{\"@type\":\"WebPage\",\"@id\":\"https:\/\/www.axeptabnpparibas.lu\/fr\/solutions\/nos-fonctionnalites-specifiques\/\",\"url\":\"https:\/\/www.axeptabnpparibas.lu\/fr\/solutions\/nos-fonctionnalites-specifiques\/\",\"name\":\"Options pour terminal de paiement | Axepta BNP Paribas | Fonctionnalit\u00e9s\",\"isPartOf\":{\"@id\":\"https:\/\/www.axeptabnpparibas.lu\/#website\"},\"datePublished\":\"2020-09-30T04:34:13+00:00\",\"dateModified\":\"2026-03-20T09:46:08+00:00\",\"description\":\"D\u00e9couvrez toutes les options sur nos terminaux de paiement : fonction multicompte, conversion dynamique des monnaies et bien plus encore !\",\"breadcrumb\":{\"@id\":\"https:\/\/www.axeptabnpparibas.lu\/fr\/solutions\/nos-fonctionnalites-specifiques\/#breadcrumb\"},\"inLanguage\":\"fr-FR\",\"potentialAction\":[{\"@type\":\"ReadAction\",\"target\":[\"https:\/\/www.axeptabnpparibas.lu\/fr\/solutions\/nos-fonctionnalites-specifiques\/\"]}]},{\"@type\":\"BreadcrumbList\",\"@id\":\"https:\/\/www.axeptabnpparibas.lu\/fr\/solutions\/nos-fonctionnalites-specifiques\/#breadcrumb\",\"itemListElement\":[{\"@type\":\"ListItem\",\"position\":1,\"name\":\"Home\",\"item\":\"https:\/\/www.axeptabnpparibas.lu\/fr\/\"},{\"@type\":\"ListItem\",\"position\":2,\"name\":\"Solutions\",\"item\":\"https:\/\/www.axeptabnpparibas.lu\/solutions\/\"},{\"@type\":\"ListItem\",\"position\":3,\"name\":\"Nos fonctionnalit\u00e9s sp\u00e9cifiques\"}]},{\"@type\":\"WebSite\",\"@id\":\"https:\/\/www.axeptabnpparibas.lu\/#website\",\"url\":\"https:\/\/www.axeptabnpparibas.lu\/\",\"name\":\"Axepta BNP Paribas Benelux\",\"description\":\"\",\"publisher\":{\"@id\":\"https:\/\/www.axeptabnpparibas.lu\/#organization\"},\"potentialAction\":[{\"@type\":\"SearchAction\",\"target\":{\"@type\":\"EntryPoint\",\"urlTemplate\":\"https:\/\/www.axeptabnpparibas.lu\/?s={search_term_string}\"},\"query-input\":{\"@type\":\"PropertyValueSpecification\",\"valueRequired\":true,\"valueName\":\"search_term_string\"}}],\"inLanguage\":\"fr-FR\"},{\"@type\":\"Organization\",\"@id\":\"https:\/\/www.axeptabnpparibas.lu\/#organization\",\"name\":\"Axepta BNP Paribas Benelux\",\"url\":\"https:\/\/www.axeptabnpparibas.lu\/\",\"logo\":{\"@type\":\"ImageObject\",\"inLanguage\":\"fr-FR\",\"@id\":\"https:\/\/www.axeptabnpparibas.lu\/#\/schema\/logo\/image\/\",\"url\":\"\/wp-content\/uploads\/sites\/2\/2020\/03\/Logo-BNP.svg\",\"contentUrl\":\"\/wp-content\/uploads\/sites\/2\/2020\/03\/Logo-BNP.svg\",\"caption\":\"Axepta BNP Paribas Benelux\"},\"image\":{\"@id\":\"https:\/\/www.axeptabnpparibas.lu\/#\/schema\/logo\/image\/\"}}]}<\/script>\n<!-- \/ Yoast SEO plugin. -->","yoast_head_json":{"title":"Options pour terminal de paiement | Axepta BNP Paribas | Fonctionnalit\u00e9s","description":"D\u00e9couvrez toutes les options sur nos terminaux de paiement : fonction multicompte, conversion dynamique des monnaies et bien plus encore !","robots":{"index":"index","follow":"follow","max-snippet":"max-snippet:-1","max-image-preview":"max-image-preview:large","max-video-preview":"max-video-preview:-1"},"canonical":"https:\/\/www.axeptabnpparibas.lu\/fr\/solutions\/nos-fonctionnalites-specifiques\/","og_locale":"fr_FR","og_type":"article","og_title":"Options pour terminal de paiement | Axepta BNP Paribas | Fonctionnalit\u00e9s","og_description":"D\u00e9couvrez toutes les options sur nos terminaux de paiement : fonction multicompte, conversion dynamique des monnaies et bien plus encore !","og_url":"https:\/\/www.axeptabnpparibas.lu\/fr\/solutions\/nos-fonctionnalites-specifiques\/","og_site_name":"Axepta BNP Paribas Benelux","article_modified_time":"2026-03-20T09:46:08+00:00","twitter_card":"summary_large_image","schema":{"@context":"https:\/\/schema.org","@graph":[{"@type":"WebPage","@id":"https:\/\/www.axeptabnpparibas.lu\/fr\/solutions\/nos-fonctionnalites-specifiques\/","url":"https:\/\/www.axeptabnpparibas.lu\/fr\/solutions\/nos-fonctionnalites-specifiques\/","name":"Options pour terminal de paiement | Axepta BNP Paribas | Fonctionnalit\u00e9s","isPartOf":{"@id":"https:\/\/www.axeptabnpparibas.lu\/#website"},"datePublished":"2020-09-30T04:34:13+00:00","dateModified":"2026-03-20T09:46:08+00:00","description":"D\u00e9couvrez toutes les options sur nos terminaux de paiement : fonction multicompte, conversion dynamique des monnaies et bien plus encore !","breadcrumb":{"@id":"https:\/\/www.axeptabnpparibas.lu\/fr\/solutions\/nos-fonctionnalites-specifiques\/#breadcrumb"},"inLanguage":"fr-FR","potentialAction":[{"@type":"ReadAction","target":["https:\/\/www.axeptabnpparibas.lu\/fr\/solutions\/nos-fonctionnalites-specifiques\/"]}]},{"@type":"BreadcrumbList","@id":"https:\/\/www.axeptabnpparibas.lu\/fr\/solutions\/nos-fonctionnalites-specifiques\/#breadcrumb","itemListElement":[{"@type":"ListItem","position":1,"name":"Home","item":"https:\/\/www.axeptabnpparibas.lu\/fr\/"},{"@type":"ListItem","position":2,"name":"Solutions","item":"https:\/\/www.axeptabnpparibas.lu\/solutions\/"},{"@type":"ListItem","position":3,"name":"Nos fonctionnalit\u00e9s sp\u00e9cifiques"}]},{"@type":"WebSite","@id":"https:\/\/www.axeptabnpparibas.lu\/#website","url":"https:\/\/www.axeptabnpparibas.lu\/","name":"Axepta BNP Paribas Benelux","description":"","publisher":{"@id":"https:\/\/www.axeptabnpparibas.lu\/#organization"},"potentialAction":[{"@type":"SearchAction","target":{"@type":"EntryPoint","urlTemplate":"https:\/\/www.axeptabnpparibas.lu\/?s={search_term_string}"},"query-input":{"@type":"PropertyValueSpecification","valueRequired":true,"valueName":"search_term_string"}}],"inLanguage":"fr-FR"},{"@type":"Organization","@id":"https:\/\/www.axeptabnpparibas.lu\/#organization","name":"Axepta BNP Paribas Benelux","url":"https:\/\/www.axeptabnpparibas.lu\/","logo":{"@type":"ImageObject","inLanguage":"fr-FR","@id":"https:\/\/www.axeptabnpparibas.lu\/#\/schema\/logo\/image\/","url":"\/wp-content\/uploads\/sites\/2\/2020\/03\/Logo-BNP.svg","contentUrl":"\/wp-content\/uploads\/sites\/2\/2020\/03\/Logo-BNP.svg","caption":"Axepta BNP Paribas Benelux"},"image":{"@id":"https:\/\/www.axeptabnpparibas.lu\/#\/schema\/logo\/image\/"}}]}},"_links":{"self":[{"href":"https:\/\/www.axeptabnpparibas.lu\/fr\/wp-json\/wp\/v2\/pages\/2237","targetHints":{"allow":["GET"]}}],"collection":[{"href":"https:\/\/www.axeptabnpparibas.lu\/fr\/wp-json\/wp\/v2\/pages"}],"about":[{"href":"https:\/\/www.axeptabnpparibas.lu\/fr\/wp-json\/wp\/v2\/types\/page"}],"author":[{"embeddable":true,"href":"https:\/\/www.axeptabnpparibas.lu\/fr\/wp-json\/wp\/v2\/users\/17"}],"replies":[{"embeddable":true,"href":"https:\/\/www.axeptabnpparibas.lu\/fr\/wp-json\/wp\/v2\/comments?post=2237"}],"version-history":[{"count":12,"href":"https:\/\/www.axeptabnpparibas.lu\/fr\/wp-json\/wp\/v2\/pages\/2237\/revisions"}],"predecessor-version":[{"id":24575,"href":"https:\/\/www.axeptabnpparibas.lu\/fr\/wp-json\/wp\/v2\/pages\/2237\/revisions\/24575"}],"up":[{"embeddable":true,"href":"https:\/\/www.axeptabnpparibas.lu\/fr\/wp-json\/wp\/v2\/pages\/2229"}],"wp:attachment":[{"href":"https:\/\/www.axeptabnpparibas.lu\/fr\/wp-json\/wp\/v2\/media?parent=2237"}],"curies":[{"name":"wp","href":"https:\/\/api.w.org\/{rel}","templated":true}]}}