{"id":2234,"date":"2020-09-30T06:32:46","date_gmt":"2020-09-30T04:32:46","guid":{"rendered":"https:\/\/www.axepta.be\/?page_id=2234"},"modified":"2025-11-03T12:32:48","modified_gmt":"2025-11-03T11:32:48","slug":"qui-sommes-nous","status":"publish","type":"page","link":"https:\/\/www.axeptabnpparibas.lu\/fr\/qui-sommes-nous\/","title":{"rendered":"Qui sommes-nous?"},"content":{"rendered":"\r\n<div id=\"header-classic-block_62512ef03417f612ca4b726331a7f4f6\" class=\"block-header-classic   image--mobile-hidden\">\r\n\r\n    <div class=\"container\">    \r\n\r\n      <div class=\"block-header-classic-content\">\r\n                  <span class=\"title-category\">Qui est Axepta BNP Paribas Benelux<\/span>\r\n          \r\n\r\n                  <h1 class=\"title\">Acquiring au sein du groupe BNP Paribas <\/h1>\r\n                \r\n                  <div class=\"abstract\"><p>Axepta BNP Paribas Benelux est <strong>votre partenaire<\/strong> end-to-end en mati\u00e8re <strong>d\u2019acceptation des paiements \u00e9lectroniques<\/strong>. Au sein du groupe BNP Paribas, nous recherchons, d\u00e9veloppons et promouvons des syst\u00e8mes de paiement pour les petites et grandes entreprises. Nous garantissons <strong>une exp\u00e9rience client fluide et transparente<\/strong>. Nous vous offrons tant des services acquiring que des terminaux de paiement.<\/p>\n<\/div>\r\n        \r\n              <\/div>\r\n\r\n      <div class=\"block-header-classic-image\">\r\n                    <div class=\"image\">\r\n                <img loading=\"lazy\" decoding=\"async\" width=\"475\" height=\"316\" src=\"\/wp-content\/uploads\/sites\/2\/2020\/09\/shutterstock_245476081-475x316.jpg\" class=\"attachment-image-header-classic size-image-header-classic\" alt=\"\" srcset=\"\/wp-content\/uploads\/sites\/2\/2020\/09\/shutterstock_245476081-475x316.jpg 475w, \/wp-content\/uploads\/sites\/2\/2020\/09\/shutterstock_245476081-300x200.jpg 300w, \/wp-content\/uploads\/sites\/2\/2020\/09\/shutterstock_245476081-1024x683.jpg 1024w, \/wp-content\/uploads\/sites\/2\/2020\/09\/shutterstock_245476081-768x512.jpg 768w, \/wp-content\/uploads\/sites\/2\/2020\/09\/shutterstock_245476081-1536x1024.jpg 1536w, \/wp-content\/uploads\/sites\/2\/2020\/09\/shutterstock_245476081-53x35.jpg 53w, \/wp-content\/uploads\/sites\/2\/2020\/09\/shutterstock_245476081.jpg 1632w\" sizes=\"auto, (max-width: 475px) 100vw, 475px\" \/>            <\/div>\r\n              <\/div>\r\n      \r\n    <\/div>\r\n\r\n<\/div>\n\n\n<div id=\"title-category-image-block_5ad9510cf4721bc172a1097d306f339f\" class=\"block-title-category-image     mozaique-topleft image--mobile-hidden\">\n\n    <div class=\"container\">\n\n                    <div class=\"image\">\n                <img loading=\"lazy\" decoding=\"async\" width=\"475\" height=\"554\" src=\"\/wp-content\/uploads\/sites\/2\/2020\/09\/New-Project-19-475x554.png\" class=\"attachment-image-title-category size-image-title-category\" alt=\"\" srcset=\"\/wp-content\/uploads\/sites\/2\/2020\/09\/New-Project-19.png 475w, \/wp-content\/uploads\/sites\/2\/2020\/09\/New-Project-19-257x300.png 257w, \/wp-content\/uploads\/sites\/2\/2020\/09\/New-Project-19-30x35.png 30w\" sizes=\"auto, (max-width: 475px) 100vw, 475px\" \/>            <\/div>\n        \n        <div class=\"infos\">        \n                            <span class=\"title-category\">Qui est Axepta BNP Paribas Benelux?<\/span>\n              \n\n                            <h2 class=\"title\">Plus d&rsquo;infos sur Axepta BNP Paribas<\/h2>\n                        \n                                <div class=\"abstract\"><p>Axepta BNP Paribas est actuellement active en France, en Luxembourg et en Belgique. Gr\u00e2ce \u00e0 la plateforme internationale, nous sommes en mesure de traiter des paiements dans le Benelux, en France et en Allemagne.<\/p>\n<\/div>\n            \n                    <\/div>\n\n    <\/div>\n\n<\/div>\n\n\n<div id=\"title-category-image-block_39340d3c519028fb66ed3cf190b7f0f0\" class=\"block-title-category-image    image-right mozaique-topright image--mobile-hidden\">\n\n    <div class=\"container\">\n\n                    <div class=\"image\">\n                <img loading=\"lazy\" decoding=\"async\" width=\"475\" height=\"554\" src=\"\/wp-content\/uploads\/sites\/2\/2020\/09\/New-Project-21-475x554.png\" class=\"attachment-image-title-category size-image-title-category\" alt=\"\" srcset=\"\/wp-content\/uploads\/sites\/2\/2020\/09\/New-Project-21.png 475w, \/wp-content\/uploads\/sites\/2\/2020\/09\/New-Project-21-257x300.png 257w, \/wp-content\/uploads\/sites\/2\/2020\/09\/New-Project-21-30x35.png 30w\" sizes=\"auto, (max-width: 475px) 100vw, 475px\" \/>            <\/div>\n        \n        <div class=\"infos\">        \n              \n\n                            <h2 class=\"title\">Axepta BNP Paribas au Benelux<\/h2>\n                        \n                                <div class=\"abstract\"><p>En 2014 BNP Paribas Fortis a commenc\u00e9 en Belgique avec la commercialisation des produits d\u2019acquiring de SIX Payments Services. Au cours des cinq derni\u00e8res ann\u00e9es, nous avons constitu\u00e9 une bonne base d\u2019environ 15.000 clients, gr\u00e2ce \u00e0 la fiabilit\u00e9 de notre service.<\/p>\n<p>Afin de renforcer le mod\u00e8le de banque acquirer et d\u2019\u00e9largir l\u2019offre de produits, Axepta BNP Paribas Benelux NV\/SA a \u00e9t\u00e9 fond\u00e9e en 2019. Axepta BNP Paribas Benelux NV\/SA est reconnue par la Banque nationale de Belgique comme un \u00e9tablissement de paiement et dispose de licences Bancontact, VISA et MasterCard.<\/p>\n<p>En 2021, Axepta BNP Paribas reprend Ingenico In-store. Nous pouvons d\u00e8s lors compter sur 40 ann\u00e9es d\u2019exp\u00e9rience en solutions de paiement et plus de 15.000 clients Ingenico.<\/p>\n<\/div>\n            \n                    <\/div>\n\n    <\/div>\n\n<\/div>\n\n\n<div id=\"title-category-image-block_873dd381ec276abeb2ff2ba09626ea54\" class=\"block-title-category-image     mozaique-topleft image--mobile-hidden\">\n\n    <div class=\"container\">\n\n                    <div class=\"image\">\n                <img loading=\"lazy\" decoding=\"async\" width=\"475\" height=\"554\" src=\"\/wp-content\/uploads\/sites\/2\/2020\/09\/New-Project-20-475x554.png\" class=\"attachment-image-title-category size-image-title-category\" alt=\"\" srcset=\"\/wp-content\/uploads\/sites\/2\/2020\/09\/New-Project-20.png 475w, \/wp-content\/uploads\/sites\/2\/2020\/09\/New-Project-20-257x300.png 257w, \/wp-content\/uploads\/sites\/2\/2020\/09\/New-Project-20-30x35.png 30w\" sizes=\"auto, (max-width: 475px) 100vw, 475px\" \/>            <\/div>\n        \n        <div class=\"infos\">        \n              \n\n                            <h2 class=\"title\">Notre vision <\/h2>\n                        \n                                <div class=\"abstract\"><p>Vu que le paysage actuel de paiements est complexe, nous souhaitons vous faire vivre une exp\u00e9rience facile et directe. Axepta BNP Paribas vous donne la tranquillit\u00e9 d\u2019esprit dont vous avez besoin: de l\u2019enregistrement au paiement de votre premi\u00e8re transaction. Gr\u00e2ce \u00e0 Axepta BNP Paribas, vous avez plus de temps pour votre entreprise et vos clients, car c\u2019est ce qui compte.<\/p>\n<\/div>\n            \n                    <\/div>\n\n    <\/div>\n\n<\/div>\n\n\n<div id=\"title-category-image-block_ed033c0a18a490ce99183670900906eb\" class=\"block-title-category-image     mozaique-topleft image--mobile-default\">\n\n    <div class=\"container\">\n\n                    <div class=\"image\">\n                <img loading=\"lazy\" decoding=\"async\" width=\"475\" height=\"475\" src=\"\/wp-content\/uploads\/sites\/2\/2020\/09\/betaalterminal1-475x475.png\" class=\"attachment-image-title-category size-image-title-category\" alt=\"Fooi ontvangen betaalterminal\" srcset=\"\/wp-content\/uploads\/sites\/2\/2020\/09\/betaalterminal1-475x475.png 475w, \/wp-content\/uploads\/sites\/2\/2020\/09\/betaalterminal1-300x300.png 300w, \/wp-content\/uploads\/sites\/2\/2020\/09\/betaalterminal1-150x150.png 150w, \/wp-content\/uploads\/sites\/2\/2020\/09\/betaalterminal1-768x767.png 768w, \/wp-content\/uploads\/sites\/2\/2020\/09\/betaalterminal1-35x35.png 35w, \/wp-content\/uploads\/sites\/2\/2020\/09\/betaalterminal1.png 1024w\" sizes=\"auto, (max-width: 475px) 100vw, 475px\" \/>            <\/div>\n        \n        <div class=\"infos\">        \n              \n\n                            <h2 class=\"title\">Comment Axepta BNP Paribas facilite les choses<\/h2>\n                        \n                                <div class=\"abstract\"><p>Nos solutions de paiement sont faciles \u00e0 installer, \u00e0 int\u00e9grer et \u00e0 utiliser. Nos prix sont toujours transparents.<\/p>\n<p>Nous comprenons que le monde des paiements \u00e9lectroniques est d\u00e9termin\u00e9 par chacun de vous. C\u2019est pourquoi nous sommes tr\u00e8s attach\u00e9s \u00e0 l\u2019exp\u00e9rience personnelle. Nous offrons une assistance et des conseils sur mesure, ainsi que des rapports de donn\u00e9es transparents. Gr\u00e2ce \u00e0 des profils de clients d\u00e9taill\u00e9s, \u00e0 des informations commerciales pr\u00e9cises et \u00e0 une vision du positionnement par rapport \u00e0 la concurrence, votre entreprise est pr\u00eate pour l\u2019avenir.<\/p>\n<p><strong>Axepta BNP Paribas, Experience More<\/strong><\/p>\n<\/div>\n            \n                    <\/div>\n\n    <\/div>\n\n<\/div>\n\n\n<div id=\"title-category-image-block_7751ddbb9a8d7f873c1120246453cc81\" class=\"block-title-category-image    image-right mozaique-bottomleft image--mobile-default\">\n\n    <div class=\"container\">\n\n                    <div class=\"image\">\n                <img loading=\"lazy\" decoding=\"async\" width=\"475\" height=\"475\" src=\"\/wp-content\/uploads\/sites\/2\/2020\/09\/inhoud3-2-475x475.png\" class=\"attachment-image-title-category size-image-title-category\" alt=\"Axepta BNP Paribas Acquiring\" srcset=\"\/wp-content\/uploads\/sites\/2\/2020\/09\/inhoud3-2-475x475.png 475w, \/wp-content\/uploads\/sites\/2\/2020\/09\/inhoud3-2-300x300.png 300w, \/wp-content\/uploads\/sites\/2\/2020\/09\/inhoud3-2-150x150.png 150w, \/wp-content\/uploads\/sites\/2\/2020\/09\/inhoud3-2-35x35.png 35w, \/wp-content\/uploads\/sites\/2\/2020\/09\/inhoud3-2.png 523w\" sizes=\"auto, (max-width: 475px) 100vw, 475px\" \/>            <\/div>\n        \n        <div class=\"infos\">        \n              \n\n                        \n                                <div class=\"abstract\"><p>Axepta BNP Paribas est le partenaire de paiement \u00e9lectronique qui int\u00e8gre des solutions dans vos activit\u00e9s quotidiennes. Nous vous accompagnons \u00e0 chaque \u00e9tape de la r\u00e9ussite. Et m\u00eame lorsque votre entreprise se d\u00e9veloppe \u00e0 l&rsquo;international, nous sommes pr\u00eats \u00e0 vous aider \u00e0 fa\u00e7onner votre parcours professionnel.<\/p>\n<p>Axepta BNP Paribas, Experience More<\/p>\n<\/div>\n            \n                    <\/div>\n\n    <\/div>\n\n<\/div>","protected":false},"excerpt":{"rendered":"","protected":false},"author":17,"featured_media":0,"parent":0,"menu_order":3,"comment_status":"closed","ping_status":"closed","template":"","meta":{"_acf_changed":false,"footnotes":""},"class_list":["post-2234","page","type-page","status-publish","hentry"],"acf":[],"yoast_head":"<!-- This site is optimized with the Yoast SEO plugin v27.1.1 - https:\/\/yoast.com\/product\/yoast-seo-wordpress\/ -->\n<title>Qui sommes-nous | Axepta BNP Paribas Benelux | Terminal de paiement<\/title>\n<meta name=\"description\" content=\"Axepta BNP Paribas est votre partenaire pour l&#039;acceptation des paiements \u00e9lectroniques. D\u00e9couvrez toutes les solutions pour vous !\" \/>\n<meta name=\"robots\" content=\"index, follow, max-snippet:-1, max-image-preview:large, max-video-preview:-1\" \/>\n<link rel=\"canonical\" href=\"https:\/\/www.axeptabnpparibas.lu\/who-are-we\/\" \/>\n<meta property=\"og:locale\" content=\"fr_FR\" \/>\n<meta property=\"og:type\" content=\"article\" \/>\n<meta property=\"og:title\" content=\"Qui sommes-nous | Axepta BNP Paribas Benelux | Terminal de paiement\" \/>\n<meta property=\"og:description\" content=\"Axepta BNP Paribas est votre partenaire pour l&#039;acceptation des paiements \u00e9lectroniques. D\u00e9couvrez toutes les solutions pour vous !\" \/>\n<meta property=\"og:url\" content=\"https:\/\/www.axeptabnpparibas.lu\/who-are-we\/\" \/>\n<meta property=\"og:site_name\" content=\"Axepta BNP Paribas Benelux\" \/>\n<meta property=\"article:modified_time\" content=\"2025-11-03T11:32:48+00:00\" \/>\n<meta name=\"twitter:card\" content=\"summary_large_image\" \/>\n<script type=\"application\/ld+json\" class=\"yoast-schema-graph\">{\"@context\":\"https:\/\/schema.org\",\"@graph\":[{\"@type\":\"WebPage\",\"@id\":\"https:\/\/www.axeptabnpparibas.lu\/who-are-we\/\",\"url\":\"https:\/\/www.axeptabnpparibas.lu\/who-are-we\/\",\"name\":\"Qui sommes-nous | Axepta BNP Paribas Benelux | Terminal de paiement\",\"isPartOf\":{\"@id\":\"https:\/\/www.axeptabnpparibas.lu\/#website\"},\"datePublished\":\"2020-09-30T04:32:46+00:00\",\"dateModified\":\"2025-11-03T11:32:48+00:00\",\"description\":\"Axepta BNP Paribas est votre partenaire pour l'acceptation des paiements \u00e9lectroniques. D\u00e9couvrez toutes les solutions pour vous !\",\"breadcrumb\":{\"@id\":\"https:\/\/www.axeptabnpparibas.lu\/who-are-we\/#breadcrumb\"},\"inLanguage\":\"fr-FR\",\"potentialAction\":[{\"@type\":\"ReadAction\",\"target\":[\"https:\/\/www.axeptabnpparibas.lu\/who-are-we\/\"]}]},{\"@type\":\"BreadcrumbList\",\"@id\":\"https:\/\/www.axeptabnpparibas.lu\/who-are-we\/#breadcrumb\",\"itemListElement\":[{\"@type\":\"ListItem\",\"position\":1,\"name\":\"Home\",\"item\":\"https:\/\/www.axeptabnpparibas.lu\/fr\/\"},{\"@type\":\"ListItem\",\"position\":2,\"name\":\"Qui sommes-nous?\"}]},{\"@type\":\"WebSite\",\"@id\":\"https:\/\/www.axeptabnpparibas.lu\/#website\",\"url\":\"https:\/\/www.axeptabnpparibas.lu\/\",\"name\":\"Axepta BNP Paribas Benelux\",\"description\":\"\",\"publisher\":{\"@id\":\"https:\/\/www.axeptabnpparibas.lu\/#organization\"},\"potentialAction\":[{\"@type\":\"SearchAction\",\"target\":{\"@type\":\"EntryPoint\",\"urlTemplate\":\"https:\/\/www.axeptabnpparibas.lu\/?s={search_term_string}\"},\"query-input\":{\"@type\":\"PropertyValueSpecification\",\"valueRequired\":true,\"valueName\":\"search_term_string\"}}],\"inLanguage\":\"fr-FR\"},{\"@type\":\"Organization\",\"@id\":\"https:\/\/www.axeptabnpparibas.lu\/#organization\",\"name\":\"Axepta BNP Paribas Benelux\",\"url\":\"https:\/\/www.axeptabnpparibas.lu\/\",\"logo\":{\"@type\":\"ImageObject\",\"inLanguage\":\"fr-FR\",\"@id\":\"https:\/\/www.axeptabnpparibas.lu\/#\/schema\/logo\/image\/\",\"url\":\"\/wp-content\/uploads\/sites\/2\/2020\/03\/Logo-BNP.svg\",\"contentUrl\":\"\/wp-content\/uploads\/sites\/2\/2020\/03\/Logo-BNP.svg\",\"caption\":\"Axepta BNP Paribas Benelux\"},\"image\":{\"@id\":\"https:\/\/www.axeptabnpparibas.lu\/#\/schema\/logo\/image\/\"}}]}<\/script>\n<!-- \/ Yoast SEO plugin. -->","yoast_head_json":{"title":"Qui sommes-nous | Axepta BNP Paribas Benelux | Terminal de paiement","description":"Axepta BNP Paribas est votre partenaire pour l'acceptation des paiements \u00e9lectroniques. D\u00e9couvrez toutes les solutions pour vous !","robots":{"index":"index","follow":"follow","max-snippet":"max-snippet:-1","max-image-preview":"max-image-preview:large","max-video-preview":"max-video-preview:-1"},"canonical":"https:\/\/www.axeptabnpparibas.lu\/who-are-we\/","og_locale":"fr_FR","og_type":"article","og_title":"Qui sommes-nous | Axepta BNP Paribas Benelux | Terminal de paiement","og_description":"Axepta BNP Paribas est votre partenaire pour l'acceptation des paiements \u00e9lectroniques. D\u00e9couvrez toutes les solutions pour vous !","og_url":"https:\/\/www.axeptabnpparibas.lu\/who-are-we\/","og_site_name":"Axepta BNP Paribas Benelux","article_modified_time":"2025-11-03T11:32:48+00:00","twitter_card":"summary_large_image","schema":{"@context":"https:\/\/schema.org","@graph":[{"@type":"WebPage","@id":"https:\/\/www.axeptabnpparibas.lu\/who-are-we\/","url":"https:\/\/www.axeptabnpparibas.lu\/who-are-we\/","name":"Qui sommes-nous | Axepta BNP Paribas Benelux | Terminal de paiement","isPartOf":{"@id":"https:\/\/www.axeptabnpparibas.lu\/#website"},"datePublished":"2020-09-30T04:32:46+00:00","dateModified":"2025-11-03T11:32:48+00:00","description":"Axepta BNP Paribas est votre partenaire pour l'acceptation des paiements \u00e9lectroniques. D\u00e9couvrez toutes les solutions pour vous !","breadcrumb":{"@id":"https:\/\/www.axeptabnpparibas.lu\/who-are-we\/#breadcrumb"},"inLanguage":"fr-FR","potentialAction":[{"@type":"ReadAction","target":["https:\/\/www.axeptabnpparibas.lu\/who-are-we\/"]}]},{"@type":"BreadcrumbList","@id":"https:\/\/www.axeptabnpparibas.lu\/who-are-we\/#breadcrumb","itemListElement":[{"@type":"ListItem","position":1,"name":"Home","item":"https:\/\/www.axeptabnpparibas.lu\/fr\/"},{"@type":"ListItem","position":2,"name":"Qui sommes-nous?"}]},{"@type":"WebSite","@id":"https:\/\/www.axeptabnpparibas.lu\/#website","url":"https:\/\/www.axeptabnpparibas.lu\/","name":"Axepta BNP Paribas Benelux","description":"","publisher":{"@id":"https:\/\/www.axeptabnpparibas.lu\/#organization"},"potentialAction":[{"@type":"SearchAction","target":{"@type":"EntryPoint","urlTemplate":"https:\/\/www.axeptabnpparibas.lu\/?s={search_term_string}"},"query-input":{"@type":"PropertyValueSpecification","valueRequired":true,"valueName":"search_term_string"}}],"inLanguage":"fr-FR"},{"@type":"Organization","@id":"https:\/\/www.axeptabnpparibas.lu\/#organization","name":"Axepta BNP Paribas Benelux","url":"https:\/\/www.axeptabnpparibas.lu\/","logo":{"@type":"ImageObject","inLanguage":"fr-FR","@id":"https:\/\/www.axeptabnpparibas.lu\/#\/schema\/logo\/image\/","url":"\/wp-content\/uploads\/sites\/2\/2020\/03\/Logo-BNP.svg","contentUrl":"\/wp-content\/uploads\/sites\/2\/2020\/03\/Logo-BNP.svg","caption":"Axepta BNP Paribas Benelux"},"image":{"@id":"https:\/\/www.axeptabnpparibas.lu\/#\/schema\/logo\/image\/"}}]}},"_links":{"self":[{"href":"https:\/\/www.axeptabnpparibas.lu\/fr\/wp-json\/wp\/v2\/pages\/2234","targetHints":{"allow":["GET"]}}],"collection":[{"href":"https:\/\/www.axeptabnpparibas.lu\/fr\/wp-json\/wp\/v2\/pages"}],"about":[{"href":"https:\/\/www.axeptabnpparibas.lu\/fr\/wp-json\/wp\/v2\/types\/page"}],"author":[{"embeddable":true,"href":"https:\/\/www.axeptabnpparibas.lu\/fr\/wp-json\/wp\/v2\/users\/17"}],"replies":[{"embeddable":true,"href":"https:\/\/www.axeptabnpparibas.lu\/fr\/wp-json\/wp\/v2\/comments?post=2234"}],"version-history":[{"count":14,"href":"https:\/\/www.axeptabnpparibas.lu\/fr\/wp-json\/wp\/v2\/pages\/2234\/revisions"}],"predecessor-version":[{"id":24071,"href":"https:\/\/www.axeptabnpparibas.lu\/fr\/wp-json\/wp\/v2\/pages\/2234\/revisions\/24071"}],"wp:attachment":[{"href":"https:\/\/www.axeptabnpparibas.lu\/fr\/wp-json\/wp\/v2\/media?parent=2234"}],"curies":[{"name":"wp","href":"https:\/\/api.w.org\/{rel}","templated":true}]}}