{"id":22121,"date":"2025-03-31T15:22:32","date_gmt":"2025-03-31T13:22:32","guid":{"rendered":"https:\/\/lux.axeptabnpparibas.be\/?page_id=22121"},"modified":"2025-04-01T15:18:58","modified_gmt":"2025-04-01T13:18:58","slug":"whistleblowing-fr","status":"publish","type":"page","link":"https:\/\/www.axeptabnpparibas.lu\/fr\/whistleblowing-fr\/","title":{"rendered":"Whistleblowing FR"},"content":{"rendered":"\n<div class=\"wp-block-group alignfull axepta-classic-content has-medium-font-size\"><div class=\"wp-block-group__inner-container is-layout-constrained wp-block-group-is-layout-constrained\">\n<div class=\"wp-block-columns is-layout-flex wp-container-core-columns-is-layout-9d6595d7 wp-block-columns-is-layout-flex\">\n<div class=\"wp-block-column is-layout-flow wp-block-column-is-layout-flow\">\n<p class=\"has-green-bnp-color has-text-color has-link-color wp-elements-c9f8775fee33df68906ddffa1e26c97f\" style=\"text-transform:uppercase\">Dispositif d\u2019alerte Axepta BNP Paribas Benelux<\/p>\n\n\n\n<h2 class=\"wp-block-heading\">Signaler les irr\u00e9gularit\u00e9s confidentiellement<\/h2>\n\n\n\n<p><strong><strong><strong>Si vous \u00eates client d\u2019Axepta BNP Paribas Benelux et que vous souhaitez faire part d\u2019une insatisfaction ou d\u2019une r\u00e9clamation, merci de vous adresser \u00e0 votre interlocuteur habituel ou via le formulaire d\u00e9di\u00e9 \u00e0 cet effet.<\/strong><\/strong><\/strong><\/p>\n\n\n\n<p>Axepta BNP Paribas Benelux est engag\u00e9e \u00e0 respecter scrupuleusement les lois et r\u00e8glements, ainsi qu&rsquo;\u00e0 faire appliquer les r\u00e8gles expos\u00e9es dans&nbsp;<a href=\"https:\/\/www.bnpparibasfortis.com\/fr\/votre-banque\/a-propos\/Article\/code-de-conduite\" target=\"_blank\" rel=\"noreferrer noopener\">le Code de Conduite du Groupe<\/a>.<br><br>Le dispositif d\u2019alerte Axepta BNP Paribas Benelux est plac\u00e9 sous la responsabilit\u00e9 du Chief Compliance Officer.<\/p>\n\n\n\n<p>La plateforme d\u2019alerte accessible \u00e0 partir de cette page ou par t\u00e9l\u00e9phone au num\u00e9ro 08000 13 637, vous permet de signaler des informations portant sur un crime ou un d\u00e9lit, une menace ou un pr\u00e9judice pour l\u2019int\u00e9r\u00eat g\u00e9n\u00e9ral, une violation ou une tentative de dissimulation d\u2019une violation du droit applicable et contraignant (lois, r\u00e8glements, \u2026) ou un manquement au Code de Conduite du Groupe.<br><br>Les signalements sont trait\u00e9s par des experts ind\u00e9pendants (R\u00e9f\u00e9rents), de fa\u00e7on confidentielle et conform\u00e9ment aux r\u00e9glementations en vigueur. Le d\u00e9p\u00f4t d\u2019une alerte peut se faire de mani\u00e8re anonyme ou non.<br><br>Les lanceurs d\u2019alerte b\u00e9n\u00e9ficient d\u2019une protection contre le risque de repr\u00e9sailles pr\u00e9vue par la l\u00e9gislation applicable.<br><br>L&rsquo;utilisation abusive du dispositif peut exposer son auteur \u00e0 des sanctions ou des poursuites.&nbsp;<br><br>Je reconnais avoir lu et compris les informations relatives au dispositif d\u2019alerte d\u2019Axepta BNP Paribas Benelux et \u00e0&nbsp;<a href=\"https:\/\/axeptabnpparibas.lu\/fr\/politique-de-confidentialite\/\" target=\"_blank\" rel=\"noreferrer noopener\">la protection des donn\u00e9es \u00e0 caract\u00e8re personnel<\/a><\/p>\n\n\n\n<h4 class=\"wp-block-heading\">Foire aux questions<\/h4>\n\n\n\n<p><strong>Quand effectuer un signalement&nbsp;?<\/strong><br>Lorsque vous avez des raisons de penser qu\u2019une violation de la loi ou du Code de Conduite de BNP Paribas a \u00e9t\u00e9 commise ou en cas d\u2019une menace ou d\u2019un pr\u00e9judice pour l\u2019int\u00e9r\u00eat g\u00e9n\u00e9ral.<\/p>\n\n\n\n<p><strong>Qui peut effectuer un signalement&nbsp;?<\/strong><br>Ce syst\u00e8me peut \u00eatre utilis\u00e9 par: les collaborateurs, les stagiaires, les int\u00e9rimaires, les sous-traitants \u0153uvrant \u00e0 des projets au sein d\u2019Axepta BNP Paribas Benelux, les candidats \u00e0 un emploi, les anciens collaborateurs Axepta BNP Paribas Benelux, les actionnaires et membres du Conseil d\u2019Administration, les co-contractants (par exemple les fournisseurs) ainsi que leurs sous-traitants.<\/p>\n\n\n\n<p><strong>Comment effectuer un signalement&nbsp;?<\/strong><br>Si vous \u00eates un Tiers externe : utiliser le formulaire accessible sur cette page;<br>Si vous \u00eates Collaborateur (interne ou externe) : suivre le lien \u00e0 la page&nbsp;<a href=\"https:\/\/portal.be.echonet\/fr\/bcq\/bnppf\/functions\/compliance\/whistleblowing\/whistleblowing\" target=\"_blank\" rel=\"noreferrer noopener\">intranet<\/a>.<\/p>\n\n\n\n<p><strong>Mon signalement peut-il \u00eatre anonyme&nbsp;?<\/strong><br>Oui, votre signalement peut \u00eatre anonyme. N\u00e9anmoins, il vous est recommand\u00e9 de fournir des informations permettant au R\u00e9f\u00e9rent de vous contacter.<\/p>\n\n\n\n<p><strong>Serai-je inform\u00e9 des suites donn\u00e9es \u00e0 mon signalement ?<\/strong><br>Un accus\u00e9 de r\u00e9ception vous sera envoy\u00e9 \u00e0 la suite de la r\u00e9ception du signalement. Des questions pourront vous \u00eatre pos\u00e9es afin de mener l&rsquo;enqu\u00eate de mani\u00e8re appropri\u00e9e. Vous serez ensuite inform\u00e9 de l\u2019\u00e9tat d\u2019avancement du traitement de votre signalement \u00e0 l&rsquo;issue de l\u2019enqu\u00eate.<\/p>\n\n\n\n<p><strong>La confidentialit\u00e9 sera-t-elle assur\u00e9e ?<\/strong><br>Oui, les R\u00e9f\u00e9rents sont form\u00e9s \u00e0 traiter les signalements de mani\u00e8re confidentielle et ils\/elles prennent des mesures appropri\u00e9es pour le faire.<\/p>\n\n\n\n<p><strong>Existe-t-il des canaux externes?<\/strong><br>A c\u00f4t\u00e9 du syst\u00e8me d\u2019alerte interne, il existe \u00e9galement la possibilit\u00e9 d\u2019adresser un signalement externe. Soit aupr\u00e8s de l\u2019une des autorit\u00e9s d\u00e9sign\u00e9es par l\u2019Arr\u00eat\u00e9 Royal du 22\/01\/2023 portant d\u00e9signation des autorit\u00e9s comp\u00e9tentes pour la mise en \u0153uvre de la loi du 28 novembre 2022 sur la protection des personnes qui signalent des violations au droit de l&rsquo;Union ou au droit national constat\u00e9es au sein d&rsquo;une entit\u00e9 juridique du secteur priv\u00e9. La Banque nationale de Belgique ainsi que l\u2019Autorit\u00e9 des services et march\u00e9s financiers font partie de ces autorit\u00e9s comp\u00e9tentes.<\/p>\n\n\n\n<p>Soit aupr\u00e8s des M\u00e9diateurs f\u00e9d\u00e9raux.\u00a0Vous trouverez plus d\u2019informations \u00e0 ce propos sur le site du M\u00e9diateur f\u00e9d\u00e9ral\u00a0:\u00a0<a href=\"https:\/\/www.federaalombudsman.be\/fr\" target=\"_blank\" rel=\"noreferrer noopener\">Federaalombudsman.be<\/a>.<\/p>\n\n\n\n<p>Il est \u00e9galement possible de r\u00e9alis\u00e9 une d\u00e9nonciation publique aux conditions fix\u00e9es par la loi du 28 novembre 2022 sur la protection des personnes qui signalent des violations au droit de l&rsquo;Union ou au droit national constat\u00e9es au sein d&rsquo;une entit\u00e9 juridique du secteur priv\u00e9.<\/p>\n\n\n\n<div style=\"height:50px\" aria-hidden=\"true\" class=\"wp-block-spacer\"><\/div>\n<\/div>\n\n\n\n<div class=\"wp-block-column is-layout-flow wp-block-column-is-layout-flow\" style=\"flex-basis:25%\">\n<div class=\"wp-block-group axepta-sticky-content\"><div class=\"wp-block-group__inner-container is-layout-constrained wp-block-group-is-layout-constrained\">\n<div class=\"wp-block-buttons is-layout-flex wp-block-buttons-is-layout-flex\">\n<div class=\"wp-block-button\"><a class=\"wp-block-button__link has-white-bnp-color has-text-color has-background has-link-color wp-element-button\" href=\"https:\/\/secure.ethicspoint.eu\/domain\/media\/fr\/gui\/110837\/index.html\" style=\"background-color:#00915a\" target=\"_blank\" rel=\"noreferrer noopener\">Acceder \u00e0 la plateforme Whistleblowing<\/a><\/div>\n<\/div>\n<\/div><\/div>\n<\/div>\n<\/div>\n<\/div><\/div>\n","protected":false},"excerpt":{"rendered":"<p>Dispositif d\u2019alerte Axepta BNP Paribas Benelux Signaler les irr\u00e9gularit\u00e9s confidentiellement Si vous \u00eates client d\u2019Axepta BNP Paribas Benelux et que vous souhaitez faire part d\u2019une insatisfaction ou d\u2019une r\u00e9clamation, merci de vous adresser \u00e0 votre interlocuteur habituel ou via le formulaire d\u00e9di\u00e9 \u00e0 cet effet. Axepta BNP Paribas Benelux est engag\u00e9e \u00e0 respecter scrupuleusement les [&hellip;]<\/p>\n","protected":false},"author":17,"featured_media":0,"parent":0,"menu_order":0,"comment_status":"closed","ping_status":"closed","template":"","meta":{"_acf_changed":false,"footnotes":""},"class_list":["post-22121","page","type-page","status-publish","hentry"],"acf":[],"yoast_head":"<!-- This site is optimized with the Yoast SEO plugin v27.3 - https:\/\/yoast.com\/product\/yoast-seo-wordpress\/ -->\n<title>Whistleblowing FR - Axepta BNP Paribas Benelux<\/title>\n<meta name=\"robots\" content=\"index, follow, max-snippet:-1, max-image-preview:large, max-video-preview:-1\" \/>\n<link rel=\"canonical\" href=\"https:\/\/www.axeptabnpparibas.lu\/fr\/whistleblowing-fr\/\" \/>\n<meta property=\"og:locale\" content=\"fr_FR\" \/>\n<meta property=\"og:type\" content=\"article\" \/>\n<meta property=\"og:title\" content=\"Whistleblowing FR - Axepta BNP Paribas Benelux\" \/>\n<meta property=\"og:description\" content=\"Dispositif d\u2019alerte Axepta BNP Paribas Benelux Signaler les irr\u00e9gularit\u00e9s confidentiellement Si vous \u00eates client d\u2019Axepta BNP Paribas Benelux et que vous souhaitez faire part d\u2019une insatisfaction ou d\u2019une r\u00e9clamation, merci de vous adresser \u00e0 votre interlocuteur habituel ou via le formulaire d\u00e9di\u00e9 \u00e0 cet effet. Axepta BNP Paribas Benelux est engag\u00e9e \u00e0 respecter scrupuleusement les [&hellip;]\" \/>\n<meta property=\"og:url\" content=\"https:\/\/www.axeptabnpparibas.lu\/fr\/whistleblowing-fr\/\" \/>\n<meta property=\"og:site_name\" content=\"Axepta BNP Paribas Benelux\" \/>\n<meta property=\"article:modified_time\" content=\"2025-04-01T13:18:58+00:00\" \/>\n<meta name=\"twitter:card\" content=\"summary_large_image\" \/>\n<meta name=\"twitter:label1\" content=\"Dur\u00e9e de lecture estim\u00e9e\" \/>\n\t<meta name=\"twitter:data1\" content=\"3 minutes\" \/>\n<script type=\"application\/ld+json\" class=\"yoast-schema-graph\">{\"@context\":\"https:\\\/\\\/schema.org\",\"@graph\":[{\"@type\":\"WebPage\",\"@id\":\"https:\\\/\\\/www.axeptabnpparibas.lu\\\/fr\\\/whistleblowing-fr\\\/\",\"url\":\"https:\\\/\\\/www.axeptabnpparibas.lu\\\/fr\\\/whistleblowing-fr\\\/\",\"name\":\"Whistleblowing FR - Axepta BNP Paribas Benelux\",\"isPartOf\":{\"@id\":\"https:\\\/\\\/www.axeptabnpparibas.lu\\\/#website\"},\"datePublished\":\"2025-03-31T13:22:32+00:00\",\"dateModified\":\"2025-04-01T13:18:58+00:00\",\"breadcrumb\":{\"@id\":\"https:\\\/\\\/www.axeptabnpparibas.lu\\\/fr\\\/whistleblowing-fr\\\/#breadcrumb\"},\"inLanguage\":\"fr-FR\",\"potentialAction\":[{\"@type\":\"ReadAction\",\"target\":[\"https:\\\/\\\/www.axeptabnpparibas.lu\\\/fr\\\/whistleblowing-fr\\\/\"]}]},{\"@type\":\"BreadcrumbList\",\"@id\":\"https:\\\/\\\/www.axeptabnpparibas.lu\\\/fr\\\/whistleblowing-fr\\\/#breadcrumb\",\"itemListElement\":[{\"@type\":\"ListItem\",\"position\":1,\"name\":\"Home\",\"item\":\"https:\\\/\\\/www.axeptabnpparibas.lu\\\/fr\\\/\"},{\"@type\":\"ListItem\",\"position\":2,\"name\":\"Whistleblowing FR\"}]},{\"@type\":\"WebSite\",\"@id\":\"https:\\\/\\\/www.axeptabnpparibas.lu\\\/#website\",\"url\":\"https:\\\/\\\/www.axeptabnpparibas.lu\\\/\",\"name\":\"Axepta BNP Paribas Benelux\",\"description\":\"\",\"publisher\":{\"@id\":\"https:\\\/\\\/www.axeptabnpparibas.lu\\\/#organization\"},\"potentialAction\":[{\"@type\":\"SearchAction\",\"target\":{\"@type\":\"EntryPoint\",\"urlTemplate\":\"https:\\\/\\\/www.axeptabnpparibas.lu\\\/?s={search_term_string}\"},\"query-input\":{\"@type\":\"PropertyValueSpecification\",\"valueRequired\":true,\"valueName\":\"search_term_string\"}}],\"inLanguage\":\"fr-FR\"},{\"@type\":\"Organization\",\"@id\":\"https:\\\/\\\/www.axeptabnpparibas.lu\\\/#organization\",\"name\":\"Axepta BNP Paribas Benelux\",\"url\":\"https:\\\/\\\/www.axeptabnpparibas.lu\\\/\",\"logo\":{\"@type\":\"ImageObject\",\"inLanguage\":\"fr-FR\",\"@id\":\"https:\\\/\\\/www.axeptabnpparibas.lu\\\/#\\\/schema\\\/logo\\\/image\\\/\",\"url\":\"\\\/wp-content\\\/uploads\\\/sites\\\/2\\\/2020\\\/03\\\/Logo-BNP.svg\",\"contentUrl\":\"\\\/wp-content\\\/uploads\\\/sites\\\/2\\\/2020\\\/03\\\/Logo-BNP.svg\",\"caption\":\"Axepta BNP Paribas Benelux\"},\"image\":{\"@id\":\"https:\\\/\\\/www.axeptabnpparibas.lu\\\/#\\\/schema\\\/logo\\\/image\\\/\"}}]}<\/script>\n<!-- \/ Yoast SEO plugin. -->","yoast_head_json":{"title":"Whistleblowing FR - Axepta BNP Paribas Benelux","robots":{"index":"index","follow":"follow","max-snippet":"max-snippet:-1","max-image-preview":"max-image-preview:large","max-video-preview":"max-video-preview:-1"},"canonical":"https:\/\/www.axeptabnpparibas.lu\/fr\/whistleblowing-fr\/","og_locale":"fr_FR","og_type":"article","og_title":"Whistleblowing FR - Axepta BNP Paribas Benelux","og_description":"Dispositif d\u2019alerte Axepta BNP Paribas Benelux Signaler les irr\u00e9gularit\u00e9s confidentiellement Si vous \u00eates client d\u2019Axepta BNP Paribas Benelux et que vous souhaitez faire part d\u2019une insatisfaction ou d\u2019une r\u00e9clamation, merci de vous adresser \u00e0 votre interlocuteur habituel ou via le formulaire d\u00e9di\u00e9 \u00e0 cet effet. Axepta BNP Paribas Benelux est engag\u00e9e \u00e0 respecter scrupuleusement les [&hellip;]","og_url":"https:\/\/www.axeptabnpparibas.lu\/fr\/whistleblowing-fr\/","og_site_name":"Axepta BNP Paribas Benelux","article_modified_time":"2025-04-01T13:18:58+00:00","twitter_card":"summary_large_image","twitter_misc":{"Dur\u00e9e de lecture estim\u00e9e":"3 minutes"},"schema":{"@context":"https:\/\/schema.org","@graph":[{"@type":"WebPage","@id":"https:\/\/www.axeptabnpparibas.lu\/fr\/whistleblowing-fr\/","url":"https:\/\/www.axeptabnpparibas.lu\/fr\/whistleblowing-fr\/","name":"Whistleblowing FR - Axepta BNP Paribas Benelux","isPartOf":{"@id":"https:\/\/www.axeptabnpparibas.lu\/#website"},"datePublished":"2025-03-31T13:22:32+00:00","dateModified":"2025-04-01T13:18:58+00:00","breadcrumb":{"@id":"https:\/\/www.axeptabnpparibas.lu\/fr\/whistleblowing-fr\/#breadcrumb"},"inLanguage":"fr-FR","potentialAction":[{"@type":"ReadAction","target":["https:\/\/www.axeptabnpparibas.lu\/fr\/whistleblowing-fr\/"]}]},{"@type":"BreadcrumbList","@id":"https:\/\/www.axeptabnpparibas.lu\/fr\/whistleblowing-fr\/#breadcrumb","itemListElement":[{"@type":"ListItem","position":1,"name":"Home","item":"https:\/\/www.axeptabnpparibas.lu\/fr\/"},{"@type":"ListItem","position":2,"name":"Whistleblowing FR"}]},{"@type":"WebSite","@id":"https:\/\/www.axeptabnpparibas.lu\/#website","url":"https:\/\/www.axeptabnpparibas.lu\/","name":"Axepta BNP Paribas Benelux","description":"","publisher":{"@id":"https:\/\/www.axeptabnpparibas.lu\/#organization"},"potentialAction":[{"@type":"SearchAction","target":{"@type":"EntryPoint","urlTemplate":"https:\/\/www.axeptabnpparibas.lu\/?s={search_term_string}"},"query-input":{"@type":"PropertyValueSpecification","valueRequired":true,"valueName":"search_term_string"}}],"inLanguage":"fr-FR"},{"@type":"Organization","@id":"https:\/\/www.axeptabnpparibas.lu\/#organization","name":"Axepta BNP Paribas Benelux","url":"https:\/\/www.axeptabnpparibas.lu\/","logo":{"@type":"ImageObject","inLanguage":"fr-FR","@id":"https:\/\/www.axeptabnpparibas.lu\/#\/schema\/logo\/image\/","url":"\/wp-content\/uploads\/sites\/2\/2020\/03\/Logo-BNP.svg","contentUrl":"\/wp-content\/uploads\/sites\/2\/2020\/03\/Logo-BNP.svg","caption":"Axepta BNP Paribas Benelux"},"image":{"@id":"https:\/\/www.axeptabnpparibas.lu\/#\/schema\/logo\/image\/"}}]}},"_links":{"self":[{"href":"https:\/\/www.axeptabnpparibas.lu\/fr\/wp-json\/wp\/v2\/pages\/22121","targetHints":{"allow":["GET"]}}],"collection":[{"href":"https:\/\/www.axeptabnpparibas.lu\/fr\/wp-json\/wp\/v2\/pages"}],"about":[{"href":"https:\/\/www.axeptabnpparibas.lu\/fr\/wp-json\/wp\/v2\/types\/page"}],"author":[{"embeddable":true,"href":"https:\/\/www.axeptabnpparibas.lu\/fr\/wp-json\/wp\/v2\/users\/17"}],"replies":[{"embeddable":true,"href":"https:\/\/www.axeptabnpparibas.lu\/fr\/wp-json\/wp\/v2\/comments?post=22121"}],"version-history":[{"count":4,"href":"https:\/\/www.axeptabnpparibas.lu\/fr\/wp-json\/wp\/v2\/pages\/22121\/revisions"}],"predecessor-version":[{"id":22152,"href":"https:\/\/www.axeptabnpparibas.lu\/fr\/wp-json\/wp\/v2\/pages\/22121\/revisions\/22152"}],"wp:attachment":[{"href":"https:\/\/www.axeptabnpparibas.lu\/fr\/wp-json\/wp\/v2\/media?parent=22121"}],"curies":[{"name":"wp","href":"https:\/\/api.w.org\/{rel}","templated":true}]}}