{"id":16461,"date":"2023-07-24T12:17:51","date_gmt":"2023-07-24T10:17:51","guid":{"rendered":"https:\/\/www.axepta.be\/?page_id=16461"},"modified":"2023-08-14T14:08:03","modified_gmt":"2023-08-14T12:08:03","slug":"buy-a-payment-terminal","status":"publish","type":"page","link":"https:\/\/www.axeptabnpparibas.lu\/fr\/buy-a-payment-terminal\/","title":{"rendered":"Acheter un terminal de paiement"},"content":{"rendered":"\r\n<div id=\"header-classic-block_9ce0f10dc00ed45c4a7dcc636c8896c9\" class=\"block-header-classic   image--mobile-default\">\r\n\r\n    <div class=\"container\">    \r\n\r\n      <div class=\"block-header-classic-content\">\r\n                  <span class=\"title-category\">D\u00e9couvrez les avantages d&rsquo;acheter un terminal de paiement<\/span>\r\n          \r\n\r\n                  <h1 class=\"title\">Acheter un terminal de paiement<\/h1>\r\n                \r\n                  <div class=\"abstract\"><p>Vous souhaitez avoir un contr\u00f4le total sur vos processus de paiement et en m\u00eame temps contr\u00f4ler vos co\u00fbts ?<\/p>\n<p>Avec nos terminaux de paiement optimis\u00e9s, nous vous aidons \u00e0 accepter les paiements par carte sans effort et \u00e0 propulser votre entreprise vers de nouveaux sommets.<\/p>\n<\/div>\r\n        \r\n              <\/div>\r\n\r\n      <div class=\"block-header-classic-image\">\r\n                    <div class=\"image\">\r\n                <img loading=\"lazy\" decoding=\"async\" width=\"475\" height=\"316\" src=\"\/wp-content\/uploads\/sites\/2\/2023\/01\/Untitled-design-475x316.png\" class=\"attachment-image-header-classic size-image-header-classic\" alt=\"\" \/>            <\/div>\r\n              <\/div>\r\n      \r\n    <\/div>\r\n\r\n<\/div>\n\n\n<div id=\"feature-list-block_4b09ebee0d3153a92abbdbfa8242026a\" class=\"block-feature-list  block-feature-list-new\">\n  \n  <div class=\"container\">\n\n    <div class=\"block-feature-list-container\">\n            <div class=\"block-feature-list-header\">\n                  <span class=\"title-category\">D&rsquo;innombrables avantages pour votre entreprise<\/span>\n        \n                  <h2 class=\"title\">Pourquoi acheter un terminal de paiement ?<\/h2>\n                    \n              <\/div>\n      \n      \n\t\t\n\t<div class=\"block-feature-list-content count-2\">\n\t\t\t\n          \n          \n          <div class=\"feature feature--1\">\n\t\t\t                <div class=\"visual\">\n                                    <img loading=\"lazy\" decoding=\"async\" width=\"252\" height=\"156\" src=\"\/wp-content\/uploads\/sites\/2\/2020\/09\/30.png\" class=\"attachment-full size-full\" alt=\"Saferpay business\" srcset=\"\/wp-content\/uploads\/sites\/2\/2020\/09\/30.png 252w, \/wp-content\/uploads\/sites\/2\/2020\/09\/30-57x35.png 57w\" sizes=\"auto, (max-width: 252px) 100vw, 252px\" \/>                              <\/div>\n              <div class=\"infos\">\n                                                  <h3 class=\"title\">Propri\u00e9t\u00e9 et contr\u00f4le complets<\/h3>\n                                                  <div class=\"abstract\">Cela signifie que vous avez la libert\u00e9 d&rsquo;utiliser votre terminal de paiement comme bon vous semble. Il s&rsquo;agit d&rsquo;un investissement ponctuel qui offre une valeur \u00e0 long terme.<\/div>\n                              <\/div>\n\t\t\t\t\t           <\/div>\n\t\t\t\n\t\t\t\n          \n          \n          <div class=\"feature feature--2\">\n\t\t\t                <div class=\"visual\">\n                                    <img loading=\"lazy\" decoding=\"async\" width=\"1024\" height=\"1023\" src=\"\/wp-content\/uploads\/sites\/2\/2020\/09\/producten-vergelijken.png\" class=\"attachment-full size-full\" alt=\"\" srcset=\"\/wp-content\/uploads\/sites\/2\/2020\/09\/producten-vergelijken.png 1024w, \/wp-content\/uploads\/sites\/2\/2020\/09\/producten-vergelijken-300x300.png 300w, \/wp-content\/uploads\/sites\/2\/2020\/09\/producten-vergelijken-150x150.png 150w, \/wp-content\/uploads\/sites\/2\/2020\/09\/producten-vergelijken-768x767.png 768w, \/wp-content\/uploads\/sites\/2\/2020\/09\/producten-vergelijken-35x35.png 35w, \/wp-content\/uploads\/sites\/2\/2020\/09\/producten-vergelijken-475x475.png 475w\" sizes=\"auto, (max-width: 1024px) 100vw, 1024px\" \/>                              <\/div>\n              <div class=\"infos\">\n                                                  <h3 class=\"title\">Rapidit\u00e9 et commodit\u00e9<\/h3>\n                                                  <div class=\"abstract\">Vous pouvez traiter les paiements par carte rapidement, efficacement et en toute s\u00e9curit\u00e9, en minimisant les temps d&rsquo;attente et en augmentant la satisfaction des clients.<\/div>\n                              <\/div>\n\t\t\t\t\t           <\/div>\n\t\t\t\n\t\t\t\n          \n        <\/div>\n\n          <\/div>\n\n  <\/div>\n\n<\/div>\n\n\n<div id=\"title-category-image-block_76216cfaf108f36f9a98c51c7c9d79e4\" class=\"block-title-category-image     mozaique-hidden image--mobile-default\">\n\n    <div class=\"container\">\n\n                    <div class=\"image\">\n                <img loading=\"lazy\" decoding=\"async\" width=\"475\" height=\"286\" src=\"\/wp-content\/uploads\/sites\/2\/2022\/10\/chargeback-475x286.png\" class=\"attachment-image-title-category size-image-title-category\" alt=\"\" srcset=\"\/wp-content\/uploads\/sites\/2\/2022\/10\/chargeback-475x286.png 475w, \/wp-content\/uploads\/sites\/2\/2022\/10\/chargeback-300x181.png 300w, \/wp-content\/uploads\/sites\/2\/2022\/10\/chargeback-1024x618.png 1024w, \/wp-content\/uploads\/sites\/2\/2022\/10\/chargeback-768x463.png 768w, \/wp-content\/uploads\/sites\/2\/2022\/10\/chargeback-1536x926.png 1536w, \/wp-content\/uploads\/sites\/2\/2022\/10\/chargeback-2048x1235.png 2048w, \/wp-content\/uploads\/sites\/2\/2022\/10\/chargeback-58x35.png 58w\" sizes=\"auto, (max-width: 475px) 100vw, 475px\" \/>            <\/div>\n        \n        <div class=\"infos\">        \n              \n\n                            <h2 class=\"title\">Acceptez les paiements par carte sans effort<\/h2>\n                        \n                                <div class=\"abstract\"><p>Avec un terminal de paiement Axepta BNP Paribas, ce processus devient simple et sans tracas. Nos terminaux de paiement prennent en charge une large gamme de m\u00e9thodes de paiement telles que Visa, Mastercard, Bancontact, Apple Pay et Google Pay.<\/p>\n<\/div>\n            \n                    <\/div>\n\n    <\/div>\n\n<\/div>\n\n\n<div style=\"height:28px\" aria-hidden=\"true\" class=\"wp-block-spacer\"><\/div>\n\n\n<div class=\"wp-block-image\">\n<figure class=\"aligncenter size-full\"><img loading=\"lazy\" decoding=\"async\" width=\"600\" height=\"65\" src=\"https:\/\/axeptabnpparibas.lu\/wp-content\/uploads\/sites\/2\/2023\/05\/Untitled-design-2.png\" alt=\"\" class=\"wp-image-14937\" srcset=\"\/wp-content\/uploads\/sites\/2\/2023\/05\/Untitled-design-2.png 600w, \/wp-content\/uploads\/sites\/2\/2023\/05\/Untitled-design-2-300x33.png 300w, \/wp-content\/uploads\/sites\/2\/2023\/05\/Untitled-design-2-590x65.png 590w, \/wp-content\/uploads\/sites\/2\/2023\/05\/Untitled-design-2-120x13.png 120w, \/wp-content\/uploads\/sites\/2\/2023\/05\/Untitled-design-2-475x51.png 475w\" sizes=\"auto, (max-width: 600px) 100vw, 600px\" \/><\/figure><\/div>\n\n\n<div style=\"height:50px\" aria-hidden=\"true\" class=\"wp-block-spacer\"><\/div>\n\n\n\r\n<div id=\"numbers-results-block_32a349ad4ed645e68b19ad68944c664a\" class=\"block-numbers-results  \">\r\n  <div class=\"container\">\r\n    <div class=\"block-header\">\r\n      \r\n              <h2 class=\"title\">B\u00e9n\u00e9ficiez de notre expertise et de notre accompagnement<\/h2>\r\n                  \r\n          <\/div>\r\n\r\n    \r\n    <div class=\"home-numbers-container\">\r\n        \r\n        \r\n        <div class=\"home-number\">\r\n                    <div class=\"home-number-flex\">\r\n            <div class=\"home-number-visual\">\r\n                          <img loading=\"lazy\" decoding=\"async\" width=\"800\" height=\"800\" src=\"\/wp-content\/uploads\/sites\/2\/2022\/08\/image_7.png\" class=\"attachment-full size-full\" alt=\"\" srcset=\"\/wp-content\/uploads\/sites\/2\/2022\/08\/image_7.png 800w, \/wp-content\/uploads\/sites\/2\/2022\/08\/image_7-300x300.png 300w, \/wp-content\/uploads\/sites\/2\/2022\/08\/image_7-150x150.png 150w, \/wp-content\/uploads\/sites\/2\/2022\/08\/image_7-768x768.png 768w, \/wp-content\/uploads\/sites\/2\/2022\/08\/image_7-35x35.png 35w, \/wp-content\/uploads\/sites\/2\/2022\/08\/image_7-475x475.png 475w\" sizes=\"auto, (max-width: 800px) 100vw, 800px\" \/>                        <\/div>\r\n            <div class=\"home-number-content\">\r\n                                                        <div class=\"abstract\">Notre \u00e9quipe est pr\u00eate \u00e0 vous guider dans l&rsquo;installation, l&rsquo;utilisation et la maintenance de votre terminal.<\/div>\r\n                          <\/div>\r\n          <\/div>\r\n        <\/div>\r\n\r\n        \r\n        \r\n        <div class=\"home-number\">\r\n                    <div class=\"home-number-flex\">\r\n            <div class=\"home-number-visual\">\r\n                          <img loading=\"lazy\" decoding=\"async\" width=\"150\" height=\"150\" src=\"\/wp-content\/uploads\/sites\/2\/2022\/11\/icon-1.png\" class=\"attachment-full size-full\" alt=\"\" srcset=\"\/wp-content\/uploads\/sites\/2\/2022\/11\/icon-1.png 150w, \/wp-content\/uploads\/sites\/2\/2022\/11\/icon-1-35x35.png 35w\" sizes=\"auto, (max-width: 150px) 100vw, 150px\" \/>                        <\/div>\r\n            <div class=\"home-number-content\">\r\n                                                        <div class=\"abstract\">Nous veillons \u00e0 ce que vous puissiez profiter de mani\u00e8re optimale des fonctionnalit\u00e9s de l&rsquo;appareil<\/div>\r\n                          <\/div>\r\n          <\/div>\r\n        <\/div>\r\n\r\n        \r\n        \r\n        <div class=\"home-number\">\r\n                    <div class=\"home-number-flex\">\r\n            <div class=\"home-number-visual\">\r\n                          <img loading=\"lazy\" decoding=\"async\" width=\"150\" height=\"150\" src=\"\/wp-content\/uploads\/sites\/2\/2022\/11\/icon-2.png\" class=\"attachment-full size-full\" alt=\"\" srcset=\"\/wp-content\/uploads\/sites\/2\/2022\/11\/icon-2.png 150w, \/wp-content\/uploads\/sites\/2\/2022\/11\/icon-2-35x35.png 35w\" sizes=\"auto, (max-width: 150px) 100vw, 150px\" \/>                        <\/div>\r\n            <div class=\"home-number-content\">\r\n                                                        <div class=\"abstract\">Nous fournissons des mises \u00e0 jour r\u00e9guli\u00e8res pour vous assurer que vous \u00eates toujours \u00e0 jour avec les derni\u00e8res technologies.<\/div>\r\n                          <\/div>\r\n          <\/div>\r\n        <\/div>\r\n\r\n            <\/div>\r\n    \r\n    \r\n  <\/div>\r\n<\/div>\n\n\n<div style=\"height:25px\" aria-hidden=\"true\" class=\"wp-block-spacer\"><\/div>\n\n\n\n<div class=\"wp-block-buttons is-content-justification-center is-layout-flex wp-container-core-buttons-is-layout-16018d1d wp-block-buttons-is-layout-flex\">\n<div class=\"wp-block-button\"><a class=\"wp-block-button__link has-text-align-center wp-element-button\" href=\"https:\/\/axeptabnpparibas.lu\/fr\/devenir-client\/\"><mark style=\"background-color:rgba(0, 0, 0, 0)\" class=\"has-inline-color has-white-bnp-color\">Choisissez votre terminal de paiement<\/mark><\/a><\/div>\n<\/div>\n\n\n\n<div style=\"height:50px\" aria-hidden=\"true\" class=\"wp-block-spacer\"><\/div>\n\n\n\n<div id=\"title-category-image-block_71b3062de6907b4a6a4cc0e382873e85\" class=\"block-title-category-image    image-right mozaique-hidden image--mobile-default\">\n\n    <div class=\"container\">\n\n                    <div class=\"image\">\n                <img loading=\"lazy\" decoding=\"async\" width=\"475\" height=\"475\" src=\"\/wp-content\/uploads\/sites\/2\/2023\/07\/Al-vanaf-minder-dan-1E-per-maand-5-475x475.png\" class=\"attachment-image-title-category size-image-title-category\" alt=\"\" srcset=\"\/wp-content\/uploads\/sites\/2\/2023\/07\/Al-vanaf-minder-dan-1E-per-maand-5-475x475.png 475w, \/wp-content\/uploads\/sites\/2\/2023\/07\/Al-vanaf-minder-dan-1E-per-maand-5-300x300.png 300w, \/wp-content\/uploads\/sites\/2\/2023\/07\/Al-vanaf-minder-dan-1E-per-maand-5-150x150.png 150w, \/wp-content\/uploads\/sites\/2\/2023\/07\/Al-vanaf-minder-dan-1E-per-maand-5-35x35.png 35w, \/wp-content\/uploads\/sites\/2\/2023\/07\/Al-vanaf-minder-dan-1E-per-maand-5.png 500w\" sizes=\"auto, (max-width: 475px) 100vw, 475px\" \/>            <\/div>\n        \n        <div class=\"infos\">        \n              \n\n                            <h2 class=\"title\">Choisissez votre terminal de paiement<\/h2>\n                        \n                                <div class=\"abstract\"><p>Nos terminaux de paiement optimis\u00e9s sont fiables, conviviaux et de la plus haute qualit\u00e9. Nous comprenons que la fiabilit\u00e9 et la s\u00e9curit\u00e9 sont essentielles lors de l&rsquo;acceptation des paiements par carte, c&rsquo;est pourquoi nous nous sommes assur\u00e9s que nos terminaux r\u00e9pondent aux normes les plus \u00e9lev\u00e9es de l&rsquo;industrie.<\/p>\n<p>&nbsp;<\/p>\n<\/div>\n            \n                    <\/div>\n\n    <\/div>\n\n<\/div>\n\n\n<div style=\"height:33px\" aria-hidden=\"true\" class=\"wp-block-spacer\"><\/div>\n\n\n\n<div class=\"wp-block-buttons is-content-justification-center is-layout-flex wp-container-core-buttons-is-layout-16018d1d wp-block-buttons-is-layout-flex\">\n<div class=\"wp-block-button\"><a class=\"wp-block-button__link has-text-align-center wp-element-button\" href=\"https:\/\/axeptabnpparibas.lu\/fr\/devenir-client\/\"><mark style=\"background-color:rgba(0, 0, 0, 0)\" class=\"has-inline-color has-white-bnp-color\">Choisissez votre terminal de paiement<\/mark><\/a><\/div>\n<\/div>\n\n\n\n<div style=\"height:50px\" aria-hidden=\"true\" class=\"wp-block-spacer\"><\/div>\n\n\n\r\n<div id=\"cta-contact-block_76af6ade06d18b711493a32903da145a\" class=\"block-cta-contact  \">\r\n  <div class=\"container\">\r\n    <div class=\"block-cta-contact-content\">\r\n      <div>\r\n                    <h2 class=\"title\">Achetez un terminal de paiement chez Axepta BNP Paribas et profitez de paiements fluides, de clients satisfaits et d&rsquo;une entreprise prosp\u00e8re.<\/h2>\r\n            <\/div>\r\n      <div>\r\n            <\/div>\r\n    <\/div>\r\n  <\/div>\r\n<\/div>","protected":false},"excerpt":{"rendered":"","protected":false},"author":17,"featured_media":13818,"parent":0,"menu_order":0,"comment_status":"closed","ping_status":"closed","template":"","meta":{"_acf_changed":false,"footnotes":""},"class_list":["post-16461","page","type-page","status-publish","has-post-thumbnail","hentry"],"acf":[],"yoast_head":"<!-- This site is optimized with the Yoast SEO plugin v27.3 - https:\/\/yoast.com\/product\/yoast-seo-wordpress\/ -->\n<title>Acheter un terminal de paiement - Axepta BNP Paribas Benelux<\/title>\n<meta name=\"description\" content=\"Avec nos terminaux de paiement, nous vous aidons \u00e0 accepter les paiements par carte et \u00e0 propulser votre entreprise vers de nouveaux sommets.\" \/>\n<meta name=\"robots\" content=\"index, follow, max-snippet:-1, max-image-preview:large, max-video-preview:-1\" \/>\n<link rel=\"canonical\" href=\"https:\/\/www.axeptabnpparibas.lu\/buy-a-payment-terminal\/\" \/>\n<meta property=\"og:locale\" content=\"fr_FR\" \/>\n<meta property=\"og:type\" content=\"article\" \/>\n<meta property=\"og:title\" content=\"Acheter un terminal de paiement - Axepta BNP Paribas Benelux\" \/>\n<meta property=\"og:description\" content=\"Avec nos terminaux de paiement, nous vous aidons \u00e0 accepter les paiements par carte et \u00e0 propulser votre entreprise vers de nouveaux sommets.\" \/>\n<meta property=\"og:url\" content=\"https:\/\/www.axeptabnpparibas.lu\/buy-a-payment-terminal\/\" \/>\n<meta property=\"og:site_name\" content=\"Axepta BNP Paribas Benelux\" \/>\n<meta property=\"article:modified_time\" content=\"2023-08-14T12:08:03+00:00\" \/>\n<meta property=\"og:image\" content=\"https:\/\/www.axeptabnpparibas.lu\/wp-content\/uploads\/sites\/2\/2022\/12\/GettyImages-652722160.jpg\" \/>\n\t<meta property=\"og:image:width\" content=\"1900\" \/>\n\t<meta property=\"og:image:height\" content=\"1267\" \/>\n\t<meta property=\"og:image:type\" content=\"image\/jpeg\" \/>\n<meta name=\"twitter:card\" content=\"summary_large_image\" \/>\n<meta name=\"twitter:label1\" content=\"Dur\u00e9e de lecture estim\u00e9e\" \/>\n\t<meta name=\"twitter:data1\" content=\"1 minute\" \/>\n<script type=\"application\/ld+json\" class=\"yoast-schema-graph\">{\"@context\":\"https:\\\/\\\/schema.org\",\"@graph\":[{\"@type\":\"WebPage\",\"@id\":\"https:\\\/\\\/www.axeptabnpparibas.lu\\\/buy-a-payment-terminal\\\/\",\"url\":\"https:\\\/\\\/www.axeptabnpparibas.lu\\\/buy-a-payment-terminal\\\/\",\"name\":\"Acheter un terminal de paiement - Axepta BNP Paribas Benelux\",\"isPartOf\":{\"@id\":\"https:\\\/\\\/www.axeptabnpparibas.lu\\\/#website\"},\"primaryImageOfPage\":{\"@id\":\"https:\\\/\\\/www.axeptabnpparibas.lu\\\/buy-a-payment-terminal\\\/#primaryimage\"},\"image\":{\"@id\":\"https:\\\/\\\/www.axeptabnpparibas.lu\\\/buy-a-payment-terminal\\\/#primaryimage\"},\"thumbnailUrl\":\"\\\/wp-content\\\/uploads\\\/sites\\\/2\\\/2022\\\/12\\\/GettyImages-652722160.jpg\",\"datePublished\":\"2023-07-24T10:17:51+00:00\",\"dateModified\":\"2023-08-14T12:08:03+00:00\",\"description\":\"Avec nos terminaux de paiement, nous vous aidons \u00e0 accepter les paiements par carte et \u00e0 propulser votre entreprise vers de nouveaux sommets.\",\"breadcrumb\":{\"@id\":\"https:\\\/\\\/www.axeptabnpparibas.lu\\\/buy-a-payment-terminal\\\/#breadcrumb\"},\"inLanguage\":\"fr-FR\",\"potentialAction\":[{\"@type\":\"ReadAction\",\"target\":[\"https:\\\/\\\/www.axeptabnpparibas.lu\\\/buy-a-payment-terminal\\\/\"]}]},{\"@type\":\"ImageObject\",\"inLanguage\":\"fr-FR\",\"@id\":\"https:\\\/\\\/www.axeptabnpparibas.lu\\\/buy-a-payment-terminal\\\/#primaryimage\",\"url\":\"\\\/wp-content\\\/uploads\\\/sites\\\/2\\\/2022\\\/12\\\/GettyImages-652722160.jpg\",\"contentUrl\":\"\\\/wp-content\\\/uploads\\\/sites\\\/2\\\/2022\\\/12\\\/GettyImages-652722160.jpg\",\"width\":1900,\"height\":1267},{\"@type\":\"BreadcrumbList\",\"@id\":\"https:\\\/\\\/www.axeptabnpparibas.lu\\\/buy-a-payment-terminal\\\/#breadcrumb\",\"itemListElement\":[{\"@type\":\"ListItem\",\"position\":1,\"name\":\"Home\",\"item\":\"https:\\\/\\\/www.axeptabnpparibas.lu\\\/fr\\\/\"},{\"@type\":\"ListItem\",\"position\":2,\"name\":\"Acheter un terminal de paiement\"}]},{\"@type\":\"WebSite\",\"@id\":\"https:\\\/\\\/www.axeptabnpparibas.lu\\\/#website\",\"url\":\"https:\\\/\\\/www.axeptabnpparibas.lu\\\/\",\"name\":\"Axepta BNP Paribas Benelux\",\"description\":\"\",\"publisher\":{\"@id\":\"https:\\\/\\\/www.axeptabnpparibas.lu\\\/#organization\"},\"potentialAction\":[{\"@type\":\"SearchAction\",\"target\":{\"@type\":\"EntryPoint\",\"urlTemplate\":\"https:\\\/\\\/www.axeptabnpparibas.lu\\\/?s={search_term_string}\"},\"query-input\":{\"@type\":\"PropertyValueSpecification\",\"valueRequired\":true,\"valueName\":\"search_term_string\"}}],\"inLanguage\":\"fr-FR\"},{\"@type\":\"Organization\",\"@id\":\"https:\\\/\\\/www.axeptabnpparibas.lu\\\/#organization\",\"name\":\"Axepta BNP Paribas Benelux\",\"url\":\"https:\\\/\\\/www.axeptabnpparibas.lu\\\/\",\"logo\":{\"@type\":\"ImageObject\",\"inLanguage\":\"fr-FR\",\"@id\":\"https:\\\/\\\/www.axeptabnpparibas.lu\\\/#\\\/schema\\\/logo\\\/image\\\/\",\"url\":\"\\\/wp-content\\\/uploads\\\/sites\\\/2\\\/2020\\\/03\\\/Logo-BNP.svg\",\"contentUrl\":\"\\\/wp-content\\\/uploads\\\/sites\\\/2\\\/2020\\\/03\\\/Logo-BNP.svg\",\"caption\":\"Axepta BNP Paribas Benelux\"},\"image\":{\"@id\":\"https:\\\/\\\/www.axeptabnpparibas.lu\\\/#\\\/schema\\\/logo\\\/image\\\/\"}}]}<\/script>\n<!-- \/ Yoast SEO plugin. -->","yoast_head_json":{"title":"Acheter un terminal de paiement - Axepta BNP Paribas Benelux","description":"Avec nos terminaux de paiement, nous vous aidons \u00e0 accepter les paiements par carte et \u00e0 propulser votre entreprise vers de nouveaux sommets.","robots":{"index":"index","follow":"follow","max-snippet":"max-snippet:-1","max-image-preview":"max-image-preview:large","max-video-preview":"max-video-preview:-1"},"canonical":"https:\/\/www.axeptabnpparibas.lu\/buy-a-payment-terminal\/","og_locale":"fr_FR","og_type":"article","og_title":"Acheter un terminal de paiement - Axepta BNP Paribas Benelux","og_description":"Avec nos terminaux de paiement, nous vous aidons \u00e0 accepter les paiements par carte et \u00e0 propulser votre entreprise vers de nouveaux sommets.","og_url":"https:\/\/www.axeptabnpparibas.lu\/buy-a-payment-terminal\/","og_site_name":"Axepta BNP Paribas Benelux","article_modified_time":"2023-08-14T12:08:03+00:00","og_image":[{"width":1900,"height":1267,"url":"https:\/\/www.axeptabnpparibas.lu\/wp-content\/uploads\/sites\/2\/2022\/12\/GettyImages-652722160.jpg","type":"image\/jpeg"}],"twitter_card":"summary_large_image","twitter_misc":{"Dur\u00e9e de lecture estim\u00e9e":"1 minute"},"schema":{"@context":"https:\/\/schema.org","@graph":[{"@type":"WebPage","@id":"https:\/\/www.axeptabnpparibas.lu\/buy-a-payment-terminal\/","url":"https:\/\/www.axeptabnpparibas.lu\/buy-a-payment-terminal\/","name":"Acheter un terminal de paiement - Axepta BNP Paribas Benelux","isPartOf":{"@id":"https:\/\/www.axeptabnpparibas.lu\/#website"},"primaryImageOfPage":{"@id":"https:\/\/www.axeptabnpparibas.lu\/buy-a-payment-terminal\/#primaryimage"},"image":{"@id":"https:\/\/www.axeptabnpparibas.lu\/buy-a-payment-terminal\/#primaryimage"},"thumbnailUrl":"\/wp-content\/uploads\/sites\/2\/2022\/12\/GettyImages-652722160.jpg","datePublished":"2023-07-24T10:17:51+00:00","dateModified":"2023-08-14T12:08:03+00:00","description":"Avec nos terminaux de paiement, nous vous aidons \u00e0 accepter les paiements par carte et \u00e0 propulser votre entreprise vers de nouveaux sommets.","breadcrumb":{"@id":"https:\/\/www.axeptabnpparibas.lu\/buy-a-payment-terminal\/#breadcrumb"},"inLanguage":"fr-FR","potentialAction":[{"@type":"ReadAction","target":["https:\/\/www.axeptabnpparibas.lu\/buy-a-payment-terminal\/"]}]},{"@type":"ImageObject","inLanguage":"fr-FR","@id":"https:\/\/www.axeptabnpparibas.lu\/buy-a-payment-terminal\/#primaryimage","url":"\/wp-content\/uploads\/sites\/2\/2022\/12\/GettyImages-652722160.jpg","contentUrl":"\/wp-content\/uploads\/sites\/2\/2022\/12\/GettyImages-652722160.jpg","width":1900,"height":1267},{"@type":"BreadcrumbList","@id":"https:\/\/www.axeptabnpparibas.lu\/buy-a-payment-terminal\/#breadcrumb","itemListElement":[{"@type":"ListItem","position":1,"name":"Home","item":"https:\/\/www.axeptabnpparibas.lu\/fr\/"},{"@type":"ListItem","position":2,"name":"Acheter un terminal de paiement"}]},{"@type":"WebSite","@id":"https:\/\/www.axeptabnpparibas.lu\/#website","url":"https:\/\/www.axeptabnpparibas.lu\/","name":"Axepta BNP Paribas Benelux","description":"","publisher":{"@id":"https:\/\/www.axeptabnpparibas.lu\/#organization"},"potentialAction":[{"@type":"SearchAction","target":{"@type":"EntryPoint","urlTemplate":"https:\/\/www.axeptabnpparibas.lu\/?s={search_term_string}"},"query-input":{"@type":"PropertyValueSpecification","valueRequired":true,"valueName":"search_term_string"}}],"inLanguage":"fr-FR"},{"@type":"Organization","@id":"https:\/\/www.axeptabnpparibas.lu\/#organization","name":"Axepta BNP Paribas Benelux","url":"https:\/\/www.axeptabnpparibas.lu\/","logo":{"@type":"ImageObject","inLanguage":"fr-FR","@id":"https:\/\/www.axeptabnpparibas.lu\/#\/schema\/logo\/image\/","url":"\/wp-content\/uploads\/sites\/2\/2020\/03\/Logo-BNP.svg","contentUrl":"\/wp-content\/uploads\/sites\/2\/2020\/03\/Logo-BNP.svg","caption":"Axepta BNP Paribas Benelux"},"image":{"@id":"https:\/\/www.axeptabnpparibas.lu\/#\/schema\/logo\/image\/"}}]}},"_links":{"self":[{"href":"https:\/\/www.axeptabnpparibas.lu\/fr\/wp-json\/wp\/v2\/pages\/16461","targetHints":{"allow":["GET"]}}],"collection":[{"href":"https:\/\/www.axeptabnpparibas.lu\/fr\/wp-json\/wp\/v2\/pages"}],"about":[{"href":"https:\/\/www.axeptabnpparibas.lu\/fr\/wp-json\/wp\/v2\/types\/page"}],"author":[{"embeddable":true,"href":"https:\/\/www.axeptabnpparibas.lu\/fr\/wp-json\/wp\/v2\/users\/17"}],"replies":[{"embeddable":true,"href":"https:\/\/www.axeptabnpparibas.lu\/fr\/wp-json\/wp\/v2\/comments?post=16461"}],"version-history":[{"count":7,"href":"https:\/\/www.axeptabnpparibas.lu\/fr\/wp-json\/wp\/v2\/pages\/16461\/revisions"}],"predecessor-version":[{"id":16484,"href":"https:\/\/www.axeptabnpparibas.lu\/fr\/wp-json\/wp\/v2\/pages\/16461\/revisions\/16484"}],"wp:featuredmedia":[{"embeddable":true,"href":"https:\/\/www.axeptabnpparibas.lu\/fr\/wp-json\/wp\/v2\/media\/13818"}],"wp:attachment":[{"href":"https:\/\/www.axeptabnpparibas.lu\/fr\/wp-json\/wp\/v2\/media?parent=16461"}],"curies":[{"name":"wp","href":"https:\/\/api.w.org\/{rel}","templated":true}]}}