{"id":14921,"date":"2023-05-08T14:52:08","date_gmt":"2023-05-08T12:52:08","guid":{"rendered":"https:\/\/www.axepta.be\/positive\/"},"modified":"2024-02-28T16:23:17","modified_gmt":"2024-02-28T15:23:17","slug":"positive","status":"publish","type":"page","link":"https:\/\/www.axeptabnpparibas.lu\/fr\/positive\/","title":{"rendered":"Satisfaction &#8211; Positive"},"content":{"rendered":"\n<div class=\"wp-block-cover is-light\"><span aria-hidden=\"true\" class=\"wp-block-cover__background has-background-dim\"><\/span><img loading=\"lazy\" decoding=\"async\" width=\"1920\" height=\"1080\" class=\"wp-block-cover__image-background wp-image-13999\" alt=\"\" src=\"https:\/\/axeptabnpparibas.lu\/wp-content\/uploads\/sites\/2\/2023\/01\/Untitled-design.png\" data-object-fit=\"cover\" srcset=\"\/wp-content\/uploads\/sites\/2\/2023\/01\/Untitled-design.png 1920w, \/wp-content\/uploads\/sites\/2\/2023\/01\/Untitled-design-300x169.png 300w, \/wp-content\/uploads\/sites\/2\/2023\/01\/Untitled-design-1024x576.png 1024w, \/wp-content\/uploads\/sites\/2\/2023\/01\/Untitled-design-768x432.png 768w, \/wp-content\/uploads\/sites\/2\/2023\/01\/Untitled-design-1536x864.png 1536w, \/wp-content\/uploads\/sites\/2\/2023\/01\/Untitled-design-62x35.png 62w, \/wp-content\/uploads\/sites\/2\/2023\/01\/Untitled-design-475x267.png 475w\" sizes=\"auto, (max-width: 1920px) 100vw, 1920px\" \/><div class=\"wp-block-cover__inner-container is-layout-flow wp-block-cover-is-layout-flow\">\n<h2 class=\"wp-block-heading has-text-align-center has-white-bnp-color has-text-color\">Merci pour les commentaires positifs&nbsp;!<\/h2>\n\n\n\n<div class=\"wp-block-columns is-layout-flex wp-container-core-columns-is-layout-9d6595d7 wp-block-columns-is-layout-flex\">\n<div class=\"wp-block-column is-layout-flow wp-block-column-is-layout-flow\" style=\"flex-basis:25%\">\n<div style=\"height:47px\" aria-hidden=\"true\" class=\"wp-block-spacer\"><\/div>\n<\/div>\n\n\n\n<div class=\"wp-block-column is-layout-flow wp-block-column-is-layout-flow\" style=\"flex-basis:50%\">\n<p class=\"has-text-align-center has-text-color\" style=\"color:#eaeaea\">Vous pouvez nous soutenir en laissant un avis positif sur Google<\/p>\n\n\n\n<div style=\"height:48px\" aria-hidden=\"true\" class=\"wp-block-spacer\"><\/div>\n\n\n\n<div class=\"wp-block-buttons alignwide is-content-justification-center is-layout-flex wp-container-core-buttons-is-layout-16018d1d wp-block-buttons-is-layout-flex\">\n<div class=\"wp-block-button\"><a class=\"wp-block-button__link wp-element-button\" href=\"https:\/\/g.page\/r\/CQ7MrU5PVIxCEBM\/review\" target=\"_blank\" rel=\"noreferrer noopener\">Donnez-nous un avis!<\/a><\/div>\n<\/div>\n<\/div>\n\n\n\n<div class=\"wp-block-column is-layout-flow wp-block-column-is-layout-flow\" style=\"flex-basis:25%\"><\/div>\n<\/div>\n<\/div><\/div>\n\n\n\r\n<div id=\"numbers-results-block_578610970a69fbafd8b3106c1c1b9c33\" class=\"block-numbers-results  \">\r\n  <div class=\"container\">\r\n    <div class=\"block-header\">\r\n              <span class=\"title-category\">Pourquoi Axepta BNP Paribas?<\/span>\r\n      \r\n              <h2 class=\"title\">Axepta. Des paiements faciles.<\/h2>\r\n                  \r\n          <\/div>\r\n\r\n    \r\n    <div class=\"home-numbers-container\">\r\n        \r\n        \r\n        <div class=\"home-number\">\r\n                    <div class=\"home-number-flex\">\r\n            <div class=\"home-number-visual\">\r\n                          <img loading=\"lazy\" decoding=\"async\" width=\"171\" height=\"219\" src=\"\/wp-content\/uploads\/sites\/2\/2020\/09\/24.png\" class=\"attachment-full size-full\" alt=\"Easy onboarding\" srcset=\"\/wp-content\/uploads\/sites\/2\/2020\/09\/24.png 171w, \/wp-content\/uploads\/sites\/2\/2020\/09\/24-27x35.png 27w\" sizes=\"auto, (max-width: 171px) 100vw, 171px\" \/>                        <\/div>\r\n            <div class=\"home-number-content\">\r\n                                          <h3 class=\"title\">Easy onboarding<\/h3>\r\n                                          <div class=\"abstract\">Nos produits sont faciles \u00e0 int\u00e9grer \u00e0 vos solutions existantes. Nous proposons des tarifs simples et transparents, sans co\u00fbts cach\u00e9s.<\/div>\r\n                          <\/div>\r\n          <\/div>\r\n        <\/div>\r\n\r\n        \r\n        \r\n        <div class=\"home-number\">\r\n                    <div class=\"home-number-flex\">\r\n            <div class=\"home-number-visual\">\r\n                          <img loading=\"lazy\" decoding=\"async\" width=\"192\" height=\"199\" src=\"\/wp-content\/uploads\/sites\/2\/2020\/09\/23.png\" class=\"attachment-full size-full\" alt=\"Easy Reporting\" srcset=\"\/wp-content\/uploads\/sites\/2\/2020\/09\/23.png 192w, \/wp-content\/uploads\/sites\/2\/2020\/09\/23-34x35.png 34w\" sizes=\"auto, (max-width: 192px) 100vw, 192px\" \/>                        <\/div>\r\n            <div class=\"home-number-content\">\r\n                                          <h3 class=\"title\">Easy reporting<\/h3>\r\n                                          <div class=\"abstract\">Vous recevez quotidiennement un aper\u00e7u clair de toutes vos transactions par e-mail et via notre plateforme en ligne myPortal. Cet aper\u00e7u vous permet d\u2019acqu\u00e9rir de nouvelles perspectives sur votre activit\u00e9.<\/div>\r\n                          <\/div>\r\n          <\/div>\r\n        <\/div>\r\n\r\n        \r\n        \r\n        <div class=\"home-number\">\r\n                    <div class=\"home-number-flex\">\r\n            <div class=\"home-number-visual\">\r\n                          <img loading=\"lazy\" decoding=\"async\" width=\"217\" height=\"236\" src=\"\/wp-content\/uploads\/sites\/2\/2020\/09\/33-1.png\" class=\"attachment-full size-full\" alt=\"\" srcset=\"\/wp-content\/uploads\/sites\/2\/2020\/09\/33-1.png 217w, \/wp-content\/uploads\/sites\/2\/2020\/09\/33-1-32x35.png 32w\" sizes=\"auto, (max-width: 217px) 100vw, 217px\" \/>                        <\/div>\r\n            <div class=\"home-number-content\">\r\n                                          <h3 class=\"title\">Easy guidance<\/h3>\r\n                                          <div class=\"abstract\">Le monde des paiements est complexe. C\u2019est pourquoi nous sommes toujours pr\u00eats \u00e0 vous fournir des conseils clairs, adapt\u00e9s \u00e0 votre activit\u00e9 d\u2019aujourd\u2019hui et de demain.<\/div>\r\n                          <\/div>\r\n          <\/div>\r\n        <\/div>\r\n\r\n        \r\n        \r\n        <div class=\"home-number\">\r\n                    <div class=\"home-number-flex\">\r\n            <div class=\"home-number-visual\">\r\n                          <img loading=\"lazy\" decoding=\"async\" width=\"800\" height=\"800\" src=\"\/wp-content\/uploads\/sites\/2\/2021\/01\/image_9-2.png\" class=\"attachment-full size-full\" alt=\"\" srcset=\"\/wp-content\/uploads\/sites\/2\/2021\/01\/image_9-2.png 800w, \/wp-content\/uploads\/sites\/2\/2021\/01\/image_9-2-300x300.png 300w, \/wp-content\/uploads\/sites\/2\/2021\/01\/image_9-2-150x150.png 150w, \/wp-content\/uploads\/sites\/2\/2021\/01\/image_9-2-768x768.png 768w, \/wp-content\/uploads\/sites\/2\/2021\/01\/image_9-2-35x35.png 35w, \/wp-content\/uploads\/sites\/2\/2021\/01\/image_9-2-475x475.png 475w\" sizes=\"auto, (max-width: 800px) 100vw, 800px\" \/>                        <\/div>\r\n            <div class=\"home-number-content\">\r\n                                          <h3 class=\"title\">Easy access<\/h3>\r\n                                          <div class=\"abstract\">Notre service d\u2019assistance est disponible 7 jours sur 7, pr\u00eat \u00e0 vous fournir les r\u00e9ponses \u00e0 toutes vos questions.<\/div>\r\n                          <\/div>\r\n          <\/div>\r\n        <\/div>\r\n\r\n            <\/div>\r\n    \r\n    \r\n  <\/div>\r\n<\/div>\n\n\n<div class=\"wp-block-getwid-content-slider has-arrows-inside has-dots-inside\" data-autoplay=\"true\" data-autoplay-speed=\"3500\" data-animation-speed=\"1000\" data-infinite=\"true\" data-pause-hover=\"true\"><div class=\"wp-block-getwid-content-slider__wrapper\">\n<div class=\"wp-block-getwid-content-slider-slide\"><div class=\"wp-block-getwid-content-slider-slide__wrapper\">\n\t\n\t\t<div class=\"featured-post  \">\n\t\t\t<div class=\"container\">\n\t\t\t\t<article id=\"post-12076\" class=\"post-12076 post type-post status-publish format-standard has-post-thumbnail hentry category-avis-dexperts\">\n\n\t\t\t\t\t<div class=\"row\">\n\n\t\t\t\t\t\t<div class=\"col-12 col-md-6 order-2 order-md-1\">\n\t\t\t\t\t\t\t<div class=\"post__meta\">\n\t\t\t\t\t\t\t\t<a href=\"https:\/\/www.axeptabnpparibas.lu\/fr\/blog\/category\/avis-dexperts\/\" rel=\"category tag\">Avis d&rsquo;experts<\/a>\t\t\t\t\t\t\t<\/div><!-- .entry-meta -->\n\n\t\t\t\t\t\t\t<h3 class=\"post__title\">\n\t\t\t\t\t\t\t\t<a href=\"https:\/\/www.axeptabnpparibas.lu\/fr\/blog\/2022\/09\/21\/avantages\/\" title=\"Aper\u00e7u de vos avantages\" rel=\"bookmark\">\n\t\t\t\t\t\t\t\t\tAper\u00e7u de vos avantages\t\t\t\t\t\t\t\t<\/a>\n\t\t\t\t\t\t\t<\/h3>\n\n\t\t\t\t\t\t\t<div class=\"post__excerpt\">\n\t\t\t\t\t\t\t\t<p>Vous cherchez une solution pour l\u2019acceptation de paiements par carte dans votre commerce ? Dans un monde o\u00f9 les choix sont nombreux, il peut s\u2019av\u00e9rer difficile d\u2019\u00e9lire le bon partenaire de paiement parmi une multitude de fournisseurs de produits quelque peu similaires. Ce qui vous importe au final, c&rsquo;est tout simplement d&rsquo;\u00eatre pay\u00e9 de mani\u00e8re [&hellip;]<\/p>\n\t\t\t\t\t\t\t<\/div>\n\n\t\t\t\t\t\t\t<a href=\"https:\/\/www.axeptabnpparibas.lu\/fr\/blog\/2022\/09\/21\/avantages\/\" title=\"Aper\u00e7u de vos avantages\" class=\"more-link btn btn-sm btn-primary\">\n\t\t\t\t\t\t\t\tRead more\t\t\t\t\t\t\t\t<span class=\"screen-reader-text sr-only\">\u00ab\u00a0Aper\u00e7u de vos avantages\u00a0\u00bb<\/span>\n\t\t\t\t\t\t\t<\/a>\n\t\t\t\t\t\t<\/div>\n\n\t\t\t\t\t\t<div class=\"col-12 col-md-6 order-1 order-md-2\">\n\t\t\t\t\t\t\t\t\t\t\t\t\t\t\t<a href=\"https:\/\/www.axeptabnpparibas.lu\/fr\/blog\/2022\/09\/21\/avantages\/\" class=\"post-thumbnail mb-md-0 mb-4\"\n\t\t\t\t\t\t\t\t   title=\"Aper\u00e7u de vos avantages\" rel=\"bookmark\">\n\t\t\t\t\t\t\t\t\t<img loading=\"lazy\" decoding=\"async\" width=\"1642\" height=\"1095\" src=\"\/wp-content\/uploads\/sites\/2\/2022\/09\/visual.jpg\" class=\"attachment-full size-full wp-post-image\" alt=\"\" srcset=\"\/wp-content\/uploads\/sites\/2\/2022\/09\/visual.jpg 1642w, \/wp-content\/uploads\/sites\/2\/2022\/09\/visual-300x200.jpg 300w, \/wp-content\/uploads\/sites\/2\/2022\/09\/visual-1024x683.jpg 1024w, \/wp-content\/uploads\/sites\/2\/2022\/09\/visual-768x512.jpg 768w, \/wp-content\/uploads\/sites\/2\/2022\/09\/visual-1536x1024.jpg 1536w, \/wp-content\/uploads\/sites\/2\/2022\/09\/visual-52x35.jpg 52w, \/wp-content\/uploads\/sites\/2\/2022\/09\/visual-475x316.jpg 475w\" sizes=\"auto, (max-width: 1642px) 100vw, 1642px\" \/>\t\t\t\t\t\t\t\t<\/a>\n\t\t\t\t\t\t\t\t\t\t\t\t\t<\/div>\n\n\t\t\t\t\t<\/div>\n\n\t\t\t\t<\/article><!-- #post-## -->\n\n\t\t\t<\/div>\n\t\t<\/div>\n\n\t\n<\/div><\/div>\n\n\n\n<div class=\"wp-block-getwid-content-slider-slide\"><div class=\"wp-block-getwid-content-slider-slide__wrapper\">\n\t\n\t\t<div class=\"featured-post  \">\n\t\t\t<div class=\"container\">\n\t\t\t\t<article id=\"post-11270\" class=\"post-11270 post type-post status-publish format-standard has-post-thumbnail hentry category-avis-dexperts\">\n\n\t\t\t\t\t<div class=\"row\">\n\n\t\t\t\t\t\t<div class=\"col-12 col-md-6 order-2 order-md-1\">\n\t\t\t\t\t\t\t<div class=\"post__meta\">\n\t\t\t\t\t\t\t\t<a href=\"https:\/\/www.axeptabnpparibas.lu\/fr\/blog\/category\/avis-dexperts\/\" rel=\"category tag\">Avis d&rsquo;experts<\/a>\t\t\t\t\t\t\t<\/div><!-- .entry-meta -->\n\n\t\t\t\t\t\t\t<h3 class=\"post__title\">\n\t\t\t\t\t\t\t\t<a href=\"https:\/\/www.axeptabnpparibas.lu\/fr\/blog\/2022\/08\/17\/traitement-des-transactions\/\" title=\"Tout ce que vous devez savoir sur le traitement des transactions\" rel=\"bookmark\">\n\t\t\t\t\t\t\t\t\tTout ce que vous devez savoir sur le traitement des transactions\t\t\t\t\t\t\t\t<\/a>\n\t\t\t\t\t\t\t<\/h3>\n\n\t\t\t\t\t\t\t<div class=\"post__excerpt\">\n\t\t\t\t\t\t\t\t<p>Le nombre de transactions \u00e9lectroniques augmente consid\u00e9rablement chaque ann\u00e9e. Par rapport \u00e0 l\u2019ann\u00e9e derri\u00e8re, Axepta BNP Paribas a enregistr\u00e9 un accroissement de son nombre de transactions de pr\u00e8s de 35% au premier semestre 2022. Cela s\u2019explique par les avantages qu&rsquo;offrent les paiements \u00e9lectroniques : ils sont faciles, rapides, s\u00e9curis\u00e9s et financi\u00e8rement plus avantageux que les [&hellip;]<\/p>\n\t\t\t\t\t\t\t<\/div>\n\n\t\t\t\t\t\t\t<a href=\"https:\/\/www.axeptabnpparibas.lu\/fr\/blog\/2022\/08\/17\/traitement-des-transactions\/\" title=\"Tout ce que vous devez savoir sur le traitement des transactions\" class=\"more-link btn btn-sm btn-primary\">\n\t\t\t\t\t\t\t\tRead more\t\t\t\t\t\t\t\t<span class=\"screen-reader-text sr-only\">\u00ab\u00a0Tout ce que vous devez savoir sur le traitement des transactions\u00a0\u00bb<\/span>\n\t\t\t\t\t\t\t<\/a>\n\t\t\t\t\t\t<\/div>\n\n\t\t\t\t\t\t<div class=\"col-12 col-md-6 order-1 order-md-2\">\n\t\t\t\t\t\t\t\t\t\t\t\t\t\t\t<a href=\"https:\/\/www.axeptabnpparibas.lu\/fr\/blog\/2022\/08\/17\/traitement-des-transactions\/\" class=\"post-thumbnail mb-md-0 mb-4\"\n\t\t\t\t\t\t\t\t   title=\"Tout ce que vous devez savoir sur le traitement des transactions\" rel=\"bookmark\">\n\t\t\t\t\t\t\t\t\t<img loading=\"lazy\" decoding=\"async\" width=\"2725\" height=\"1517\" src=\"\/wp-content\/uploads\/sites\/2\/2022\/08\/Acquiring.png\" class=\"attachment-full size-full wp-post-image\" alt=\"\" srcset=\"\/wp-content\/uploads\/sites\/2\/2022\/08\/Acquiring.png 2725w, \/wp-content\/uploads\/sites\/2\/2022\/08\/Acquiring-300x167.png 300w, \/wp-content\/uploads\/sites\/2\/2022\/08\/Acquiring-1024x570.png 1024w, \/wp-content\/uploads\/sites\/2\/2022\/08\/Acquiring-768x428.png 768w, \/wp-content\/uploads\/sites\/2\/2022\/08\/Acquiring-1536x855.png 1536w, \/wp-content\/uploads\/sites\/2\/2022\/08\/Acquiring-2048x1140.png 2048w, \/wp-content\/uploads\/sites\/2\/2022\/08\/Acquiring-63x35.png 63w, \/wp-content\/uploads\/sites\/2\/2022\/08\/Acquiring-475x264.png 475w\" sizes=\"auto, (max-width: 2725px) 100vw, 2725px\" \/>\t\t\t\t\t\t\t\t<\/a>\n\t\t\t\t\t\t\t\t\t\t\t\t\t<\/div>\n\n\t\t\t\t\t<\/div>\n\n\t\t\t\t<\/article><!-- #post-## -->\n\n\t\t\t<\/div>\n\t\t<\/div>\n\n\t\n<\/div><\/div>\n\n\n\n<div class=\"wp-block-getwid-content-slider-slide\"><div class=\"wp-block-getwid-content-slider-slide__wrapper\">\n\t\n\t\t<div class=\"featured-post  \">\n\t\t\t<div class=\"container\">\n\t\t\t\t<article id=\"post-12426\" class=\"post-12426 post type-post status-publish format-standard has-post-thumbnail hentry category-avis-dexperts\">\n\n\t\t\t\t\t<div class=\"row\">\n\n\t\t\t\t\t\t<div class=\"col-12 col-md-6 order-2 order-md-1\">\n\t\t\t\t\t\t\t<div class=\"post__meta\">\n\t\t\t\t\t\t\t\t<a href=\"https:\/\/www.axeptabnpparibas.lu\/fr\/blog\/category\/avis-dexperts\/\" rel=\"category tag\">Avis d&rsquo;experts<\/a>\t\t\t\t\t\t\t<\/div><!-- .entry-meta -->\n\n\t\t\t\t\t\t\t<h3 class=\"post__title\">\n\t\t\t\t\t\t\t\t<a href=\"https:\/\/www.axeptabnpparibas.lu\/fr\/blog\/2022\/10\/18\/chargeback-conseils-et-astuces-pratiques\/\" title=\"Chargeback\u00a0: conseils et astuces pratiques\" rel=\"bookmark\">\n\t\t\t\t\t\t\t\t\tChargeback\u00a0: conseils et astuces pratiques\t\t\t\t\t\t\t\t<\/a>\n\t\t\t\t\t\t\t<\/h3>\n\n\t\t\t\t\t\t\t<div class=\"post__excerpt\">\n\t\t\t\t\t\t\t\t<p>En tant que commer\u00e7ant, vous avez peut-\u00eatre d\u00e9j\u00e0 \u00e9t\u00e9 confront\u00e9 \u00e0 une demande de chargeback d\u2019un client. Cette possibilit\u00e9 de r\u00e9voquer un paiement constitue un moyen de recours tr\u00e8s utile pour les consommateurs, visant \u00e0 les prot\u00e9ger contre toute utilisation abusive et non autoris\u00e9e de leur carte bancaire. N\u00e9anmoins, lorsque l\u2019opposition est accord\u00e9e cela a [&hellip;]<\/p>\n\t\t\t\t\t\t\t<\/div>\n\n\t\t\t\t\t\t\t<a href=\"https:\/\/www.axeptabnpparibas.lu\/fr\/blog\/2022\/10\/18\/chargeback-conseils-et-astuces-pratiques\/\" title=\"Chargeback\u00a0: conseils et astuces pratiques\" class=\"more-link btn btn-sm btn-primary\">\n\t\t\t\t\t\t\t\tRead more\t\t\t\t\t\t\t\t<span class=\"screen-reader-text sr-only\">\u00ab\u00a0Chargeback\u00a0: conseils et astuces pratiques\u00a0\u00bb<\/span>\n\t\t\t\t\t\t\t<\/a>\n\t\t\t\t\t\t<\/div>\n\n\t\t\t\t\t\t<div class=\"col-12 col-md-6 order-1 order-md-2\">\n\t\t\t\t\t\t\t\t\t\t\t\t\t\t\t<a href=\"https:\/\/www.axeptabnpparibas.lu\/fr\/blog\/2022\/10\/18\/chargeback-conseils-et-astuces-pratiques\/\" class=\"post-thumbnail mb-md-0 mb-4\"\n\t\t\t\t\t\t\t\t   title=\"Chargeback\u00a0: conseils et astuces pratiques\" rel=\"bookmark\">\n\t\t\t\t\t\t\t\t\t<img loading=\"lazy\" decoding=\"async\" width=\"2852\" height=\"1720\" src=\"\/wp-content\/uploads\/sites\/2\/2022\/10\/chargeback.png\" class=\"attachment-full size-full wp-post-image\" alt=\"\" srcset=\"\/wp-content\/uploads\/sites\/2\/2022\/10\/chargeback.png 2852w, \/wp-content\/uploads\/sites\/2\/2022\/10\/chargeback-300x181.png 300w, \/wp-content\/uploads\/sites\/2\/2022\/10\/chargeback-1024x618.png 1024w, \/wp-content\/uploads\/sites\/2\/2022\/10\/chargeback-768x463.png 768w, \/wp-content\/uploads\/sites\/2\/2022\/10\/chargeback-1536x926.png 1536w, \/wp-content\/uploads\/sites\/2\/2022\/10\/chargeback-2048x1235.png 2048w, \/wp-content\/uploads\/sites\/2\/2022\/10\/chargeback-58x35.png 58w, \/wp-content\/uploads\/sites\/2\/2022\/10\/chargeback-475x286.png 475w\" sizes=\"auto, (max-width: 2852px) 100vw, 2852px\" \/>\t\t\t\t\t\t\t\t<\/a>\n\t\t\t\t\t\t\t\t\t\t\t\t\t<\/div>\n\n\t\t\t\t\t<\/div>\n\n\t\t\t\t<\/article><!-- #post-## -->\n\n\t\t\t<\/div>\n\t\t<\/div>\n\n\t\n<\/div><\/div>\n<\/div><\/div>\n","protected":false},"excerpt":{"rendered":"","protected":false},"author":17,"featured_media":0,"parent":0,"menu_order":0,"comment_status":"closed","ping_status":"closed","template":"","meta":{"_acf_changed":false,"footnotes":""},"class_list":["post-14921","page","type-page","status-publish","hentry"],"acf":[],"yoast_head":"<!-- This site is optimized with the Yoast SEO plugin v27.3 - https:\/\/yoast.com\/product\/yoast-seo-wordpress\/ -->\n<title>Satisfaction - Positive - Axepta BNP Paribas Benelux<\/title>\n<meta name=\"robots\" content=\"index, follow, max-snippet:-1, max-image-preview:large, max-video-preview:-1\" \/>\n<link rel=\"canonical\" href=\"https:\/\/www.axeptabnpparibas.lu\/positive\/\" \/>\n<meta property=\"og:locale\" content=\"fr_FR\" \/>\n<meta property=\"og:type\" content=\"article\" \/>\n<meta property=\"og:title\" content=\"Satisfaction - Positive - Axepta BNP Paribas Benelux\" \/>\n<meta property=\"og:url\" content=\"https:\/\/www.axeptabnpparibas.lu\/positive\/\" \/>\n<meta property=\"og:site_name\" content=\"Axepta BNP Paribas Benelux\" \/>\n<meta property=\"article:modified_time\" content=\"2024-02-28T15:23:17+00:00\" \/>\n<meta property=\"og:image\" content=\"https:\/\/axeptabnpparibas.lu\/wp-content\/uploads\/sites\/2\/2023\/01\/Untitled-design.png\" \/>\n<meta name=\"twitter:card\" content=\"summary_large_image\" \/>\n<meta name=\"twitter:label1\" content=\"Dur\u00e9e de lecture estim\u00e9e\" \/>\n\t<meta name=\"twitter:data1\" content=\"1 minute\" \/>\n<script type=\"application\/ld+json\" class=\"yoast-schema-graph\">{\"@context\":\"https:\\\/\\\/schema.org\",\"@graph\":[{\"@type\":\"WebPage\",\"@id\":\"https:\\\/\\\/www.axeptabnpparibas.lu\\\/positive\\\/\",\"url\":\"https:\\\/\\\/www.axeptabnpparibas.lu\\\/positive\\\/\",\"name\":\"Satisfaction - Positive - Axepta BNP Paribas Benelux\",\"isPartOf\":{\"@id\":\"https:\\\/\\\/www.axeptabnpparibas.lu\\\/#website\"},\"primaryImageOfPage\":{\"@id\":\"https:\\\/\\\/www.axeptabnpparibas.lu\\\/positive\\\/#primaryimage\"},\"image\":{\"@id\":\"https:\\\/\\\/www.axeptabnpparibas.lu\\\/positive\\\/#primaryimage\"},\"thumbnailUrl\":\"https:\\\/\\\/axeptabnpparibas.lu\\\/wp-content\\\/uploads\\\/sites\\\/2\\\/2023\\\/01\\\/Untitled-design.png\",\"datePublished\":\"2023-05-08T12:52:08+00:00\",\"dateModified\":\"2024-02-28T15:23:17+00:00\",\"breadcrumb\":{\"@id\":\"https:\\\/\\\/www.axeptabnpparibas.lu\\\/positive\\\/#breadcrumb\"},\"inLanguage\":\"fr-FR\",\"potentialAction\":[{\"@type\":\"ReadAction\",\"target\":[\"https:\\\/\\\/www.axeptabnpparibas.lu\\\/positive\\\/\"]}]},{\"@type\":\"ImageObject\",\"inLanguage\":\"fr-FR\",\"@id\":\"https:\\\/\\\/www.axeptabnpparibas.lu\\\/positive\\\/#primaryimage\",\"url\":\"https:\\\/\\\/axeptabnpparibas.lu\\\/wp-content\\\/uploads\\\/sites\\\/2\\\/2023\\\/01\\\/Untitled-design.png\",\"contentUrl\":\"https:\\\/\\\/axeptabnpparibas.lu\\\/wp-content\\\/uploads\\\/sites\\\/2\\\/2023\\\/01\\\/Untitled-design.png\"},{\"@type\":\"BreadcrumbList\",\"@id\":\"https:\\\/\\\/www.axeptabnpparibas.lu\\\/positive\\\/#breadcrumb\",\"itemListElement\":[{\"@type\":\"ListItem\",\"position\":1,\"name\":\"Home\",\"item\":\"https:\\\/\\\/www.axeptabnpparibas.lu\\\/fr\\\/\"},{\"@type\":\"ListItem\",\"position\":2,\"name\":\"Satisfaction &#8211; Positive\"}]},{\"@type\":\"WebSite\",\"@id\":\"https:\\\/\\\/www.axeptabnpparibas.lu\\\/#website\",\"url\":\"https:\\\/\\\/www.axeptabnpparibas.lu\\\/\",\"name\":\"Axepta BNP Paribas Benelux\",\"description\":\"\",\"publisher\":{\"@id\":\"https:\\\/\\\/www.axeptabnpparibas.lu\\\/#organization\"},\"potentialAction\":[{\"@type\":\"SearchAction\",\"target\":{\"@type\":\"EntryPoint\",\"urlTemplate\":\"https:\\\/\\\/www.axeptabnpparibas.lu\\\/?s={search_term_string}\"},\"query-input\":{\"@type\":\"PropertyValueSpecification\",\"valueRequired\":true,\"valueName\":\"search_term_string\"}}],\"inLanguage\":\"fr-FR\"},{\"@type\":\"Organization\",\"@id\":\"https:\\\/\\\/www.axeptabnpparibas.lu\\\/#organization\",\"name\":\"Axepta BNP Paribas Benelux\",\"url\":\"https:\\\/\\\/www.axeptabnpparibas.lu\\\/\",\"logo\":{\"@type\":\"ImageObject\",\"inLanguage\":\"fr-FR\",\"@id\":\"https:\\\/\\\/www.axeptabnpparibas.lu\\\/#\\\/schema\\\/logo\\\/image\\\/\",\"url\":\"\\\/wp-content\\\/uploads\\\/sites\\\/2\\\/2020\\\/03\\\/Logo-BNP.svg\",\"contentUrl\":\"\\\/wp-content\\\/uploads\\\/sites\\\/2\\\/2020\\\/03\\\/Logo-BNP.svg\",\"caption\":\"Axepta BNP Paribas Benelux\"},\"image\":{\"@id\":\"https:\\\/\\\/www.axeptabnpparibas.lu\\\/#\\\/schema\\\/logo\\\/image\\\/\"}}]}<\/script>\n<!-- \/ Yoast SEO plugin. -->","yoast_head_json":{"title":"Satisfaction - Positive - Axepta BNP Paribas Benelux","robots":{"index":"index","follow":"follow","max-snippet":"max-snippet:-1","max-image-preview":"max-image-preview:large","max-video-preview":"max-video-preview:-1"},"canonical":"https:\/\/www.axeptabnpparibas.lu\/positive\/","og_locale":"fr_FR","og_type":"article","og_title":"Satisfaction - Positive - Axepta BNP Paribas Benelux","og_url":"https:\/\/www.axeptabnpparibas.lu\/positive\/","og_site_name":"Axepta BNP Paribas Benelux","article_modified_time":"2024-02-28T15:23:17+00:00","og_image":[{"url":"https:\/\/axeptabnpparibas.lu\/wp-content\/uploads\/sites\/2\/2023\/01\/Untitled-design.png","type":"","width":"","height":""}],"twitter_card":"summary_large_image","twitter_misc":{"Dur\u00e9e de lecture estim\u00e9e":"1 minute"},"schema":{"@context":"https:\/\/schema.org","@graph":[{"@type":"WebPage","@id":"https:\/\/www.axeptabnpparibas.lu\/positive\/","url":"https:\/\/www.axeptabnpparibas.lu\/positive\/","name":"Satisfaction - Positive - Axepta BNP Paribas Benelux","isPartOf":{"@id":"https:\/\/www.axeptabnpparibas.lu\/#website"},"primaryImageOfPage":{"@id":"https:\/\/www.axeptabnpparibas.lu\/positive\/#primaryimage"},"image":{"@id":"https:\/\/www.axeptabnpparibas.lu\/positive\/#primaryimage"},"thumbnailUrl":"https:\/\/axeptabnpparibas.lu\/wp-content\/uploads\/sites\/2\/2023\/01\/Untitled-design.png","datePublished":"2023-05-08T12:52:08+00:00","dateModified":"2024-02-28T15:23:17+00:00","breadcrumb":{"@id":"https:\/\/www.axeptabnpparibas.lu\/positive\/#breadcrumb"},"inLanguage":"fr-FR","potentialAction":[{"@type":"ReadAction","target":["https:\/\/www.axeptabnpparibas.lu\/positive\/"]}]},{"@type":"ImageObject","inLanguage":"fr-FR","@id":"https:\/\/www.axeptabnpparibas.lu\/positive\/#primaryimage","url":"https:\/\/axeptabnpparibas.lu\/wp-content\/uploads\/sites\/2\/2023\/01\/Untitled-design.png","contentUrl":"https:\/\/axeptabnpparibas.lu\/wp-content\/uploads\/sites\/2\/2023\/01\/Untitled-design.png"},{"@type":"BreadcrumbList","@id":"https:\/\/www.axeptabnpparibas.lu\/positive\/#breadcrumb","itemListElement":[{"@type":"ListItem","position":1,"name":"Home","item":"https:\/\/www.axeptabnpparibas.lu\/fr\/"},{"@type":"ListItem","position":2,"name":"Satisfaction &#8211; Positive"}]},{"@type":"WebSite","@id":"https:\/\/www.axeptabnpparibas.lu\/#website","url":"https:\/\/www.axeptabnpparibas.lu\/","name":"Axepta BNP Paribas Benelux","description":"","publisher":{"@id":"https:\/\/www.axeptabnpparibas.lu\/#organization"},"potentialAction":[{"@type":"SearchAction","target":{"@type":"EntryPoint","urlTemplate":"https:\/\/www.axeptabnpparibas.lu\/?s={search_term_string}"},"query-input":{"@type":"PropertyValueSpecification","valueRequired":true,"valueName":"search_term_string"}}],"inLanguage":"fr-FR"},{"@type":"Organization","@id":"https:\/\/www.axeptabnpparibas.lu\/#organization","name":"Axepta BNP Paribas Benelux","url":"https:\/\/www.axeptabnpparibas.lu\/","logo":{"@type":"ImageObject","inLanguage":"fr-FR","@id":"https:\/\/www.axeptabnpparibas.lu\/#\/schema\/logo\/image\/","url":"\/wp-content\/uploads\/sites\/2\/2020\/03\/Logo-BNP.svg","contentUrl":"\/wp-content\/uploads\/sites\/2\/2020\/03\/Logo-BNP.svg","caption":"Axepta BNP Paribas Benelux"},"image":{"@id":"https:\/\/www.axeptabnpparibas.lu\/#\/schema\/logo\/image\/"}}]}},"_links":{"self":[{"href":"https:\/\/www.axeptabnpparibas.lu\/fr\/wp-json\/wp\/v2\/pages\/14921","targetHints":{"allow":["GET"]}}],"collection":[{"href":"https:\/\/www.axeptabnpparibas.lu\/fr\/wp-json\/wp\/v2\/pages"}],"about":[{"href":"https:\/\/www.axeptabnpparibas.lu\/fr\/wp-json\/wp\/v2\/types\/page"}],"author":[{"embeddable":true,"href":"https:\/\/www.axeptabnpparibas.lu\/fr\/wp-json\/wp\/v2\/users\/17"}],"replies":[{"embeddable":true,"href":"https:\/\/www.axeptabnpparibas.lu\/fr\/wp-json\/wp\/v2\/comments?post=14921"}],"version-history":[{"count":5,"href":"https:\/\/www.axeptabnpparibas.lu\/fr\/wp-json\/wp\/v2\/pages\/14921\/revisions"}],"predecessor-version":[{"id":16155,"href":"https:\/\/www.axeptabnpparibas.lu\/fr\/wp-json\/wp\/v2\/pages\/14921\/revisions\/16155"}],"wp:attachment":[{"href":"https:\/\/www.axeptabnpparibas.lu\/fr\/wp-json\/wp\/v2\/media?parent=14921"}],"curies":[{"name":"wp","href":"https:\/\/api.w.org\/{rel}","templated":true}]}}